{"id":244120,"date":"2025-03-20T14:52:42","date_gmt":"2025-03-20T14:52:42","guid":{"rendered":"https:\/\/aromasentia.com\/product\/10-ml-aniseed-china-star-star-anise\/"},"modified":"2025-06-23T19:22:22","modified_gmt":"2025-06-23T19:22:22","slug":"anis-etoile-huile-essentielle-10ml","status":"publish","type":"product","link":"https:\/\/aromasentia.com\/fr\/anis-etoile-huile-essentielle-10ml\/","title":{"rendered":"Anis \u00e9toil\u00e9 &#8211; Huile Essentielle 10ml"},"content":{"rendered":"<p><strong><span style=\"color: rgb(75, 80, 88);\">Nom latin<\/span><\/strong> : Illicium verum&nbsp;<\/p>\n<p><strong><span style=\"color: rgb(75, 80, 88);\">Partie de la plante utilis\u00e9e<\/span><\/strong> : Fruit&nbsp;<\/p>\n<p><strong><span style=\"color: rgb(75, 80, 88);\">Provenance<\/span><\/strong> : Chine&nbsp;<\/p>\n<p><strong><span style=\"color: rgb(75, 80, 88);\">M\u00e9thode d&rsquo;extraction<\/span><\/strong> : Distillation \u00e0 la vapeur&nbsp;<\/p>\n<p><strong><span style=\"color: rgb(75, 80, 88);\">L&rsquo;huile essentielle de graines d&rsquo;anis<\/span><\/strong> en gros est utilis\u00e9e pour les maux d&rsquo;estomac, les gaz intestinaux, le \u00ab\u00a0nez qui coule\u00a0\u00bb et comme expectorant pour augmenter la toux productive, comme diur\u00e9tique pour augmenter le d\u00e9bit urinaire et comme stimulant de l&rsquo;app\u00e9tit.&nbsp;<\/p>\n<p>Cette huile peut soulager les douleurs rhumatismales et arthritiques en stimulant la circulation sanguine et en r\u00e9duisant la sensation de douleur dans les zones touch\u00e9es. L&rsquo;huile essentielle d&rsquo;anis \u00e9toil\u00e9 de Chine poss\u00e8de \u00e9galement des propri\u00e9t\u00e9s antiseptiques, qui conf\u00e8rent aux plaies une couche protectrice efficace contre les infections et la septic\u00e9mie. Cela aide \u00e0 la cicatrisation plus rapide des plaies.&nbsp;<\/p>\n<p>L&rsquo;effet chauffant de cette huile sur les syst\u00e8mes respiratoire et circulatoire en fait un cordial. Cette propri\u00e9t\u00e9 aide \u00e0 lutter contre le froid, le d\u00e9p\u00f4t de mucosit\u00e9s et des probl\u00e8mes comme les rhumatismes et l&rsquo;arthrite.&nbsp;<\/p>\n<p>L&rsquo;Huile Essentielle d&rsquo;Anis est toxique pour les insectes et les petits animaux, son odeur \u00e9loigne donc les insectes. Pour cette raison, cette huile peut \u00eatre utilis\u00e9e pour chasser les insectes en l&rsquo;utilisant dans des fumigants, des vaporisateurs et des sprays.&nbsp;<\/p>\n<p><strong><span style=\"color: rgb(141, 186, 216);\">NB : Nos Huiles Essentielles ne conviennent pas \u00e0 un usage interne.<\/span><\/strong><\/p>\n","protected":false},"excerpt":{"rendered":"<p>Nom latin : Illicium verum&nbsp; Partie de la plante utilis\u00e9e : Fruit&nbsp; Provenance : Chine&nbsp; M\u00e9thode d&rsquo;extraction : Distillation \u00e0 la vapeur&nbsp; L&rsquo;huile essentielle de graines d&rsquo;anis en gros est utilis\u00e9e pour les maux d&rsquo;estomac, les gaz intestinaux, le \u00ab\u00a0nez qui coule\u00a0\u00bb et comme expectorant pour augmenter la toux productive, comme diur\u00e9tique pour augmenter le [&hellip;]<\/p>\n","protected":false},"featured_media":261810,"comment_status":"closed","ping_status":"open","template":"","meta":{"_angie_page":false},"product_brand":[27093],"product_cat":[26086,16450,26888,23646,25842],"product_tag":[],"class_list":{"0":"post-244120","1":"product","2":"type-product","3":"status-publish","4":"has-post-thumbnail","6":"product_brand-ancient-wisdom","7":"product_cat-anis-etoile-badiane-de-chine","8":"product_cat-aromatherapie-et-parfums-d-ambiance","9":"product_cat-epice","10":"product_cat-huiles-essentielles","11":"product_cat-senteurs-aromes","12":"pa_collection-aromatherapy-essential-oils-10ml-fr","13":"pa_made-in-chine","14":"pa_size-10ml","16":"first","17":"instock","18":"purchasable","19":"product-type-simple"},"supplier_id":null,"supplier_sku":"EO-60","barcode":null,"atum_controlled":true,"out_stock_date":null,"out_stock_threshold":null,"inheritable":false,"inbound_stock":null,"stock_on_hold":0,"sold_today":0,"sales_last_days":0,"reserved_stock":null,"customer_returns":null,"warehouse_damage":null,"lost_in_post":null,"other_logs":null,"out_stock_days":0,"lost_sales":0,"has_location":null,"update_date":"2026-05-08T05:07:22","atum_locations":[],"atum_stock_status":"instock","restock_status":false,"low_stock_amount":"","sales_update_date":"2025-09-03T00:27:50","calc_backorders":null,"_links":{"self":[{"href":"https:\/\/aromasentia.com\/fr\/wp-json\/wp\/v2\/product\/244120","targetHints":{"allow":["GET"]}}],"collection":[{"href":"https:\/\/aromasentia.com\/fr\/wp-json\/wp\/v2\/product"}],"about":[{"href":"https:\/\/aromasentia.com\/fr\/wp-json\/wp\/v2\/types\/product"}],"replies":[{"embeddable":true,"href":"https:\/\/aromasentia.com\/fr\/wp-json\/wp\/v2\/comments?post=244120"}],"version-history":[{"count":0,"href":"https:\/\/aromasentia.com\/fr\/wp-json\/wp\/v2\/product\/244120\/revisions"}],"wp:featuredmedia":[{"embeddable":true,"href":"https:\/\/aromasentia.com\/fr\/wp-json\/wp\/v2\/media\/261810"}],"wp:attachment":[{"href":"https:\/\/aromasentia.com\/fr\/wp-json\/wp\/v2\/media?parent=244120"}],"wp:term":[{"taxonomy":"product_brand","embeddable":true,"href":"https:\/\/aromasentia.com\/fr\/wp-json\/wp\/v2\/product_brand?post=244120"},{"taxonomy":"product_cat","embeddable":true,"href":"https:\/\/aromasentia.com\/fr\/wp-json\/wp\/v2\/product_cat?post=244120"},{"taxonomy":"product_tag","embeddable":true,"href":"https:\/\/aromasentia.com\/fr\/wp-json\/wp\/v2\/product_tag?post=244120"}],"curies":[{"name":"wp","href":"https:\/\/api.w.org\/{rel}","templated":true}]}}