{"id":244116,"date":"2025-03-20T14:52:42","date_gmt":"2025-03-20T14:52:42","guid":{"rendered":"https:\/\/aromasentia.com\/product\/10-ml-benzoin-essential-oil-dilute-dpg\/"},"modified":"2025-06-23T19:22:21","modified_gmt":"2025-06-23T19:22:21","slug":"benjoin-dilue-huile-essentielle-10ml","status":"publish","type":"product","link":"https:\/\/aromasentia.com\/fr\/benjoin-dilue-huile-essentielle-10ml\/","title":{"rendered":"Benjoin (Dilu\u00e9) &#8211; Huile Essentielle 10ml"},"content":{"rendered":"<p><strong><span style=\"color: rgb(75, 80, 88);\">Nom latin<\/span><\/strong> : Styrax Benjoin&nbsp;<\/p>\n<p><strong><span style=\"color: rgb(75, 80, 88);\">Partie de la plante utilis\u00e9e<\/span><\/strong> : R\u00e9sine&nbsp;<\/p>\n<p><strong><span style=\"color: rgb(75, 80, 88);\">Source <\/span><\/strong>: Philippines&nbsp;<\/p>\n<p><strong><span style=\"color: rgb(75, 80, 88);\">M\u00e9thode d&rsquo;extraction<\/span><\/strong> : Extraction par solvant&nbsp;<\/p>\n<p>Les propri\u00e9t\u00e9s th\u00e9rapeutiques de <strong><span style=\"color: rgb(75, 80, 88);\">l&rsquo;Huile Essentielle de Benjoin <\/span><\/strong>incluent : Anti-inflammatoire, anti-oxydant, antiseptique et astringent. Il est <strong><span style=\"color: rgb(75, 80, 88);\">apaisant, r\u00e9chauffant et stimulant. <\/span><\/strong><\/p>\n<p>L&rsquo;Huile Essentielle de Benjoin est utilis\u00e9e depuis l&rsquo;Antiquit\u00e9 comme encens, mais aussi comme m\u00e9dicament. De nos jours, il est encore principalement utilis\u00e9 dans les industries de la parfumerie et de l&rsquo;encens et parfume certaines marques tr\u00e8s connues dans le monde entier. Le benjoin a de nombreuses utilisations, y compris les coupures, les peaux gerc\u00e9es et irritables.&nbsp;<\/p>\n<p>On dit \u00e9galement qu&rsquo;il est utile pour les troubles respiratoires tels que l&rsquo;asthme, la bronchite et la toux. Le benjoin peut \u00e9galement \u00eatre utile pour lutter contre les probl\u00e8mes li\u00e9s au stress, ainsi que la grippe.&nbsp;<\/p>\n<p><strong><span style=\"color: rgb(141, 186, 216);\">NB : Nos Huiles Essentielles ne conviennent pas \u00e0 un usage interne.<\/span><\/strong><\/p>\n","protected":false},"excerpt":{"rendered":"<p>Nom latin : Styrax Benjoin&nbsp; Partie de la plante utilis\u00e9e : R\u00e9sine&nbsp; Source : Philippines&nbsp; M\u00e9thode d&rsquo;extraction : Extraction par solvant&nbsp; Les propri\u00e9t\u00e9s th\u00e9rapeutiques de l&rsquo;Huile Essentielle de Benjoin incluent : Anti-inflammatoire, anti-oxydant, antiseptique et astringent. Il est apaisant, r\u00e9chauffant et stimulant. L&rsquo;Huile Essentielle de Benjoin est utilis\u00e9e depuis l&rsquo;Antiquit\u00e9 comme encens, mais aussi comme [&hellip;]<\/p>\n","protected":false},"featured_media":261793,"comment_status":"closed","ping_status":"open","template":"","meta":{"_angie_page":false},"product_brand":[27093],"product_cat":[16450,26099,23646,26881,25842],"product_tag":[],"class_list":{"0":"post-244116","1":"product","2":"type-product","3":"status-publish","4":"has-post-thumbnail","6":"product_brand-ancient-wisdom","7":"product_cat-aromatherapie-et-parfums-d-ambiance","8":"product_cat-benjoin","9":"product_cat-huiles-essentielles","10":"product_cat-resineux-balsamique","11":"product_cat-senteurs-aromes","12":"pa_collection-aromatherapy-essential-oils-10ml-fr","13":"pa_made-in-indonesie","14":"pa_size-10ml","16":"first","17":"instock","18":"purchasable","19":"product-type-simple"},"supplier_id":null,"supplier_sku":"EO-59","barcode":null,"atum_controlled":true,"out_stock_date":null,"out_stock_threshold":null,"inheritable":false,"inbound_stock":null,"stock_on_hold":0,"sold_today":0,"sales_last_days":0,"reserved_stock":null,"customer_returns":null,"warehouse_damage":null,"lost_in_post":null,"other_logs":null,"out_stock_days":0,"lost_sales":0,"has_location":null,"update_date":"2026-04-27T07:00:50","atum_locations":[],"atum_stock_status":"instock","restock_status":false,"low_stock_amount":"","sales_update_date":"2025-09-03T00:27:50","calc_backorders":null,"_links":{"self":[{"href":"https:\/\/aromasentia.com\/fr\/wp-json\/wp\/v2\/product\/244116","targetHints":{"allow":["GET"]}}],"collection":[{"href":"https:\/\/aromasentia.com\/fr\/wp-json\/wp\/v2\/product"}],"about":[{"href":"https:\/\/aromasentia.com\/fr\/wp-json\/wp\/v2\/types\/product"}],"replies":[{"embeddable":true,"href":"https:\/\/aromasentia.com\/fr\/wp-json\/wp\/v2\/comments?post=244116"}],"version-history":[{"count":0,"href":"https:\/\/aromasentia.com\/fr\/wp-json\/wp\/v2\/product\/244116\/revisions"}],"wp:featuredmedia":[{"embeddable":true,"href":"https:\/\/aromasentia.com\/fr\/wp-json\/wp\/v2\/media\/261793"}],"wp:attachment":[{"href":"https:\/\/aromasentia.com\/fr\/wp-json\/wp\/v2\/media?parent=244116"}],"wp:term":[{"taxonomy":"product_brand","embeddable":true,"href":"https:\/\/aromasentia.com\/fr\/wp-json\/wp\/v2\/product_brand?post=244116"},{"taxonomy":"product_cat","embeddable":true,"href":"https:\/\/aromasentia.com\/fr\/wp-json\/wp\/v2\/product_cat?post=244116"},{"taxonomy":"product_tag","embeddable":true,"href":"https:\/\/aromasentia.com\/fr\/wp-json\/wp\/v2\/product_tag?post=244116"}],"curies":[{"name":"wp","href":"https:\/\/api.w.org\/{rel}","templated":true}]}}