{"id":244100,"date":"2025-03-20T14:53:15","date_gmt":"2025-03-20T14:53:15","guid":{"rendered":"https:\/\/aromasentia.com\/product\/10ml-bulgarian-lavender-essential-oil\/"},"modified":"2025-06-23T19:22:19","modified_gmt":"2025-06-23T19:22:19","slug":"lavande-bulgare-huile-essentielles-10ml","status":"publish","type":"product","link":"https:\/\/aromasentia.com\/fr\/lavande-bulgare-huile-essentielles-10ml\/","title":{"rendered":"Lavande Bulgare &#8211; Huile Essentielles 10ml"},"content":{"rendered":"<p><strong>Nom latin :<\/strong> Lavendula Angustifolia&nbsp;<\/p>\n<p><strong>Partie de la plante utilis\u00e9e : <\/strong>Pistil<\/p>\n<p><strong>Source :&nbsp;<\/strong>Bulgarie&nbsp;<\/p>\n<p><strong>M\u00e9thode d&rsquo;extraction :<\/strong> Distillation \u00e0 la vapeur<\/p>\n<p>L&rsquo;huile essentielle de lavande bulgare en gros est le liquide concentr\u00e9 contenant des compos\u00e9s aromatiques volatils distill\u00e9s \u00e0 la vapeur \u00e0 partir de la plante de lavande. La lavande est utilis\u00e9e depuis des si\u00e8cles pour aider \u00e0 gu\u00e9rir diverses affections, des coupures, ecchymoses et br\u00fblures mineures aux maladies chroniques comme les rhumatismes, l&rsquo;asthme et la dermatite. L&rsquo;attraction et l&rsquo;utilisation imm\u00e9diates de l&rsquo;Huile Essentielle de Lavande se situent dans l&rsquo;industrie du parfum pour son odeur florale fra\u00eeche, douce et l\u00e9g\u00e8rement fruit\u00e9e. L&rsquo;huile essentielle de lavande bulgare, comme la plupart des autres, est g\u00e9n\u00e9ralement utilis\u00e9e m\u00e9lang\u00e9e \u00e0 une huile de base ou de support comme l&rsquo;amande douce, les p\u00e9pins de raisin, le jojoba, l&rsquo;avocat et autres, sauf si c&rsquo;est pour votre bain, quand vous pouvez simplement ajouter quelques gouttes dans l&rsquo;eau de votre bain. . Utilisez cette huile pour un parfum agr\u00e9able ou une aromath\u00e9rapie avec un br\u00fbleur \u00e0 mazout ou un vaporisateur. En aromath\u00e9rapie, il est souvent utilis\u00e9 pour lutter contre la d\u00e9pression, le stress et la fatigue. Consultez toujours un praticien autoris\u00e9 lorsque vous utilisez l&rsquo;Huile Essentielle de Lavande comme rem\u00e8de de sant\u00e9 ou pour l&rsquo;aromath\u00e9rapie.&nbsp;<\/p>\n<p><strong>NB :<\/strong> Nos Huiles Essentielles ne conviennent pas \u00e0 un usage interne.<\/p>\n","protected":false},"excerpt":{"rendered":"<p>Nom latin : Lavendula Angustifolia&nbsp; Partie de la plante utilis\u00e9e : Pistil Source :&nbsp;Bulgarie&nbsp; M\u00e9thode d&rsquo;extraction : Distillation \u00e0 la vapeur L&rsquo;huile essentielle de lavande bulgare en gros est le liquide concentr\u00e9 contenant des compos\u00e9s aromatiques volatils distill\u00e9s \u00e0 la vapeur \u00e0 partir de la plante de lavande. La lavande est utilis\u00e9e depuis des si\u00e8cles [&hellip;]<\/p>\n","protected":false},"featured_media":262167,"comment_status":"closed","ping_status":"open","template":"","meta":{"_angie_page":false},"product_brand":[27093],"product_cat":[16450,26832,23646,26233,25842],"product_tag":[],"class_list":{"0":"post-244100","1":"product","2":"type-product","3":"status-publish","4":"has-post-thumbnail","6":"product_brand-ancient-wisdom","7":"product_cat-aromatherapie-et-parfums-d-ambiance","8":"product_cat-floral","9":"product_cat-huiles-essentielles","10":"product_cat-lavande","11":"product_cat-senteurs-aromes","12":"pa_collection-aromatherapy-essential-oils-10ml-fr","13":"pa_made-in-bulgarie","14":"pa_size-10ml","16":"first","17":"instock","18":"purchasable","19":"product-type-simple"},"supplier_id":null,"supplier_sku":"EO-89","barcode":null,"atum_controlled":true,"out_stock_date":null,"out_stock_threshold":null,"inheritable":false,"inbound_stock":0,"stock_on_hold":0,"sold_today":0,"sales_last_days":0,"reserved_stock":0,"customer_returns":0,"warehouse_damage":0,"lost_in_post":0,"other_logs":0,"out_stock_days":9,"lost_sales":0,"has_location":false,"update_date":"2026-04-27T07:00:59","atum_locations":[],"atum_stock_status":"instock","restock_status":false,"low_stock_amount":"","sales_update_date":"2026-01-30T01:25:00","calc_backorders":null,"_links":{"self":[{"href":"https:\/\/aromasentia.com\/fr\/wp-json\/wp\/v2\/product\/244100","targetHints":{"allow":["GET"]}}],"collection":[{"href":"https:\/\/aromasentia.com\/fr\/wp-json\/wp\/v2\/product"}],"about":[{"href":"https:\/\/aromasentia.com\/fr\/wp-json\/wp\/v2\/types\/product"}],"replies":[{"embeddable":true,"href":"https:\/\/aromasentia.com\/fr\/wp-json\/wp\/v2\/comments?post=244100"}],"version-history":[{"count":0,"href":"https:\/\/aromasentia.com\/fr\/wp-json\/wp\/v2\/product\/244100\/revisions"}],"wp:featuredmedia":[{"embeddable":true,"href":"https:\/\/aromasentia.com\/fr\/wp-json\/wp\/v2\/media\/262167"}],"wp:attachment":[{"href":"https:\/\/aromasentia.com\/fr\/wp-json\/wp\/v2\/media?parent=244100"}],"wp:term":[{"taxonomy":"product_brand","embeddable":true,"href":"https:\/\/aromasentia.com\/fr\/wp-json\/wp\/v2\/product_brand?post=244100"},{"taxonomy":"product_cat","embeddable":true,"href":"https:\/\/aromasentia.com\/fr\/wp-json\/wp\/v2\/product_cat?post=244100"},{"taxonomy":"product_tag","embeddable":true,"href":"https:\/\/aromasentia.com\/fr\/wp-json\/wp\/v2\/product_tag?post=244100"}],"curies":[{"name":"wp","href":"https:\/\/api.w.org\/{rel}","templated":true}]}}