{"id":244068,"date":"2025-03-20T14:53:15","date_gmt":"2025-03-20T14:53:15","guid":{"rendered":"https:\/\/aromasentia.com\/product\/10-ml-white-birch-essential-oil\/"},"modified":"2025-06-23T19:22:13","modified_gmt":"2025-06-23T19:22:13","slug":"bouleau-blanc-huile-essentielle-10ml","status":"publish","type":"product","link":"https:\/\/aromasentia.com\/fr\/bouleau-blanc-huile-essentielle-10ml\/","title":{"rendered":"Bouleau Blanc &#8211; Huile Essentielle 10ml"},"content":{"rendered":"<p><strong>Nom latin :<\/strong> Betula Lenta&nbsp;<\/p>\n<p><strong>Partie de la plante utilis\u00e9e :<\/strong> \u00e9corce&nbsp;<\/p>\n<p><strong>Source :<\/strong> Hongrie&nbsp;<\/p>\n<p><strong>M\u00e9thode d&rsquo;extraction : <\/strong>Distillation \u00e0 la vapeur&nbsp;<\/p>\n<p><strong>L&rsquo;huile essentielle de bouleau blanc <\/strong>en gros est connue pour avoir des propri\u00e9t\u00e9s astringentes naturelles, elle peut donc \u00eatre tr\u00e8s utile lorsqu&rsquo;elle est bien dilu\u00e9e dans une huile de support, une cr\u00e8me ou une lotion. Elle peut aider \u00e0 apaiser les affections cutan\u00e9es, telles que l&rsquo;acn\u00e9 et l&rsquo;ecz\u00e9ma. On pense \u00e9galement qu&rsquo;elle aide \u00e0 \u00e9liminer les toxines et \u00e0 stimuler la circulation.&nbsp;<\/p>\n<p>Les bienfaits de l&rsquo;huile essentielle de bouleau pour la sant\u00e9 peuvent \u00eatre attribu\u00e9s \u00e0 ses propri\u00e9t\u00e9s de tonique, d\u00e9sinfectant, stimulant, antid\u00e9presseur, analg\u00e9sique, d\u00e9toxifiant, antirhumatismal, antiarthritique, diur\u00e9tique, antiseptique, astringent, f\u00e9brifuge, germicide, insecticide et d\u00e9puratif. L&rsquo;huile essentielle de bouleau est utile pour r\u00e9duire la douleur dans les articulations et les muscles, ainsi que la douleur associ\u00e9e aux maux de t\u00eate et aux maux de dents.&nbsp;<\/p>\n<p>Elle est \u00e9galement antispasmodique et soulage les crampes dans tout le corps. L&rsquo;huile essentielle de bouleau stimule le syst\u00e8me circulatoire et am\u00e9liore la circulation sanguine.&nbsp;<\/p>\n<p>Elle est tr\u00e8s utile pour soulager les maladies associ\u00e9es \u00e0 une mauvaise circulation, comme les \u0153d\u00e8mes (gonflements), les rhumatismes et l&rsquo;arthrite. <\/p>\n<p><strong><span style=\"color: rgb(141, 186, 216);\">&nbsp;NB : Nos Huiles Essentielles ne conviennent pas \u00e0 un usage interne.<\/span><\/strong><\/p>\n","protected":false},"excerpt":{"rendered":"<p>Nom latin : Betula Lenta&nbsp; Partie de la plante utilis\u00e9e : \u00e9corce&nbsp; Source : Hongrie&nbsp; M\u00e9thode d&rsquo;extraction : Distillation \u00e0 la vapeur&nbsp; L&rsquo;huile essentielle de bouleau blanc en gros est connue pour avoir des propri\u00e9t\u00e9s astringentes naturelles, elle peut donc \u00eatre tr\u00e8s utile lorsqu&rsquo;elle est bien dilu\u00e9e dans une huile de support, une cr\u00e8me ou [&hellip;]<\/p>\n","protected":false},"featured_media":262031,"comment_status":"closed","ping_status":"open","template":"","meta":{"_angie_page":false},"product_brand":[27093],"product_cat":[16450,26895,26427,23646,25842],"product_tag":[],"class_list":{"0":"post-244068","1":"product","2":"type-product","3":"status-publish","4":"has-post-thumbnail","6":"product_brand-ancient-wisdom","7":"product_cat-aromatherapie-et-parfums-d-ambiance","8":"product_cat-boise","9":"product_cat-bouleau-blanc","10":"product_cat-huiles-essentielles","11":"product_cat-senteurs-aromes","12":"pa_collection-aromatherapy-essential-oils-10ml-fr","13":"pa_made-in-hongrie","14":"pa_size-10ml","16":"first","17":"instock","18":"purchasable","19":"product-type-simple"},"supplier_id":null,"supplier_sku":"EO-76","barcode":null,"atum_controlled":true,"out_stock_date":null,"out_stock_threshold":null,"inheritable":false,"inbound_stock":null,"stock_on_hold":0,"sold_today":0,"sales_last_days":0,"reserved_stock":null,"customer_returns":null,"warehouse_damage":null,"lost_in_post":null,"other_logs":null,"out_stock_days":0,"lost_sales":0,"has_location":null,"update_date":"2026-05-04T00:02:52","atum_locations":[],"atum_stock_status":"instock","restock_status":false,"low_stock_amount":"","sales_update_date":"2025-09-03T00:27:56","calc_backorders":null,"_links":{"self":[{"href":"https:\/\/aromasentia.com\/fr\/wp-json\/wp\/v2\/product\/244068","targetHints":{"allow":["GET"]}}],"collection":[{"href":"https:\/\/aromasentia.com\/fr\/wp-json\/wp\/v2\/product"}],"about":[{"href":"https:\/\/aromasentia.com\/fr\/wp-json\/wp\/v2\/types\/product"}],"replies":[{"embeddable":true,"href":"https:\/\/aromasentia.com\/fr\/wp-json\/wp\/v2\/comments?post=244068"}],"version-history":[{"count":0,"href":"https:\/\/aromasentia.com\/fr\/wp-json\/wp\/v2\/product\/244068\/revisions"}],"wp:featuredmedia":[{"embeddable":true,"href":"https:\/\/aromasentia.com\/fr\/wp-json\/wp\/v2\/media\/262031"}],"wp:attachment":[{"href":"https:\/\/aromasentia.com\/fr\/wp-json\/wp\/v2\/media?parent=244068"}],"wp:term":[{"taxonomy":"product_brand","embeddable":true,"href":"https:\/\/aromasentia.com\/fr\/wp-json\/wp\/v2\/product_brand?post=244068"},{"taxonomy":"product_cat","embeddable":true,"href":"https:\/\/aromasentia.com\/fr\/wp-json\/wp\/v2\/product_cat?post=244068"},{"taxonomy":"product_tag","embeddable":true,"href":"https:\/\/aromasentia.com\/fr\/wp-json\/wp\/v2\/product_tag?post=244068"}],"curies":[{"name":"wp","href":"https:\/\/api.w.org\/{rel}","templated":true}]}}