{"id":244064,"date":"2025-03-20T14:53:15","date_gmt":"2025-03-20T14:53:15","guid":{"rendered":"https:\/\/aromasentia.com\/product\/10-ml-rose-geranium-essential-oil\/"},"modified":"2025-06-23T19:22:13","modified_gmt":"2025-06-23T19:22:13","slug":"rose-geranium-huile-essentielle-10ml","status":"publish","type":"product","link":"https:\/\/aromasentia.com\/fr\/rose-geranium-huile-essentielle-10ml\/","title":{"rendered":"Rose G\u00e9ranium &#8211; Huile Essentielle 10ml"},"content":{"rendered":"<p><strong>Nom latin :<\/strong> Pelargonium Graveolens &amp; P\/Rosa Egypte&nbsp;<\/p>\n<p><strong>M\u00e9lange d&rsquo;huiles essentielles <\/strong><\/p>\n<p>L&rsquo;Huile Essentielle de G\u00e9ranium Rose est un ingr\u00e9dient actif dans certains produits cosm\u00e9tiques comme les lotions et les parfums. Une revue d&rsquo;\u00e9tudes de 2017 a d\u00e9montr\u00e9 que les propri\u00e9t\u00e9s antioxydantes de l&rsquo;huile essentielle de g\u00e9ranium rosat peuvent aider \u00e0 r\u00e9duire les signes du vieillissement. Les antioxydants sont bien \u00e9tablis en tant qu&rsquo;agents naturels pour am\u00e9liorer la capacit\u00e9 de votre peau \u00e0 se gu\u00e9rir des toxines environnementales et de l&rsquo;exposition. L&rsquo;huile de g\u00e9ranium rosat poss\u00e8de de fortes propri\u00e9t\u00e9s antimicrobiennes, antifongiques et antivirales.&nbsp;<\/p>\n<p><strong>NB :<\/strong> Nos Huiles Essentielles ne conviennent pas \u00e0 un usage interne.<\/p>\n","protected":false},"excerpt":{"rendered":"<p>Nom latin : Pelargonium Graveolens &amp; P\/Rosa Egypte&nbsp; M\u00e9lange d&rsquo;huiles essentielles L&rsquo;Huile Essentielle de G\u00e9ranium Rose est un ingr\u00e9dient actif dans certains produits cosm\u00e9tiques comme les lotions et les parfums. Une revue d&rsquo;\u00e9tudes de 2017 a d\u00e9montr\u00e9 que les propri\u00e9t\u00e9s antioxydantes de l&rsquo;huile essentielle de g\u00e9ranium rosat peuvent aider \u00e0 r\u00e9duire les signes du vieillissement. [&hellip;]<\/p>\n","protected":false},"featured_media":262014,"comment_status":"closed","ping_status":"open","template":"","meta":{"_angie_page":false},"product_brand":[27093],"product_cat":[16450,26832,26188,23646,26369,25842],"product_tag":[],"class_list":{"0":"post-244064","1":"product","2":"type-product","3":"status-publish","4":"has-post-thumbnail","6":"product_brand-ancient-wisdom","7":"product_cat-aromatherapie-et-parfums-d-ambiance","8":"product_cat-floral","9":"product_cat-geranium","10":"product_cat-huiles-essentielles","11":"product_cat-rose","12":"product_cat-senteurs-aromes","13":"pa_collection-aromatherapy-essential-oils-10ml-fr","14":"pa_made-in-la-reunion","15":"pa_size-10ml","17":"first","18":"instock","19":"purchasable","20":"product-type-simple"},"supplier_id":null,"supplier_sku":"EO-75","barcode":null,"atum_controlled":true,"out_stock_date":null,"out_stock_threshold":null,"inheritable":false,"inbound_stock":null,"stock_on_hold":0,"sold_today":0,"sales_last_days":0,"reserved_stock":null,"customer_returns":null,"warehouse_damage":null,"lost_in_post":null,"other_logs":null,"out_stock_days":0,"lost_sales":0,"has_location":null,"update_date":"2026-04-27T07:00:59","atum_locations":[],"atum_stock_status":"instock","restock_status":false,"low_stock_amount":"","sales_update_date":"2025-09-03T00:27:56","calc_backorders":null,"_links":{"self":[{"href":"https:\/\/aromasentia.com\/fr\/wp-json\/wp\/v2\/product\/244064","targetHints":{"allow":["GET"]}}],"collection":[{"href":"https:\/\/aromasentia.com\/fr\/wp-json\/wp\/v2\/product"}],"about":[{"href":"https:\/\/aromasentia.com\/fr\/wp-json\/wp\/v2\/types\/product"}],"replies":[{"embeddable":true,"href":"https:\/\/aromasentia.com\/fr\/wp-json\/wp\/v2\/comments?post=244064"}],"version-history":[{"count":0,"href":"https:\/\/aromasentia.com\/fr\/wp-json\/wp\/v2\/product\/244064\/revisions"}],"wp:featuredmedia":[{"embeddable":true,"href":"https:\/\/aromasentia.com\/fr\/wp-json\/wp\/v2\/media\/262014"}],"wp:attachment":[{"href":"https:\/\/aromasentia.com\/fr\/wp-json\/wp\/v2\/media?parent=244064"}],"wp:term":[{"taxonomy":"product_brand","embeddable":true,"href":"https:\/\/aromasentia.com\/fr\/wp-json\/wp\/v2\/product_brand?post=244064"},{"taxonomy":"product_cat","embeddable":true,"href":"https:\/\/aromasentia.com\/fr\/wp-json\/wp\/v2\/product_cat?post=244064"},{"taxonomy":"product_tag","embeddable":true,"href":"https:\/\/aromasentia.com\/fr\/wp-json\/wp\/v2\/product_tag?post=244064"}],"curies":[{"name":"wp","href":"https:\/\/api.w.org\/{rel}","templated":true}]}}