{"id":244028,"date":"2025-03-20T14:53:48","date_gmt":"2025-03-20T14:53:48","guid":{"rendered":"https:\/\/aromasentia.com\/product\/red-thyme-essential-oil-10ml\/"},"modified":"2025-06-23T19:22:07","modified_gmt":"2025-06-23T19:22:07","slug":"thym-rouge-huile-essentielle-10ml-2","status":"publish","type":"product","link":"https:\/\/aromasentia.com\/fr\/thym-rouge-huile-essentielle-10ml-2\/","title":{"rendered":"Thym Rouge &#8211; Huile Essentielle 10ml"},"content":{"rendered":"<p><strong><span style=\"color: rgb(75, 80, 88);\">Nom latin :<\/span><\/strong> Thymus serpyllum&nbsp;<\/p>\n<p><strong><span style=\"color: rgb(75, 80, 88);\">Partie de la plante utilis\u00e9e :<\/span><\/strong> Feuilles&nbsp;<\/p>\n<p><strong><span style=\"color: rgb(75, 80, 88);\">Origine :<\/span><\/strong> Espagne&nbsp;<\/p>\n<p><strong><span style=\"color: rgb(75, 80, 88);\">M\u00e9thode d&rsquo;extraction : <\/span><\/strong>Distillation \u00e0 la vapeur&nbsp;<\/p>\n<p>L&rsquo;huile essentielle de thym rouge en gros est stimulante et poss\u00e8de de fortes qualit\u00e9s antimicrobiennes et antiseptiques. Elle a un parfum herbac\u00e9 et chaud.&nbsp;<\/p>\n<p>En aromath\u00e9rapie, l&rsquo;huile essentielle de thym rouge a un large \u00e9ventail d&rsquo;utilisations. Elle est surtout utilis\u00e9e dans les diffuseurs d&rsquo;ar\u00f4mes, les vaporisateurs d&rsquo;ambiance et les brumes, en particulier pendant la saison de la grippe et du rhume.&nbsp;<\/p>\n<p>En usage topique, elle peut aider \u00e0 chasser les insectes.&nbsp;<\/p>\n<p><strong><span style=\"color: rgb(141, 186, 216);\">NB : Nos huiles essentielles ne conviennent pas \u00e0 un usage interne.<\/span><\/strong><\/p>\n","protected":false},"excerpt":{"rendered":"<p>Nom latin : Thymus serpyllum&nbsp; Partie de la plante utilis\u00e9e : Feuilles&nbsp; Origine : Espagne&nbsp; M\u00e9thode d&rsquo;extraction : Distillation \u00e0 la vapeur&nbsp; L&rsquo;huile essentielle de thym rouge en gros est stimulante et poss\u00e8de de fortes qualit\u00e9s antimicrobiennes et antiseptiques. Elle a un parfum herbac\u00e9 et chaud.&nbsp; En aromath\u00e9rapie, l&rsquo;huile essentielle de thym rouge a un [&hellip;]<\/p>\n","protected":false},"featured_media":262202,"comment_status":"closed","ping_status":"open","template":"","meta":[],"product_brand":[27093],"product_cat":[16450,26860,23646,25842,26365],"product_tag":[],"class_list":{"0":"post-244028","1":"product","2":"type-product","3":"status-publish","4":"has-post-thumbnail","6":"product_brand-ancient-wisdom","7":"product_cat-aromatherapie-et-parfums-d-ambiance","8":"product_cat-herbes-aromatiques","9":"product_cat-huiles-essentielles","10":"product_cat-senteurs-aromes","11":"product_cat-thym-rouge","12":"pa_collection-aromatherapy-essential-oils-10ml-fr","13":"pa_made-in-espagne","14":"pa_size-10ml","16":"first","17":"instock","18":"purchasable","19":"product-type-simple"},"supplier_id":null,"supplier_sku":"EO-92","barcode":null,"atum_controlled":true,"out_stock_date":null,"out_stock_threshold":null,"inheritable":false,"inbound_stock":null,"stock_on_hold":0,"sold_today":0,"sales_last_days":0,"reserved_stock":null,"customer_returns":null,"warehouse_damage":null,"lost_in_post":null,"other_logs":null,"out_stock_days":13,"lost_sales":0,"has_location":null,"update_date":"2026-02-11T03:19:46","atum_locations":[],"atum_stock_status":"instock","restock_status":false,"low_stock_amount":"","sales_update_date":"2026-01-30T01:24:47","calc_backorders":null,"_links":{"self":[{"href":"https:\/\/aromasentia.com\/fr\/wp-json\/wp\/v2\/product\/244028","targetHints":{"allow":["GET"]}}],"collection":[{"href":"https:\/\/aromasentia.com\/fr\/wp-json\/wp\/v2\/product"}],"about":[{"href":"https:\/\/aromasentia.com\/fr\/wp-json\/wp\/v2\/types\/product"}],"replies":[{"embeddable":true,"href":"https:\/\/aromasentia.com\/fr\/wp-json\/wp\/v2\/comments?post=244028"}],"version-history":[{"count":0,"href":"https:\/\/aromasentia.com\/fr\/wp-json\/wp\/v2\/product\/244028\/revisions"}],"wp:featuredmedia":[{"embeddable":true,"href":"https:\/\/aromasentia.com\/fr\/wp-json\/wp\/v2\/media\/262202"}],"wp:attachment":[{"href":"https:\/\/aromasentia.com\/fr\/wp-json\/wp\/v2\/media?parent=244028"}],"wp:term":[{"taxonomy":"product_brand","embeddable":true,"href":"https:\/\/aromasentia.com\/fr\/wp-json\/wp\/v2\/product_brand?post=244028"},{"taxonomy":"product_cat","embeddable":true,"href":"https:\/\/aromasentia.com\/fr\/wp-json\/wp\/v2\/product_cat?post=244028"},{"taxonomy":"product_tag","embeddable":true,"href":"https:\/\/aromasentia.com\/fr\/wp-json\/wp\/v2\/product_tag?post=244028"}],"curies":[{"name":"wp","href":"https:\/\/api.w.org\/{rel}","templated":true}]}}