{"id":243792,"date":"2025-03-20T14:54:52","date_gmt":"2025-03-20T14:54:52","guid":{"rendered":"https:\/\/aromasentia.com\/product\/100ml-essential-oil-mist-ylang-ylang-mandarin\/"},"modified":"2025-06-23T19:21:24","modified_gmt":"2025-06-23T19:21:24","slug":"huile-essentielle-spray-100ml-ylang-ylang-mandarine","status":"publish","type":"product","link":"https:\/\/aromasentia.com\/fr\/huile-essentielle-spray-100ml-ylang-ylang-mandarine\/","title":{"rendered":"Huile Essentielle Spray 100ml &#8211; Ylang Ylang &#038; Mandarine"},"content":{"rendered":"<p><strong><span style=\"color: rgb(75, 80, 88);\">Des huiles essentielles pures d&rsquo;Ylang Ylang et de Mandarine<\/span><\/strong> sont infus\u00e9es dans cette d\u00e9licate brume d&rsquo;aromath\u00e9rapie, pour favoriser une sensation de s\u00e9r\u00e9nit\u00e9 chaque fois que n\u00e9cessaire.&nbsp;<\/p>\n<p>Id\u00e9al pour am\u00e9liorer votre humeur, favorisant une sensation de d\u00e9tente et de s\u00e9r\u00e9nit\u00e9 \u00e0 toute heure du jour ou de la nuit. Pour vous d\u00e9tendre, vaporisez la brume au-dessus de la t\u00eate ou vaporisez directement sur le linge de lit pour favoriser une meilleure nuit de sommeil.&nbsp;<\/p>\n<p><strong><span style=\"color: rgb(75, 80, 88);\">Ingr\u00e9dients cl\u00e9s: <\/span><\/strong><\/p>\n<p><strong><span style=\"color: rgb(75, 80, 88);\">Huile essentielle d&rsquo;ylang-ylang<\/span><\/strong> Le parfum relaxant de l&rsquo;ar\u00f4me floral aide \u00e0 r\u00e9tablir la confiance et l&rsquo;\u00e9quilibre dans l&rsquo;esprit, ainsi que cette huile essentielle \u00e9l\u00e8ve l&rsquo;humeur Huile Essentielle de Mandarine Le parfum de cette huile essentielle aide \u00e0 soulager la fatigue mentale et \u00e0 remonter le moral. L&rsquo;huile essentielle de Mandarine aide \u00e0 favoriser un sentiment d&rsquo;aisance dans la vie et \u00e0 stimuler la cr\u00e9ativit\u00e9.&nbsp;<\/p>\n<p><strong><span style=\"color: rgb(141, 186, 216);\">Eau de Yorkshire :<\/span><\/strong> Non seulement il hydrate mais il am\u00e9liore \u00e9galement la sant\u00e9 et la beaut\u00e9 de la peau. Nous pensons que cette eau est un ingr\u00e9dient crucial dans le th\u00e9 du Yorkshire et tout aussi parfaite dans les brumes d&rsquo;aromath\u00e9rapie Ancient Wisdom.&nbsp;<\/p>\n<p><strong><span style=\"color: rgb(141, 186, 216);\">Hamam\u00e9lis : <\/span><\/strong>Ajout\u00e9 \u00e0 la place de l&rsquo;alcool pour une grande \u00e9vaporation dans la chambre et le linge de lit, l&rsquo;hamam\u00e9lis est un astringent qui est souvent utilis\u00e9 comme rem\u00e8de topique naturel. Il contient plusieurs compos\u00e9s aux puissantes propri\u00e9t\u00e9s anti-inflammatoires et antivirales.<\/p>\n","protected":false},"excerpt":{"rendered":"<p>Des huiles essentielles pures d&rsquo;Ylang Ylang et de Mandarine sont infus\u00e9es dans cette d\u00e9licate brume d&rsquo;aromath\u00e9rapie, pour favoriser une sensation de s\u00e9r\u00e9nit\u00e9 chaque fois que n\u00e9cessaire.&nbsp; Id\u00e9al pour am\u00e9liorer votre humeur, favorisant une sensation de d\u00e9tente et de s\u00e9r\u00e9nit\u00e9 \u00e0 toute heure du jour ou de la nuit. Pour vous d\u00e9tendre, vaporisez la brume au-dessus [&hellip;]<\/p>\n","protected":false},"featured_media":263198,"comment_status":"closed","ping_status":"open","template":"","meta":{"_angie_page":false},"product_brand":[27093],"product_cat":[16450,26832,23646,26265,25842,26443],"product_tag":[],"class_list":{"0":"post-243792","1":"product","2":"type-product","3":"status-publish","4":"has-post-thumbnail","6":"product_brand-ancient-wisdom","7":"product_cat-aromatherapie-et-parfums-d-ambiance","8":"product_cat-floral","9":"product_cat-huiles-essentielles","10":"product_cat-mandarine","11":"product_cat-senteurs-aromes","12":"product_cat-ylang-ylang","13":"pa_collection-essential-oil-mists-100ml-fr","14":"pa_made-in-royaume-uni","15":"pa_size-100ml","17":"first","18":"instock","19":"purchasable","20":"product-type-simple"},"supplier_id":null,"supplier_sku":"EOM-02","barcode":null,"atum_controlled":true,"out_stock_date":null,"out_stock_threshold":null,"inheritable":false,"inbound_stock":0,"stock_on_hold":0,"sold_today":0,"sales_last_days":0,"reserved_stock":0,"customer_returns":0,"warehouse_damage":0,"lost_in_post":0,"other_logs":0,"out_stock_days":0,"lost_sales":0,"has_location":false,"update_date":"2026-04-30T06:45:56","atum_locations":[],"atum_stock_status":"instock","restock_status":false,"low_stock_amount":"","sales_update_date":"2026-02-06T00:01:42","calc_backorders":null,"_links":{"self":[{"href":"https:\/\/aromasentia.com\/fr\/wp-json\/wp\/v2\/product\/243792","targetHints":{"allow":["GET"]}}],"collection":[{"href":"https:\/\/aromasentia.com\/fr\/wp-json\/wp\/v2\/product"}],"about":[{"href":"https:\/\/aromasentia.com\/fr\/wp-json\/wp\/v2\/types\/product"}],"replies":[{"embeddable":true,"href":"https:\/\/aromasentia.com\/fr\/wp-json\/wp\/v2\/comments?post=243792"}],"version-history":[{"count":0,"href":"https:\/\/aromasentia.com\/fr\/wp-json\/wp\/v2\/product\/243792\/revisions"}],"wp:featuredmedia":[{"embeddable":true,"href":"https:\/\/aromasentia.com\/fr\/wp-json\/wp\/v2\/media\/263198"}],"wp:attachment":[{"href":"https:\/\/aromasentia.com\/fr\/wp-json\/wp\/v2\/media?parent=243792"}],"wp:term":[{"taxonomy":"product_brand","embeddable":true,"href":"https:\/\/aromasentia.com\/fr\/wp-json\/wp\/v2\/product_brand?post=243792"},{"taxonomy":"product_cat","embeddable":true,"href":"https:\/\/aromasentia.com\/fr\/wp-json\/wp\/v2\/product_cat?post=243792"},{"taxonomy":"product_tag","embeddable":true,"href":"https:\/\/aromasentia.com\/fr\/wp-json\/wp\/v2\/product_tag?post=243792"}],"curies":[{"name":"wp","href":"https:\/\/api.w.org\/{rel}","templated":true}]}}