{"id":243788,"date":"2025-03-20T14:54:52","date_gmt":"2025-03-20T14:54:52","guid":{"rendered":"https:\/\/aromasentia.com\/product\/100ml-essential-oil-mist-patchouli\/"},"modified":"2025-06-23T19:21:23","modified_gmt":"2025-06-23T19:21:23","slug":"huile-essentielle-spray-100ml-patchouli","status":"publish","type":"product","link":"https:\/\/aromasentia.com\/fr\/huile-essentielle-spray-100ml-patchouli\/","title":{"rendered":"Huile Essentielle Spray 100ml &#8211; Patchouli"},"content":{"rendered":"<p><strong><span style=\"color: rgb(75, 80, 88);\">L&rsquo;huile essentielle pure de patchouli&nbsp;<\/span><\/strong>est infus\u00e9e dans cette d\u00e9licate brume d&rsquo;aromath\u00e9rapie, pour favoriser une sensation de s\u00e9r\u00e9nit\u00e9 chaque fois que n\u00e9cessaire.&nbsp;<\/p>\n<p>Id\u00e9al pour am\u00e9liorer votre humeur, favorisant une sensation de d\u00e9tente et de s\u00e9r\u00e9nit\u00e9 \u00e0 toute heure du jour ou de la nuit. Pour vous d\u00e9tendre, vaporisez la brume au-dessus de la t\u00eate ou vaporisez directement sur le linge de lit pour favoriser une meilleure nuit de sommeil.&nbsp;<\/p>\n<p><strong><span style=\"color: rgb(75, 80, 88);\">Ingr\u00e9dients cl\u00e9s<\/span><\/strong>:&nbsp;<\/p>\n<p><strong><span style=\"color: rgb(141, 186, 216);\">Huile Essentielle de Patchouli&nbsp;<\/span><\/strong>: Le parfum apaisant de l&rsquo;huile essentielle soulage l&rsquo;anxi\u00e9t\u00e9, le stress et la d\u00e9pression, ce qui la rend efficace pour parvenir \u00e0 la relaxation, en particulier dans la m\u00e9ditation.<\/p>\n<p>Non seulement il hydrate mais il am\u00e9liore \u00e9galement la sant\u00e9 et la beaut\u00e9 de la peau. &nbsp;<\/p>\n<p><strong><span style=\"color: rgb(141, 186, 216);\">Hamam\u00e9lis<\/span><\/strong> : Ajout\u00e9 \u00e0 la place de l&rsquo;alcool pour une grande \u00e9vaporation dans la chambre et le linge de lit, l&rsquo;hamam\u00e9lis est un astringent qui est souvent utilis\u00e9 comme rem\u00e8de topique naturel. Il contient plusieurs compos\u00e9s aux puissantes propri\u00e9t\u00e9s anti-inflammatoires et antivirales.<\/p>\n","protected":false},"excerpt":{"rendered":"<p>L&rsquo;huile essentielle pure de patchouli&nbsp;est infus\u00e9e dans cette d\u00e9licate brume d&rsquo;aromath\u00e9rapie, pour favoriser une sensation de s\u00e9r\u00e9nit\u00e9 chaque fois que n\u00e9cessaire.&nbsp; Id\u00e9al pour am\u00e9liorer votre humeur, favorisant une sensation de d\u00e9tente et de s\u00e9r\u00e9nit\u00e9 \u00e0 toute heure du jour ou de la nuit. Pour vous d\u00e9tendre, vaporisez la brume au-dessus de la t\u00eate ou vaporisez [&hellip;]<\/p>\n","protected":false},"featured_media":263133,"comment_status":"closed","ping_status":"open","template":"","meta":{"_angie_page":false},"product_brand":[27093],"product_cat":[16450,23646,26333,25842,26825],"product_tag":[],"class_list":{"0":"post-243788","1":"product","2":"type-product","3":"status-publish","4":"has-post-thumbnail","6":"product_brand-ancient-wisdom","7":"product_cat-aromatherapie-et-parfums-d-ambiance","8":"product_cat-huiles-essentielles","9":"product_cat-patchouli","10":"product_cat-senteurs-aromes","11":"product_cat-terreux-vert","12":"pa_collection-essential-oil-mists-100ml-fr","13":"pa_made-in-royaume-uni","14":"pa_size-100ml","16":"first","17":"instock","18":"purchasable","19":"product-type-simple"},"supplier_id":null,"supplier_sku":"EOM-01","barcode":null,"atum_controlled":true,"out_stock_date":null,"out_stock_threshold":null,"inheritable":false,"inbound_stock":0,"stock_on_hold":0,"sold_today":0,"sales_last_days":0,"reserved_stock":0,"customer_returns":0,"warehouse_damage":0,"lost_in_post":0,"other_logs":0,"out_stock_days":0,"lost_sales":0,"has_location":false,"update_date":"2026-04-27T07:01:32","atum_locations":[],"atum_stock_status":"instock","restock_status":false,"low_stock_amount":"","sales_update_date":"2026-02-06T00:02:04","calc_backorders":null,"_links":{"self":[{"href":"https:\/\/aromasentia.com\/fr\/wp-json\/wp\/v2\/product\/243788","targetHints":{"allow":["GET"]}}],"collection":[{"href":"https:\/\/aromasentia.com\/fr\/wp-json\/wp\/v2\/product"}],"about":[{"href":"https:\/\/aromasentia.com\/fr\/wp-json\/wp\/v2\/types\/product"}],"replies":[{"embeddable":true,"href":"https:\/\/aromasentia.com\/fr\/wp-json\/wp\/v2\/comments?post=243788"}],"version-history":[{"count":0,"href":"https:\/\/aromasentia.com\/fr\/wp-json\/wp\/v2\/product\/243788\/revisions"}],"wp:featuredmedia":[{"embeddable":true,"href":"https:\/\/aromasentia.com\/fr\/wp-json\/wp\/v2\/media\/263133"}],"wp:attachment":[{"href":"https:\/\/aromasentia.com\/fr\/wp-json\/wp\/v2\/media?parent=243788"}],"wp:term":[{"taxonomy":"product_brand","embeddable":true,"href":"https:\/\/aromasentia.com\/fr\/wp-json\/wp\/v2\/product_brand?post=243788"},{"taxonomy":"product_cat","embeddable":true,"href":"https:\/\/aromasentia.com\/fr\/wp-json\/wp\/v2\/product_cat?post=243788"},{"taxonomy":"product_tag","embeddable":true,"href":"https:\/\/aromasentia.com\/fr\/wp-json\/wp\/v2\/product_tag?post=243788"}],"curies":[{"name":"wp","href":"https:\/\/api.w.org\/{rel}","templated":true}]}}