{"id":243744,"date":"2025-03-20T14:55:32","date_gmt":"2025-03-20T14:55:32","guid":{"rendered":"https:\/\/aromasentia.com\/product\/10x-10ml-eucalyptus-essential-oil-unlabelled\/"},"modified":"2025-06-23T19:21:16","modified_gmt":"2025-06-23T19:21:16","slug":"eucalyptus-huile-essentielle-10ml-2","status":"publish","type":"product","link":"https:\/\/aromasentia.com\/fr\/eucalyptus-huile-essentielle-10ml-2\/","title":{"rendered":"Eucalyptus &#8211; Huile Essentielle 10ml"},"content":{"rendered":"<p>Nom latin : Eucalyptus Globulus.<br \/>\nPartie de la plante utilis\u00e9e : Feuilles et rameaux<br \/>.<br \/>\nSource : Chine.<br \/>\nM\u00e9thode d&rsquo;extraction : Distillation \u00e0 la vapeur.<\/p>\n<p>L&rsquo;huile essentielle d&rsquo;eucalyptus est un liquide concentr\u00e9 contenant des compos\u00e9s aromatiques volatils provenant de l&rsquo;arbre Eucalyptus Globulus. Elle est g\u00e9n\u00e9ralement distill\u00e9e, parfois exprim\u00e9e ou extraite par solvant. L&rsquo;huile essentielle d&rsquo;eucalyptus est consid\u00e9r\u00e9e comme antibact\u00e9rienne, d\u00e9sinfectante et analg\u00e9sique. Elle a \u00e9t\u00e9 utilis\u00e9e pour soulager la toux, le rhume et d&rsquo;autres troubles respiratoires. Elle apaise les douleurs musculaires et articulaires et aide \u00e0 cicatriser les plaies, les br\u00fblures, les ulc\u00e8res et les piq\u00fbres d&rsquo;insectes. En aromath\u00e9rapie, on dit que l&rsquo;eucalyptus favorise l&rsquo;activit\u00e9, la vitalit\u00e9 et l&rsquo;\u00e9nergie.<br \/>\n<br \/>\nPour les troubles respiratoires, quelques gouttes de cette huile plac\u00e9es sur un linge peuvent \u00eatre inhal\u00e9es par la bouche et expir\u00e9es par le nez pendant une demi-minute. Elle est appliqu\u00e9e directement sur les plaies, les \u00e9ruptions cutan\u00e9es et les piq\u00fbres d&rsquo;insectes. Ajoutez quelques gouttes \u00e0 l&rsquo;eau de votre bain pour vous sentir revigor\u00e9 et rafra\u00eechi. Trempez vos pieds endoloris dans une bassine d&rsquo;eau chaude avec 4 \u00e0 5 gouttes de cette huile pour les soulager. Quelques gouttes d&rsquo;huile dans un diffuseur sont cens\u00e9es tuer les germes et les bact\u00e9ries en suspension dans l&rsquo;air, une bonne id\u00e9e pour une chambre de malade.<br \/>\nL&rsquo;huile essentielle d&rsquo;eucalyptus est r\u00e9serv\u00e9e \u00e0 un usage externe ; consultez toujours un praticien autoris\u00e9 lorsque vous l&rsquo;utilisez comme rem\u00e8de de sant\u00e9.<br \/>\n<br \/>\nOn sait que les huiles essentielles ont jou\u00e9 un r\u00f4le dans la gu\u00e9rison dans l&rsquo;Antiquit\u00e9, en \u00c9gypte, en Chine et dans d&rsquo;autres parties du monde. Elles sont consid\u00e9r\u00e9es comme la plus ancienne forme de m\u00e9decine et de cosm\u00e9tique, puisqu&rsquo;elles sont distill\u00e9es \u00e0 partir de plantes, sans faire appel \u00e0 des processus ou des machines compliqu\u00e9s, mais n\u00e9anmoins un art. Pour leurs propri\u00e9t\u00e9s curatives et aromatiques, elles \u00e9taient consid\u00e9r\u00e9es comme plus pr\u00e9cieuses que l&rsquo;or par les anciens.<\/p>\n","protected":false},"excerpt":{"rendered":"<p>Nom latin : Eucalyptus Globulus. Partie de la plante utilis\u00e9e : Feuilles et rameaux. Source : Chine. M\u00e9thode d&rsquo;extraction : Distillation \u00e0 la vapeur. L&rsquo;huile essentielle d&rsquo;eucalyptus est un liquide concentr\u00e9 contenant des compos\u00e9s aromatiques volatils provenant de l&rsquo;arbre Eucalyptus Globulus. Elle est g\u00e9n\u00e9ralement distill\u00e9e, parfois exprim\u00e9e ou extraite par solvant. L&rsquo;huile essentielle d&rsquo;eucalyptus est [&hellip;]<\/p>\n","protected":false},"featured_media":263764,"comment_status":"closed","ping_status":"open","template":"","meta":{"_angie_page":false},"product_brand":[27093],"product_cat":[16450,26180,26867,25842],"product_tag":[],"class_list":{"0":"post-243744","1":"product","2":"type-product","3":"status-publish","4":"has-post-thumbnail","6":"product_brand-ancient-wisdom","7":"product_cat-aromatherapie-et-parfums-d-ambiance","8":"product_cat-eucalyptus","9":"product_cat-medicinal-camphre","10":"product_cat-senteurs-aromes","11":"pa_collection-gifts-unbranded-essential-oils-fr","12":"pa_made-in-chine","13":"pa_size-10ml","15":"first","16":"instock","17":"purchasable","18":"product-type-simple"},"supplier_id":null,"supplier_sku":"EOUL-03","barcode":null,"atum_controlled":true,"out_stock_date":null,"out_stock_threshold":null,"inheritable":false,"inbound_stock":null,"stock_on_hold":0,"sold_today":0,"sales_last_days":0,"reserved_stock":null,"customer_returns":null,"warehouse_damage":null,"lost_in_post":null,"other_logs":null,"out_stock_days":0,"lost_sales":0,"has_location":null,"update_date":"2026-04-27T07:01:40","atum_locations":[],"atum_stock_status":"instock","restock_status":false,"low_stock_amount":"","sales_update_date":"2025-09-05T00:16:30","calc_backorders":null,"_links":{"self":[{"href":"https:\/\/aromasentia.com\/fr\/wp-json\/wp\/v2\/product\/243744","targetHints":{"allow":["GET"]}}],"collection":[{"href":"https:\/\/aromasentia.com\/fr\/wp-json\/wp\/v2\/product"}],"about":[{"href":"https:\/\/aromasentia.com\/fr\/wp-json\/wp\/v2\/types\/product"}],"replies":[{"embeddable":true,"href":"https:\/\/aromasentia.com\/fr\/wp-json\/wp\/v2\/comments?post=243744"}],"version-history":[{"count":0,"href":"https:\/\/aromasentia.com\/fr\/wp-json\/wp\/v2\/product\/243744\/revisions"}],"wp:featuredmedia":[{"embeddable":true,"href":"https:\/\/aromasentia.com\/fr\/wp-json\/wp\/v2\/media\/263764"}],"wp:attachment":[{"href":"https:\/\/aromasentia.com\/fr\/wp-json\/wp\/v2\/media?parent=243744"}],"wp:term":[{"taxonomy":"product_brand","embeddable":true,"href":"https:\/\/aromasentia.com\/fr\/wp-json\/wp\/v2\/product_brand?post=243744"},{"taxonomy":"product_cat","embeddable":true,"href":"https:\/\/aromasentia.com\/fr\/wp-json\/wp\/v2\/product_cat?post=243744"},{"taxonomy":"product_tag","embeddable":true,"href":"https:\/\/aromasentia.com\/fr\/wp-json\/wp\/v2\/product_tag?post=243744"}],"curies":[{"name":"wp","href":"https:\/\/api.w.org\/{rel}","templated":true}]}}