{"id":243700,"date":"2025-03-20T14:55:32","date_gmt":"2025-03-20T14:55:32","guid":{"rendered":"https:\/\/aromasentia.com\/product\/100ml-essential-oil-mist-lavender-fennel\/"},"modified":"2025-06-23T19:21:09","modified_gmt":"2025-06-23T19:21:09","slug":"huile-essentielle-spray-100ml-lavande-fenouil","status":"publish","type":"product","link":"https:\/\/aromasentia.com\/fr\/huile-essentielle-spray-100ml-lavande-fenouil\/","title":{"rendered":"Huile Essentielle Spray 100ml &#8211; Lavande &#038; Fenouil"},"content":{"rendered":"<p><strong><span style=\"color: rgb(75, 80, 88);\">L&rsquo;huile essentielle pure de Lavande et de Fenouil&nbsp;<\/span><\/strong>est infus\u00e9e dans cette d\u00e9licate brume d&rsquo;aromath\u00e9rapie, pour favoriser une sensation de s\u00e9r\u00e9nit\u00e9 chaque fois que n\u00e9cessaire.&nbsp;<\/p>\n<p>Id\u00e9al pour am\u00e9liorer votre humeur, favorisant une sensation de d\u00e9tente et de s\u00e9r\u00e9nit\u00e9 \u00e0 toute heure du jour ou de la nuit. Pour vous d\u00e9tendre, vaporisez la brume au-dessus de la t\u00eate ou vaporisez directement sur le linge de lit pour favoriser une meilleure nuit de sommeil.&nbsp;<\/p>\n<p><strong><span style=\"color: rgb(75, 80, 88);\">Ingr\u00e9dients cl\u00e9s: <\/span><\/strong><\/p>\n<p><strong><span style=\"color: rgb(141, 186, 216);\">Lavande :<\/span><\/strong> Tout comme l&rsquo;huile essentielle de lavande peut aider \u00e0 bannir l&rsquo;anxi\u00e9t\u00e9, elle peut aussi \u00eatre un moyen d&rsquo;apaiser le stress. Si vous vous sentez bless\u00e9 apr\u00e8s une journ\u00e9e particuli\u00e8rement stressante au bureau, respirer l&rsquo;odeur relaxante de l&rsquo;huile de lavande peut aider \u00e0 calmer votre corps et votre esprit. Fenouil La diffusion d&rsquo;huile essentielle de fenouil peut vous aider \u00e0 vous concentrer sur la concentration n\u00e9cessaire pour \u00eatre productif. Pour profiter de l&rsquo;ar\u00f4me \u00e9nergisant de l&rsquo;huile de fenouil, diffusez dans votre maison ou votre bureau pour encourager une journ\u00e9e productive.&nbsp;<\/p>\n<p><strong><span style=\"color: rgb(141, 186, 216);\">Eau de Yorkshire :<\/span><\/strong> Non seulement il hydrate mais il am\u00e9liore \u00e9galement la sant\u00e9 et la beaut\u00e9 de la peau. Nous pensons que cette eau est un ingr\u00e9dient crucial dans le th\u00e9 du Yorkshire et tout aussi parfaite dans les brumes d&rsquo;aromath\u00e9rapie Ancient Wisdom.&nbsp;<\/p>\n<p><strong><span style=\"color: rgb(141, 186, 216);\">Hamam\u00e9lis : <\/span><\/strong>Ajout\u00e9 \u00e0 la place de l&rsquo;alcool pour une grande \u00e9vaporation dans la chambre et le linge de lit, l&rsquo;hamam\u00e9lis est un astringent qui est souvent utilis\u00e9 comme rem\u00e8de topique naturel. Il contient plusieurs compos\u00e9s aux puissantes propri\u00e9t\u00e9s anti-inflammatoires et antivirales.<\/p>\n","protected":false},"excerpt":{"rendered":"<p>L&rsquo;huile essentielle pure de Lavande et de Fenouil&nbsp;est infus\u00e9e dans cette d\u00e9licate brume d&rsquo;aromath\u00e9rapie, pour favoriser une sensation de s\u00e9r\u00e9nit\u00e9 chaque fois que n\u00e9cessaire.&nbsp; Id\u00e9al pour am\u00e9liorer votre humeur, favorisant une sensation de d\u00e9tente et de s\u00e9r\u00e9nit\u00e9 \u00e0 toute heure du jour ou de la nuit. Pour vous d\u00e9tendre, vaporisez la brume au-dessus de la [&hellip;]<\/p>\n","protected":false},"featured_media":263369,"comment_status":"closed","ping_status":"open","template":"","meta":{"_angie_page":false},"product_brand":[27093],"product_cat":[16450,26185,26832,26860,23646,26233,25842],"product_tag":[],"class_list":{"0":"post-243700","1":"product","2":"type-product","3":"status-publish","4":"has-post-thumbnail","6":"product_brand-ancient-wisdom","7":"product_cat-aromatherapie-et-parfums-d-ambiance","8":"product_cat-fenouil","9":"product_cat-floral","10":"product_cat-herbes-aromatiques","11":"product_cat-huiles-essentielles","12":"product_cat-lavande","13":"product_cat-senteurs-aromes","14":"pa_collection-essential-oil-mists-100ml-fr","15":"pa_made-in-royaume-uni","16":"pa_size-100ml","18":"first","19":"instock","20":"purchasable","21":"product-type-simple"},"supplier_id":null,"supplier_sku":"EOM-05","barcode":null,"atum_controlled":true,"out_stock_date":null,"out_stock_threshold":null,"inheritable":false,"inbound_stock":0,"stock_on_hold":0,"sold_today":0,"sales_last_days":0,"reserved_stock":0,"customer_returns":0,"warehouse_damage":0,"lost_in_post":0,"other_logs":0,"out_stock_days":0,"lost_sales":0,"has_location":false,"update_date":"2026-05-08T05:08:28","atum_locations":[],"atum_stock_status":"instock","restock_status":false,"low_stock_amount":"","sales_update_date":"2026-02-06T00:01:49","calc_backorders":null,"_links":{"self":[{"href":"https:\/\/aromasentia.com\/fr\/wp-json\/wp\/v2\/product\/243700","targetHints":{"allow":["GET"]}}],"collection":[{"href":"https:\/\/aromasentia.com\/fr\/wp-json\/wp\/v2\/product"}],"about":[{"href":"https:\/\/aromasentia.com\/fr\/wp-json\/wp\/v2\/types\/product"}],"replies":[{"embeddable":true,"href":"https:\/\/aromasentia.com\/fr\/wp-json\/wp\/v2\/comments?post=243700"}],"version-history":[{"count":0,"href":"https:\/\/aromasentia.com\/fr\/wp-json\/wp\/v2\/product\/243700\/revisions"}],"wp:featuredmedia":[{"embeddable":true,"href":"https:\/\/aromasentia.com\/fr\/wp-json\/wp\/v2\/media\/263369"}],"wp:attachment":[{"href":"https:\/\/aromasentia.com\/fr\/wp-json\/wp\/v2\/media?parent=243700"}],"wp:term":[{"taxonomy":"product_brand","embeddable":true,"href":"https:\/\/aromasentia.com\/fr\/wp-json\/wp\/v2\/product_brand?post=243700"},{"taxonomy":"product_cat","embeddable":true,"href":"https:\/\/aromasentia.com\/fr\/wp-json\/wp\/v2\/product_cat?post=243700"},{"taxonomy":"product_tag","embeddable":true,"href":"https:\/\/aromasentia.com\/fr\/wp-json\/wp\/v2\/product_tag?post=243700"}],"curies":[{"name":"wp","href":"https:\/\/api.w.org\/{rel}","templated":true}]}}