{"id":243692,"date":"2025-03-20T14:56:50","date_gmt":"2025-03-20T14:56:50","guid":{"rendered":"https:\/\/aromasentia.com\/product\/10x-10ml-fennel-essential-oil-unlabelled\/"},"modified":"2025-06-23T19:21:08","modified_gmt":"2025-06-23T19:21:08","slug":"fenouil-huile-essentielle-10ml-2","status":"publish","type":"product","link":"https:\/\/aromasentia.com\/fr\/fenouil-huile-essentielle-10ml-2\/","title":{"rendered":"Fenouil &#8211; Huile Essentielle 10ml"},"content":{"rendered":"<p>Retrouvez le confort et la clart\u00e9 de la digestion avec ce lot de 10 ml d&rsquo;huile essentielle de fenouil sans \u00e9tiquette. L&rsquo;huile de fenouil doux a un ar\u00f4me distinctif doux, terreux et anis\u00e9, traditionnellement utilis\u00e9 pour favoriser une digestion saine, soulager les ballonnements et r\u00e9duire l&rsquo;inconfort. Elle est \u00e9galement connue pour ses propri\u00e9t\u00e9s \u00e9quilibrantes et nettoyantes. En aromath\u00e9rapie, son parfum peut \u00eatre clarifiant et r\u00e9confortant. Une huile unique et de soutien pour ceux qui recherchent une aide digestive naturelle et une touche de douceur semblable \u00e0 la r\u00e9glisse dans leurs m\u00e9langes aromatiques, pr\u00eate pour votre marquage.<\/p>\n","protected":false},"excerpt":{"rendered":"<p>Retrouvez le confort et la clart\u00e9 de la digestion avec ce lot de 10 ml d&rsquo;huile essentielle de fenouil sans \u00e9tiquette. L&rsquo;huile de fenouil doux a un ar\u00f4me distinctif doux, terreux et anis\u00e9, traditionnellement utilis\u00e9 pour favoriser une digestion saine, soulager les ballonnements et r\u00e9duire l&rsquo;inconfort. Elle est \u00e9galement connue pour ses propri\u00e9t\u00e9s \u00e9quilibrantes et [&hellip;]<\/p>\n","protected":false},"featured_media":263881,"comment_status":"closed","ping_status":"open","template":"","meta":{"_angie_page":false},"product_brand":[27093],"product_cat":[16450,26185,26860,23646,25842],"product_tag":[],"class_list":{"0":"post-243692","1":"product","2":"type-product","3":"status-publish","4":"has-post-thumbnail","6":"product_brand-ancient-wisdom","7":"product_cat-aromatherapie-et-parfums-d-ambiance","8":"product_cat-fenouil","9":"product_cat-herbes-aromatiques","10":"product_cat-huiles-essentielles","11":"product_cat-senteurs-aromes","12":"pa_collection-gifts-unbranded-essential-oils-fr","13":"pa_made-in-ukraine","14":"pa_size-10ml","16":"first","17":"instock","18":"purchasable","19":"product-type-simple"},"supplier_id":null,"supplier_sku":"EOUL-16","barcode":null,"atum_controlled":true,"out_stock_date":null,"out_stock_threshold":null,"inheritable":false,"inbound_stock":null,"stock_on_hold":0,"sold_today":0,"sales_last_days":0,"reserved_stock":null,"customer_returns":null,"warehouse_damage":null,"lost_in_post":null,"other_logs":null,"out_stock_days":9,"lost_sales":0,"has_location":null,"update_date":"2026-04-27T07:01:47","atum_locations":[],"atum_stock_status":"instock","restock_status":false,"low_stock_amount":"","sales_update_date":"2026-01-30T01:24:57","calc_backorders":null,"_links":{"self":[{"href":"https:\/\/aromasentia.com\/fr\/wp-json\/wp\/v2\/product\/243692","targetHints":{"allow":["GET"]}}],"collection":[{"href":"https:\/\/aromasentia.com\/fr\/wp-json\/wp\/v2\/product"}],"about":[{"href":"https:\/\/aromasentia.com\/fr\/wp-json\/wp\/v2\/types\/product"}],"replies":[{"embeddable":true,"href":"https:\/\/aromasentia.com\/fr\/wp-json\/wp\/v2\/comments?post=243692"}],"version-history":[{"count":0,"href":"https:\/\/aromasentia.com\/fr\/wp-json\/wp\/v2\/product\/243692\/revisions"}],"wp:featuredmedia":[{"embeddable":true,"href":"https:\/\/aromasentia.com\/fr\/wp-json\/wp\/v2\/media\/263881"}],"wp:attachment":[{"href":"https:\/\/aromasentia.com\/fr\/wp-json\/wp\/v2\/media?parent=243692"}],"wp:term":[{"taxonomy":"product_brand","embeddable":true,"href":"https:\/\/aromasentia.com\/fr\/wp-json\/wp\/v2\/product_brand?post=243692"},{"taxonomy":"product_cat","embeddable":true,"href":"https:\/\/aromasentia.com\/fr\/wp-json\/wp\/v2\/product_cat?post=243692"},{"taxonomy":"product_tag","embeddable":true,"href":"https:\/\/aromasentia.com\/fr\/wp-json\/wp\/v2\/product_tag?post=243692"}],"curies":[{"name":"wp","href":"https:\/\/api.w.org\/{rel}","templated":true}]}}