{"id":243688,"date":"2025-03-20T14:56:50","date_gmt":"2025-03-20T14:56:50","guid":{"rendered":"https:\/\/aromasentia.com\/product\/10x-10ml-blackpepper-essential-oil-unlabelled\/"},"modified":"2025-06-23T19:21:07","modified_gmt":"2025-06-23T19:21:07","slug":"poivre-noir-huile-essentielle-10ml-2","status":"publish","type":"product","link":"https:\/\/aromasentia.com\/fr\/poivre-noir-huile-essentielle-10ml-2\/","title":{"rendered":"Poivre noir &#8211; Huile Essentielle 10ml"},"content":{"rendered":"<p>Energisez et stimulez avec ce paquet de 10 ml d&rsquo;huile essentielle de poivre noir sans \u00e9tiquette. Avec son ar\u00f4me piquant, \u00e9pic\u00e9 et r\u00e9chauffant, l&rsquo;huile de poivre noir est r\u00e9put\u00e9e pour sa capacit\u00e9 \u00e0 revigorer l&rsquo;esprit, \u00e0 am\u00e9liorer la circulation et \u00e0 soulager les douleurs musculaires. Elle peut donner un coup de fouet stimulant lorsqu&rsquo;elle est diffus\u00e9e et est souvent utilis\u00e9e dans les m\u00e9langes de massage pour ses propri\u00e9t\u00e9s r\u00e9chauffantes et anti-douleur. Une huile puissante et ardente qui donne un coup de fouet aux m\u00e9langes d&rsquo;aromath\u00e9rapie, parfaite pour ceux qui recherchent un moyen naturel d&rsquo;am\u00e9liorer la vigilance et de soulager l&rsquo;inconfort.<\/p>\n","protected":false},"excerpt":{"rendered":"<p>Energisez et stimulez avec ce paquet de 10 ml d&rsquo;huile essentielle de poivre noir sans \u00e9tiquette. Avec son ar\u00f4me piquant, \u00e9pic\u00e9 et r\u00e9chauffant, l&rsquo;huile de poivre noir est r\u00e9put\u00e9e pour sa capacit\u00e9 \u00e0 revigorer l&rsquo;esprit, \u00e0 am\u00e9liorer la circulation et \u00e0 soulager les douleurs musculaires. Elle peut donner un coup de fouet stimulant lorsqu&rsquo;elle est [&hellip;]<\/p>\n","protected":false},"featured_media":263872,"comment_status":"closed","ping_status":"open","template":"","meta":{"_angie_page":false},"product_brand":[27093],"product_cat":[16450,26888,23646,26109,25842],"product_tag":[],"class_list":{"0":"post-243688","1":"product","2":"type-product","3":"status-publish","4":"has-post-thumbnail","6":"product_brand-ancient-wisdom","7":"product_cat-aromatherapie-et-parfums-d-ambiance","8":"product_cat-epice","9":"product_cat-huiles-essentielles","10":"product_cat-poivre-noir","11":"product_cat-senteurs-aromes","12":"pa_collection-gifts-unbranded-essential-oils-fr","13":"pa_made-in-inde","14":"pa_size-10ml","16":"first","17":"instock","18":"purchasable","19":"product-type-simple"},"supplier_id":null,"supplier_sku":"EOUL-15","barcode":null,"atum_controlled":true,"out_stock_date":null,"out_stock_threshold":null,"inheritable":false,"inbound_stock":null,"stock_on_hold":0,"sold_today":0,"sales_last_days":0,"reserved_stock":null,"customer_returns":null,"warehouse_damage":null,"lost_in_post":null,"other_logs":null,"out_stock_days":9,"lost_sales":0,"has_location":null,"update_date":"2026-04-27T07:01:40","atum_locations":[],"atum_stock_status":"instock","restock_status":false,"low_stock_amount":"","sales_update_date":"2026-01-30T01:24:54","calc_backorders":null,"_links":{"self":[{"href":"https:\/\/aromasentia.com\/fr\/wp-json\/wp\/v2\/product\/243688","targetHints":{"allow":["GET"]}}],"collection":[{"href":"https:\/\/aromasentia.com\/fr\/wp-json\/wp\/v2\/product"}],"about":[{"href":"https:\/\/aromasentia.com\/fr\/wp-json\/wp\/v2\/types\/product"}],"replies":[{"embeddable":true,"href":"https:\/\/aromasentia.com\/fr\/wp-json\/wp\/v2\/comments?post=243688"}],"version-history":[{"count":0,"href":"https:\/\/aromasentia.com\/fr\/wp-json\/wp\/v2\/product\/243688\/revisions"}],"wp:featuredmedia":[{"embeddable":true,"href":"https:\/\/aromasentia.com\/fr\/wp-json\/wp\/v2\/media\/263872"}],"wp:attachment":[{"href":"https:\/\/aromasentia.com\/fr\/wp-json\/wp\/v2\/media?parent=243688"}],"wp:term":[{"taxonomy":"product_brand","embeddable":true,"href":"https:\/\/aromasentia.com\/fr\/wp-json\/wp\/v2\/product_brand?post=243688"},{"taxonomy":"product_cat","embeddable":true,"href":"https:\/\/aromasentia.com\/fr\/wp-json\/wp\/v2\/product_cat?post=243688"},{"taxonomy":"product_tag","embeddable":true,"href":"https:\/\/aromasentia.com\/fr\/wp-json\/wp\/v2\/product_tag?post=243688"}],"curies":[{"name":"wp","href":"https:\/\/api.w.org\/{rel}","templated":true}]}}