{"id":243660,"date":"2025-03-20T14:56:50","date_gmt":"2025-03-20T14:56:50","guid":{"rendered":"https:\/\/aromasentia.com\/product\/10x-10ml-geranium-egypt-essential-oil-unlabelled\/"},"modified":"2025-06-23T19:21:02","modified_gmt":"2025-06-23T19:21:02","slug":"geranium-egypte-huile-essentielle-10ml","status":"publish","type":"product","link":"https:\/\/aromasentia.com\/fr\/geranium-egypte-huile-essentielle-10ml\/","title":{"rendered":"G\u00e9ranium (Egypte) &#8211; Huile Essentielle 10ml"},"content":{"rendered":"<\/h2>\n<p>Enrichissez votre collection d&rsquo;aromath\u00e9rapie avec notre 10x 10ml <a href=\"https:\/\/aromasentia.com\/eoul\" rel=\"noopener noreferrer\" target=\"_blank\"><u>Huile Essentielle de G\u00e9ranium (Egypte)<\/u><\/a>. Issue des meilleures plantes de g\u00e9ranium \u00e9gyptien, cette huile offre un d\u00e9licieux parfum floral aux propri\u00e9t\u00e9s \u00e9quilibrantes.&nbsp;<\/p>\n<p>Chaque flacon est livr\u00e9 avec une \u00e9tiquette sans marque, ce qui vous permet de le personnaliser et de cr\u00e9er votre propre marque.<strong>&nbsp;D\u00e9couvrez d\u00e8s aujourd&rsquo;hui les bienfaits th\u00e9rapeutiques de l&rsquo;huile essentielle de g\u00e9ranium et am\u00e9liorez votre bien-\u00eatre.<\/strong><\/p>\n<p>&nbsp;<\/p>\n","protected":false},"excerpt":{"rendered":"<p>Enrichissez votre collection d&rsquo;aromath\u00e9rapie avec notre 10x 10ml Huile Essentielle de G\u00e9ranium (Egypte). Issue des meilleures plantes de g\u00e9ranium \u00e9gyptien, cette huile offre un d\u00e9licieux parfum floral aux propri\u00e9t\u00e9s \u00e9quilibrantes.&nbsp; Chaque flacon est livr\u00e9 avec une \u00e9tiquette sans marque, ce qui vous permet de le personnaliser et de cr\u00e9er votre propre marque.&nbsp;D\u00e9couvrez d\u00e8s aujourd&rsquo;hui les [&hellip;]<\/p>\n","protected":false},"featured_media":263809,"comment_status":"closed","ping_status":"open","template":"","meta":{"_angie_page":false},"product_brand":[27093],"product_cat":[16450,26832,26188,23646,25842],"product_tag":[],"class_list":{"0":"post-243660","1":"product","2":"type-product","3":"status-publish","4":"has-post-thumbnail","6":"product_brand-ancient-wisdom","7":"product_cat-aromatherapie-et-parfums-d-ambiance","8":"product_cat-floral","9":"product_cat-geranium","10":"product_cat-huiles-essentielles","11":"product_cat-senteurs-aromes","12":"pa_collection-gifts-unbranded-essential-oils-fr","13":"pa_made-in-egypte","14":"pa_size-10ml","16":"first","17":"instock","18":"purchasable","19":"product-type-simple"},"supplier_id":null,"supplier_sku":"EOUL-08","barcode":null,"atum_controlled":true,"out_stock_date":null,"out_stock_threshold":null,"inheritable":false,"inbound_stock":null,"stock_on_hold":0,"sold_today":0,"sales_last_days":0,"reserved_stock":null,"customer_returns":null,"warehouse_damage":null,"lost_in_post":null,"other_logs":null,"out_stock_days":0,"lost_sales":0,"has_location":null,"update_date":"2026-04-27T07:01:40","atum_locations":[],"atum_stock_status":"instock","restock_status":false,"low_stock_amount":"","sales_update_date":"2026-01-30T01:24:40","calc_backorders":null,"_links":{"self":[{"href":"https:\/\/aromasentia.com\/fr\/wp-json\/wp\/v2\/product\/243660","targetHints":{"allow":["GET"]}}],"collection":[{"href":"https:\/\/aromasentia.com\/fr\/wp-json\/wp\/v2\/product"}],"about":[{"href":"https:\/\/aromasentia.com\/fr\/wp-json\/wp\/v2\/types\/product"}],"replies":[{"embeddable":true,"href":"https:\/\/aromasentia.com\/fr\/wp-json\/wp\/v2\/comments?post=243660"}],"version-history":[{"count":0,"href":"https:\/\/aromasentia.com\/fr\/wp-json\/wp\/v2\/product\/243660\/revisions"}],"wp:featuredmedia":[{"embeddable":true,"href":"https:\/\/aromasentia.com\/fr\/wp-json\/wp\/v2\/media\/263809"}],"wp:attachment":[{"href":"https:\/\/aromasentia.com\/fr\/wp-json\/wp\/v2\/media?parent=243660"}],"wp:term":[{"taxonomy":"product_brand","embeddable":true,"href":"https:\/\/aromasentia.com\/fr\/wp-json\/wp\/v2\/product_brand?post=243660"},{"taxonomy":"product_cat","embeddable":true,"href":"https:\/\/aromasentia.com\/fr\/wp-json\/wp\/v2\/product_cat?post=243660"},{"taxonomy":"product_tag","embeddable":true,"href":"https:\/\/aromasentia.com\/fr\/wp-json\/wp\/v2\/product_tag?post=243660"}],"curies":[{"name":"wp","href":"https:\/\/api.w.org\/{rel}","templated":true}]}}