{"id":243656,"date":"2025-03-20T14:56:50","date_gmt":"2025-03-20T14:56:50","guid":{"rendered":"https:\/\/aromasentia.com\/product\/10x-10ml-clary-sage-essential-oil-unlabelled\/"},"modified":"2025-06-23T19:21:01","modified_gmt":"2025-06-23T19:21:01","slug":"sauge-sclaree-huile-essentielle-10ml-2","status":"publish","type":"product","link":"https:\/\/aromasentia.com\/fr\/sauge-sclaree-huile-essentielle-10ml-2\/","title":{"rendered":"Sauge sclar\u00e9e &#8211; Huile Essentielle 10ml"},"content":{"rendered":"<h2>En gros 10x 10ml Huile Essentielle de Sauge Sclar\u00e9e I &#8211; Etiquette sans marque | Acheter en vrac <\/h2>\n<p>Nous vous pr\u00e9sentons notre 10x 10ml Huile Essentielle de Sauge Sclar\u00e9e avec une \u00e9tiquette sans marque, parfaite pour la personnalisation et le marquage. D\u00e9riv\u00e9e des sommit\u00e9s fleuries de la sauge sclar\u00e9e, cette huile de qualit\u00e9 sup\u00e9rieure offre un ar\u00f4me unique de plantes et de terre. <a href=\"https:\/\/aromasentia.com\/eoul-07\" rel=\"noopener noreferrer\" target=\"_blank\"><u>L&rsquo;huile essentielle de sauge sclar\u00e9e<\/u><\/a> est r\u00e9put\u00e9e pour ses propri\u00e9t\u00e9s th\u00e9rapeutiques, souvent utilis\u00e9es pour favoriser la relaxation, soulager le stress et soutenir le bien-\u00eatre g\u00e9n\u00e9ral.<\/p>\n<p>Dans ses applications polyvalentes, cette huile peut \u00eatre m\u00e9lang\u00e9e \u00e0 des huiles de support pour les massages, ajout\u00e9e \u00e0 des diffuseurs pour une atmosph\u00e8re apaisante, ou incorpor\u00e9e dans des produits de soins de la peau et des cheveux. Chaque flacon est soigneusement emball\u00e9 dans une bo\u00eete brune, garantissant sa qualit\u00e9 et sa fra\u00eecheur. Am\u00e9liorez votre collection d&rsquo;aromath\u00e9rapie et profitez des bienfaits de l&rsquo;huile essentielle de sauge sclar\u00e9e.<\/p>\n<p><strong>D\u00e9couvrez le pouvoir apaisant de la nature avec notre huile essentielle de sauge sclar\u00e9e sans marque d\u00e8s aujourd&rsquo;hui.<\/strong><\/p>\n<p><\/p>\n<p>.<\/p>\n","protected":false},"excerpt":{"rendered":"<p>En gros 10x 10ml Huile Essentielle de Sauge Sclar\u00e9e I &#8211; Etiquette sans marque | Acheter en vrac Nous vous pr\u00e9sentons notre 10x 10ml Huile Essentielle de Sauge Sclar\u00e9e avec une \u00e9tiquette sans marque, parfaite pour la personnalisation et le marquage. D\u00e9riv\u00e9e des sommit\u00e9s fleuries de la sauge sclar\u00e9e, cette huile de qualit\u00e9 sup\u00e9rieure offre [&hellip;]<\/p>\n","protected":false},"featured_media":263800,"comment_status":"closed","ping_status":"open","template":"","meta":{"_angie_page":false},"product_brand":[27093],"product_cat":[16450,26860,23646,26144,25842],"product_tag":[],"class_list":{"0":"post-243656","1":"product","2":"type-product","3":"status-publish","4":"has-post-thumbnail","6":"product_brand-ancient-wisdom","7":"product_cat-aromatherapie-et-parfums-d-ambiance","8":"product_cat-herbes-aromatiques","9":"product_cat-huiles-essentielles","10":"product_cat-sauge-sclaree","11":"product_cat-senteurs-aromes","12":"pa_collection-gifts-unbranded-essential-oils-fr","13":"pa_made-in-france","14":"pa_size-10ml","16":"first","17":"instock","18":"purchasable","19":"product-type-simple"},"supplier_id":null,"supplier_sku":"EOUL-07","barcode":null,"atum_controlled":true,"out_stock_date":null,"out_stock_threshold":null,"inheritable":false,"inbound_stock":null,"stock_on_hold":0,"sold_today":0,"sales_last_days":0,"reserved_stock":null,"customer_returns":null,"warehouse_damage":null,"lost_in_post":null,"other_logs":null,"out_stock_days":0,"lost_sales":0,"has_location":null,"update_date":"2026-04-27T07:01:40","atum_locations":[],"atum_stock_status":"instock","restock_status":false,"low_stock_amount":"","sales_update_date":"2026-01-30T01:26:17","calc_backorders":null,"_links":{"self":[{"href":"https:\/\/aromasentia.com\/fr\/wp-json\/wp\/v2\/product\/243656","targetHints":{"allow":["GET"]}}],"collection":[{"href":"https:\/\/aromasentia.com\/fr\/wp-json\/wp\/v2\/product"}],"about":[{"href":"https:\/\/aromasentia.com\/fr\/wp-json\/wp\/v2\/types\/product"}],"replies":[{"embeddable":true,"href":"https:\/\/aromasentia.com\/fr\/wp-json\/wp\/v2\/comments?post=243656"}],"version-history":[{"count":0,"href":"https:\/\/aromasentia.com\/fr\/wp-json\/wp\/v2\/product\/243656\/revisions"}],"wp:featuredmedia":[{"embeddable":true,"href":"https:\/\/aromasentia.com\/fr\/wp-json\/wp\/v2\/media\/263800"}],"wp:attachment":[{"href":"https:\/\/aromasentia.com\/fr\/wp-json\/wp\/v2\/media?parent=243656"}],"wp:term":[{"taxonomy":"product_brand","embeddable":true,"href":"https:\/\/aromasentia.com\/fr\/wp-json\/wp\/v2\/product_brand?post=243656"},{"taxonomy":"product_cat","embeddable":true,"href":"https:\/\/aromasentia.com\/fr\/wp-json\/wp\/v2\/product_cat?post=243656"},{"taxonomy":"product_tag","embeddable":true,"href":"https:\/\/aromasentia.com\/fr\/wp-json\/wp\/v2\/product_tag?post=243656"}],"curies":[{"name":"wp","href":"https:\/\/api.w.org\/{rel}","templated":true}]}}