{"id":243652,"date":"2025-03-20T14:56:50","date_gmt":"2025-03-20T14:56:50","guid":{"rendered":"https:\/\/aromasentia.com\/product\/10x-10ml-ylang-ylang-i-essential-oil-unlabelled\/"},"modified":"2025-06-23T19:21:01","modified_gmt":"2025-06-23T19:21:01","slug":"ylang-ylang-huile-essentielle-10ml-2","status":"publish","type":"product","link":"https:\/\/aromasentia.com\/fr\/ylang-ylang-huile-essentielle-10ml-2\/","title":{"rendered":"Ylang Ylang &#8211; Huile Essentielle 10ml"},"content":{"rendered":"<h2>En gros 10x 10ml Huile Essentielle Ylang Ylang I &#8211; Etiquette sans marque pour personnalisation<\/h2>\n<p>Am\u00e9liorez votre exp\u00e9rience d&rsquo;aromath\u00e9rapie avec notre 10x 10ml <a href=\"https:\/\/aromasentia.com\/eoul\" rel=\"noopener noreferrer\" target=\"_blank\"><u>Huile Essentielle Ylang Ylang I<\/u><\/a>. Cette huile de qualit\u00e9 sup\u00e9rieure est extraite des fleurs de l&rsquo;arbre Ylang Ylang et est connue pour son ar\u00f4me riche et floral. Avec ses utilisations polyvalentes,&nbsp;<\/p>\n<p>elle peut \u00eatre ajout\u00e9e aux diffuseurs, aux huiles de massage, aux produits pour le bain, et plus encore. Chaque bouteille est livr\u00e9e avec une \u00e9tiquette sans marque, ce qui vous permet de la personnaliser et de cr\u00e9er votre propre marque. D\u00e9couvrez les propri\u00e9t\u00e9s apaisantes et stimulantes de l&rsquo;huile essentielle d&rsquo;Ylang Ylang I d\u00e8s aujourd&rsquo;hui.<\/p>\n<p><strong>Exp\u00e9rimentez les propri\u00e9t\u00e9s apaisantes et stimulantes de l&rsquo;huile essentielle d&rsquo;Ylang Ylang I d\u00e8s aujourd&rsquo;hui. Am\u00e9liorez votre collection d&rsquo;aromath\u00e9rapie d\u00e8s maintenant!<\/strong> <\/p>\n<p>.<\/p>\n","protected":false},"excerpt":{"rendered":"<p>En gros 10x 10ml Huile Essentielle Ylang Ylang I &#8211; Etiquette sans marque pour personnalisation Am\u00e9liorez votre exp\u00e9rience d&rsquo;aromath\u00e9rapie avec notre 10x 10ml Huile Essentielle Ylang Ylang I. Cette huile de qualit\u00e9 sup\u00e9rieure est extraite des fleurs de l&rsquo;arbre Ylang Ylang et est connue pour son ar\u00f4me riche et floral. Avec ses utilisations polyvalentes,&nbsp; elle [&hellip;]<\/p>\n","protected":false},"featured_media":263791,"comment_status":"closed","ping_status":"open","template":"","meta":{"_angie_page":false},"product_brand":[27093],"product_cat":[16450,26832,23646,25842,26443],"product_tag":[],"class_list":{"0":"post-243652","1":"product","2":"type-product","3":"status-publish","4":"has-post-thumbnail","6":"product_brand-ancient-wisdom","7":"product_cat-aromatherapie-et-parfums-d-ambiance","8":"product_cat-floral","9":"product_cat-huiles-essentielles","10":"product_cat-senteurs-aromes","11":"product_cat-ylang-ylang","12":"pa_collection-gifts-unbranded-essential-oils-fr","13":"pa_made-in-comores","14":"pa_size-10ml","16":"first","17":"instock","18":"purchasable","19":"product-type-simple"},"supplier_id":null,"supplier_sku":"EOUL-06","barcode":null,"atum_controlled":true,"out_stock_date":null,"out_stock_threshold":null,"inheritable":false,"inbound_stock":0,"stock_on_hold":0,"sold_today":0,"sales_last_days":0,"reserved_stock":0,"customer_returns":0,"warehouse_damage":0,"lost_in_post":0,"other_logs":0,"out_stock_days":0,"lost_sales":0,"has_location":false,"update_date":"2026-05-11T01:55:51","atum_locations":[],"atum_stock_status":"instock","restock_status":false,"low_stock_amount":"","sales_update_date":"2026-01-30T01:26:38","calc_backorders":null,"_links":{"self":[{"href":"https:\/\/aromasentia.com\/fr\/wp-json\/wp\/v2\/product\/243652","targetHints":{"allow":["GET"]}}],"collection":[{"href":"https:\/\/aromasentia.com\/fr\/wp-json\/wp\/v2\/product"}],"about":[{"href":"https:\/\/aromasentia.com\/fr\/wp-json\/wp\/v2\/types\/product"}],"replies":[{"embeddable":true,"href":"https:\/\/aromasentia.com\/fr\/wp-json\/wp\/v2\/comments?post=243652"}],"version-history":[{"count":0,"href":"https:\/\/aromasentia.com\/fr\/wp-json\/wp\/v2\/product\/243652\/revisions"}],"wp:featuredmedia":[{"embeddable":true,"href":"https:\/\/aromasentia.com\/fr\/wp-json\/wp\/v2\/media\/263791"}],"wp:attachment":[{"href":"https:\/\/aromasentia.com\/fr\/wp-json\/wp\/v2\/media?parent=243652"}],"wp:term":[{"taxonomy":"product_brand","embeddable":true,"href":"https:\/\/aromasentia.com\/fr\/wp-json\/wp\/v2\/product_brand?post=243652"},{"taxonomy":"product_cat","embeddable":true,"href":"https:\/\/aromasentia.com\/fr\/wp-json\/wp\/v2\/product_cat?post=243652"},{"taxonomy":"product_tag","embeddable":true,"href":"https:\/\/aromasentia.com\/fr\/wp-json\/wp\/v2\/product_tag?post=243652"}],"curies":[{"name":"wp","href":"https:\/\/api.w.org\/{rel}","templated":true}]}}