{"id":243640,"date":"2025-03-20T14:57:05","date_gmt":"2025-03-20T14:57:05","guid":{"rendered":"https:\/\/aromasentia.com\/product\/10x-10ml-marjoram-spanish-essential-oil-unlabelled\/"},"modified":"2025-06-23T19:20:57","modified_gmt":"2025-06-23T19:20:57","slug":"marjolaine-despagne-huile-essentielle-10ml-2","status":"publish","type":"product","link":"https:\/\/aromasentia.com\/fr\/marjolaine-despagne-huile-essentielle-10ml-2\/","title":{"rendered":"Marjolaine d&rsquo;Espagne &#8211; Huile Essentielle 10ml"},"content":{"rendered":"<p>Retrouvez le confort et le calme avec ce lot de 10 ml d&rsquo;huile essentielle de marjolaine d&rsquo;Espagne sans \u00e9tiquette. Souvent confondue avec la marjolaine douce, la marjolaine espagnole (Thymus mastichina) a un ar\u00f4me fort, herbac\u00e9, camphr\u00e9 et l\u00e9g\u00e8rement m\u00e9dicinal. Elle est traditionnellement utilis\u00e9e pour ses propri\u00e9t\u00e9s expectorantes, aidant \u00e0 \u00e9liminer la congestion et \u00e0 soutenir la sant\u00e9 respiratoire. Elle peut \u00e9galement r\u00e9chauffer et r\u00e9conforter les douleurs musculaires. Une huile robuste et th\u00e9rapeutique pour des applications cibl\u00e9es et une diffusion revigorante lorsqu&rsquo;un soutien respiratoire est n\u00e9cessaire.<\/p>\n","protected":false},"excerpt":{"rendered":"<p>Retrouvez le confort et le calme avec ce lot de 10 ml d&rsquo;huile essentielle de marjolaine d&rsquo;Espagne sans \u00e9tiquette. Souvent confondue avec la marjolaine douce, la marjolaine espagnole (Thymus mastichina) a un ar\u00f4me fort, herbac\u00e9, camphr\u00e9 et l\u00e9g\u00e8rement m\u00e9dicinal. Elle est traditionnellement utilis\u00e9e pour ses propri\u00e9t\u00e9s expectorantes, aidant \u00e0 \u00e9liminer la congestion et \u00e0 soutenir [&hellip;]<\/p>\n","protected":false},"featured_media":263998,"comment_status":"closed","ping_status":"open","template":"","meta":{"_angie_page":false},"product_brand":[27093],"product_cat":[16450,26860,23646,26268,25842],"product_tag":[],"class_list":{"0":"post-243640","1":"product","2":"type-product","3":"status-publish","4":"has-post-thumbnail","6":"product_brand-ancient-wisdom","7":"product_cat-aromatherapie-et-parfums-d-ambiance","8":"product_cat-herbes-aromatiques","9":"product_cat-huiles-essentielles","10":"product_cat-marjolaine-espagnole","11":"product_cat-senteurs-aromes","12":"pa_collection-gifts-unbranded-essential-oils-fr","13":"pa_made-in-espagne","14":"pa_size-10ml","16":"first","17":"instock","18":"purchasable","19":"product-type-simple"},"supplier_id":null,"supplier_sku":"EOUL-31","barcode":null,"atum_controlled":true,"out_stock_date":null,"out_stock_threshold":null,"inheritable":false,"inbound_stock":null,"stock_on_hold":0,"sold_today":0,"sales_last_days":0,"reserved_stock":null,"customer_returns":null,"warehouse_damage":null,"lost_in_post":null,"other_logs":null,"out_stock_days":0,"lost_sales":0,"has_location":null,"update_date":"2026-04-27T07:01:47","atum_locations":[],"atum_stock_status":"instock","restock_status":false,"low_stock_amount":"","sales_update_date":"2026-01-30T01:24:57","calc_backorders":null,"_links":{"self":[{"href":"https:\/\/aromasentia.com\/fr\/wp-json\/wp\/v2\/product\/243640","targetHints":{"allow":["GET"]}}],"collection":[{"href":"https:\/\/aromasentia.com\/fr\/wp-json\/wp\/v2\/product"}],"about":[{"href":"https:\/\/aromasentia.com\/fr\/wp-json\/wp\/v2\/types\/product"}],"replies":[{"embeddable":true,"href":"https:\/\/aromasentia.com\/fr\/wp-json\/wp\/v2\/comments?post=243640"}],"version-history":[{"count":0,"href":"https:\/\/aromasentia.com\/fr\/wp-json\/wp\/v2\/product\/243640\/revisions"}],"wp:featuredmedia":[{"embeddable":true,"href":"https:\/\/aromasentia.com\/fr\/wp-json\/wp\/v2\/media\/263998"}],"wp:attachment":[{"href":"https:\/\/aromasentia.com\/fr\/wp-json\/wp\/v2\/media?parent=243640"}],"wp:term":[{"taxonomy":"product_brand","embeddable":true,"href":"https:\/\/aromasentia.com\/fr\/wp-json\/wp\/v2\/product_brand?post=243640"},{"taxonomy":"product_cat","embeddable":true,"href":"https:\/\/aromasentia.com\/fr\/wp-json\/wp\/v2\/product_cat?post=243640"},{"taxonomy":"product_tag","embeddable":true,"href":"https:\/\/aromasentia.com\/fr\/wp-json\/wp\/v2\/product_tag?post=243640"}],"curies":[{"name":"wp","href":"https:\/\/api.w.org\/{rel}","templated":true}]}}