{"id":243632,"date":"2025-03-20T14:57:05","date_gmt":"2025-03-20T14:57:05","guid":{"rendered":"https:\/\/aromasentia.com\/product\/10x-10ml-lime-essential-oil-unlabelled\/"},"modified":"2025-06-23T19:20:56","modified_gmt":"2025-06-23T19:20:56","slug":"citron-vert-huile-essentielle-10ml-2","status":"publish","type":"product","link":"https:\/\/aromasentia.com\/fr\/citron-vert-huile-essentielle-10ml-2\/","title":{"rendered":"Citron vert &#8211; Huile Essentielle 10ml"},"content":{"rendered":"<p>Mettez du piquant dans votre vie avec ce lot de 10 ml d&rsquo;huile essentielle de citron vert sans \u00e9tiquette. Cette huile vibrante d\u00e9gage un parfum d&rsquo;agrumes piquant, acidul\u00e9, sucr\u00e9 et intens\u00e9ment rafra\u00eechissant qui remonte instantan\u00e9ment l&rsquo;humeur et dynamise l&rsquo;esprit. Le citron vert est connu pour ses propri\u00e9t\u00e9s nettoyantes, purifiantes et tonifiantes, b\u00e9n\u00e9fiques pour les peaux grasses et pour dissiper le brouillard mental. Une huile merveilleusement gaie et stimulante pour la diffusion, le nettoyage naturel, ou pour ajouter un coup de fouet vif et zest\u00e9 \u00e0 vos m\u00e9langes sur mesure et \u00e0 vos produits de soin.<\/p>\n","protected":false},"excerpt":{"rendered":"<p>Mettez du piquant dans votre vie avec ce lot de 10 ml d&rsquo;huile essentielle de citron vert sans \u00e9tiquette. Cette huile vibrante d\u00e9gage un parfum d&rsquo;agrumes piquant, acidul\u00e9, sucr\u00e9 et intens\u00e9ment rafra\u00eechissant qui remonte instantan\u00e9ment l&rsquo;humeur et dynamise l&rsquo;esprit. Le citron vert est connu pour ses propri\u00e9t\u00e9s nettoyantes, purifiantes et tonifiantes, b\u00e9n\u00e9fiques pour les peaux [&hellip;]<\/p>\n","protected":false},"featured_media":263980,"comment_status":"closed","ping_status":"open","template":"","meta":{"_angie_page":false},"product_brand":[27093],"product_cat":[16450,26259,23646,25842],"product_tag":[],"class_list":{"0":"post-243632","1":"product","2":"type-product","3":"status-publish","4":"has-post-thumbnail","6":"product_brand-ancient-wisdom","7":"product_cat-aromatherapie-et-parfums-d-ambiance","8":"product_cat-citron-vert","9":"product_cat-huiles-essentielles","10":"product_cat-senteurs-aromes","11":"pa_collection-gifts-unbranded-essential-oils-fr","12":"pa_made-in-mexique","13":"pa_size-10ml","15":"first","16":"instock","17":"purchasable","18":"product-type-simple"},"supplier_id":null,"supplier_sku":"EOUL-29","barcode":null,"atum_controlled":true,"out_stock_date":null,"out_stock_threshold":null,"inheritable":false,"inbound_stock":null,"stock_on_hold":0,"sold_today":0,"sales_last_days":0,"reserved_stock":null,"customer_returns":null,"warehouse_damage":null,"lost_in_post":null,"other_logs":null,"out_stock_days":0,"lost_sales":0,"has_location":null,"update_date":"2026-04-27T07:01:47","atum_locations":[],"atum_stock_status":"instock","restock_status":false,"low_stock_amount":"","sales_update_date":"2026-01-30T01:26:03","calc_backorders":null,"_links":{"self":[{"href":"https:\/\/aromasentia.com\/fr\/wp-json\/wp\/v2\/product\/243632","targetHints":{"allow":["GET"]}}],"collection":[{"href":"https:\/\/aromasentia.com\/fr\/wp-json\/wp\/v2\/product"}],"about":[{"href":"https:\/\/aromasentia.com\/fr\/wp-json\/wp\/v2\/types\/product"}],"replies":[{"embeddable":true,"href":"https:\/\/aromasentia.com\/fr\/wp-json\/wp\/v2\/comments?post=243632"}],"version-history":[{"count":0,"href":"https:\/\/aromasentia.com\/fr\/wp-json\/wp\/v2\/product\/243632\/revisions"}],"wp:featuredmedia":[{"embeddable":true,"href":"https:\/\/aromasentia.com\/fr\/wp-json\/wp\/v2\/media\/263980"}],"wp:attachment":[{"href":"https:\/\/aromasentia.com\/fr\/wp-json\/wp\/v2\/media?parent=243632"}],"wp:term":[{"taxonomy":"product_brand","embeddable":true,"href":"https:\/\/aromasentia.com\/fr\/wp-json\/wp\/v2\/product_brand?post=243632"},{"taxonomy":"product_cat","embeddable":true,"href":"https:\/\/aromasentia.com\/fr\/wp-json\/wp\/v2\/product_cat?post=243632"},{"taxonomy":"product_tag","embeddable":true,"href":"https:\/\/aromasentia.com\/fr\/wp-json\/wp\/v2\/product_tag?post=243632"}],"curies":[{"name":"wp","href":"https:\/\/api.w.org\/{rel}","templated":true}]}}