{"id":243628,"date":"2025-03-20T14:57:05","date_gmt":"2025-03-20T14:57:05","guid":{"rendered":"https:\/\/aromasentia.com\/product\/10x-10ml-lemongrass-essential-oil-unlabelled\/"},"modified":"2025-06-23T19:20:56","modified_gmt":"2025-06-23T19:20:56","slug":"verveine-des-indes-huile-essentielle-10ml","status":"publish","type":"product","link":"https:\/\/aromasentia.com\/fr\/verveine-des-indes-huile-essentielle-10ml\/","title":{"rendered":"Verveine des Indes &#8211; Huile Essentielle 10ml"},"content":{"rendered":"<p>Revigorez et nettoyez avec ce paquet de 10 ml d&rsquo;huile essentielle de citronnelle sans \u00e9tiquette. Avec son ar\u00f4me puissant, frais, citronn\u00e9 et herbac\u00e9, la citronnelle est un puissant d\u00e9sodorisant naturel, un insectifuge et un agent antimicrobien. Elle est \u00e9nergisante et stimulante, aidant \u00e0 stimuler l&rsquo;\u00e9nergie, \u00e0 soulager le stress et \u00e0 aiguiser la concentration. \u00c9galement b\u00e9n\u00e9fique pour tonifier la peau et apaiser les muscles endoloris, c&rsquo;est une huile polyvalente et vibrante pour les diffuseurs, les m\u00e9langes de nettoyage et les soins corporels revigorants, qui attend votre touche personnalis\u00e9e.<\/p>\n","protected":false},"excerpt":{"rendered":"<p>Revigorez et nettoyez avec ce paquet de 10 ml d&rsquo;huile essentielle de citronnelle sans \u00e9tiquette. Avec son ar\u00f4me puissant, frais, citronn\u00e9 et herbac\u00e9, la citronnelle est un puissant d\u00e9sodorisant naturel, un insectifuge et un agent antimicrobien. Elle est \u00e9nergisante et stimulante, aidant \u00e0 stimuler l&rsquo;\u00e9nergie, \u00e0 soulager le stress et \u00e0 aiguiser la concentration. \u00c9galement [&hellip;]<\/p>\n","protected":false},"featured_media":263971,"comment_status":"closed","ping_status":"open","template":"","meta":{"_angie_page":false},"product_brand":[27093],"product_cat":[16450,23646,26252,25842],"product_tag":[],"class_list":{"0":"post-243628","1":"product","2":"type-product","3":"status-publish","4":"has-post-thumbnail","6":"product_brand-ancient-wisdom","7":"product_cat-aromatherapie-et-parfums-d-ambiance","8":"product_cat-huiles-essentielles","9":"product_cat-lemongrass-citronnelle","10":"product_cat-senteurs-aromes","11":"pa_collection-gifts-unbranded-essential-oils-fr","12":"pa_made-in-inde","13":"pa_size-10ml","15":"first","16":"instock","17":"purchasable","18":"product-type-simple"},"supplier_id":null,"supplier_sku":"EOUL-28","barcode":null,"atum_controlled":true,"out_stock_date":null,"out_stock_threshold":null,"inheritable":false,"inbound_stock":null,"stock_on_hold":0,"sold_today":0,"sales_last_days":0,"reserved_stock":null,"customer_returns":null,"warehouse_damage":null,"lost_in_post":null,"other_logs":null,"out_stock_days":0,"lost_sales":0,"has_location":null,"update_date":"2026-04-27T07:01:47","atum_locations":[],"atum_stock_status":"instock","restock_status":false,"low_stock_amount":"","sales_update_date":"2026-01-30T01:26:17","calc_backorders":null,"_links":{"self":[{"href":"https:\/\/aromasentia.com\/fr\/wp-json\/wp\/v2\/product\/243628","targetHints":{"allow":["GET"]}}],"collection":[{"href":"https:\/\/aromasentia.com\/fr\/wp-json\/wp\/v2\/product"}],"about":[{"href":"https:\/\/aromasentia.com\/fr\/wp-json\/wp\/v2\/types\/product"}],"replies":[{"embeddable":true,"href":"https:\/\/aromasentia.com\/fr\/wp-json\/wp\/v2\/comments?post=243628"}],"version-history":[{"count":0,"href":"https:\/\/aromasentia.com\/fr\/wp-json\/wp\/v2\/product\/243628\/revisions"}],"wp:featuredmedia":[{"embeddable":true,"href":"https:\/\/aromasentia.com\/fr\/wp-json\/wp\/v2\/media\/263971"}],"wp:attachment":[{"href":"https:\/\/aromasentia.com\/fr\/wp-json\/wp\/v2\/media?parent=243628"}],"wp:term":[{"taxonomy":"product_brand","embeddable":true,"href":"https:\/\/aromasentia.com\/fr\/wp-json\/wp\/v2\/product_brand?post=243628"},{"taxonomy":"product_cat","embeddable":true,"href":"https:\/\/aromasentia.com\/fr\/wp-json\/wp\/v2\/product_cat?post=243628"},{"taxonomy":"product_tag","embeddable":true,"href":"https:\/\/aromasentia.com\/fr\/wp-json\/wp\/v2\/product_tag?post=243628"}],"curies":[{"name":"wp","href":"https:\/\/api.w.org\/{rel}","templated":true}]}}