{"id":243624,"date":"2025-03-20T14:57:05","date_gmt":"2025-03-20T14:57:05","guid":{"rendered":"https:\/\/aromasentia.com\/product\/10x-10ml-juniperberry-essential-oil-unlabelled\/"},"modified":"2025-06-23T19:20:55","modified_gmt":"2025-06-23T19:20:55","slug":"baies-de-genievre-huile-essentielle-10ml","status":"publish","type":"product","link":"https:\/\/aromasentia.com\/fr\/baies-de-genievre-huile-essentielle-10ml\/","title":{"rendered":"Baies de geni\u00e8vre &#8211; Huile Essentielle 10ml"},"content":{"rendered":"<p>Nettoyez et rafra\u00eechissez avec ce paquet de 10 ml d&rsquo;huile essentielle de geni\u00e8vre sans \u00e9tiquette. Cette huile a un ar\u00f4me frais, vif, bois\u00e9 et l\u00e9g\u00e8rement doux et balsamique, qui rappelle le gin. Le gen\u00e9vrier est bien connu pour ses propri\u00e9t\u00e9s d\u00e9toxifiantes, diur\u00e9tiques et purifiantes, souvent utilis\u00e9es pour soutenir la fonction r\u00e9nale et nettoyer le syst\u00e8me. Son ar\u00f4me clarifie l&rsquo;esprit et peut aider \u00e0 chasser la n\u00e9gativit\u00e9. Un excellent choix pour les m\u00e9langes de d\u00e9sintoxication, les diffusions purifiantes, ou pour ajouter une note propre et r\u00e9sineuse \u00e0 vos formulations.<\/p>\n","protected":false},"excerpt":{"rendered":"<p>Nettoyez et rafra\u00eechissez avec ce paquet de 10 ml d&rsquo;huile essentielle de geni\u00e8vre sans \u00e9tiquette. Cette huile a un ar\u00f4me frais, vif, bois\u00e9 et l\u00e9g\u00e8rement doux et balsamique, qui rappelle le gin. Le gen\u00e9vrier est bien connu pour ses propri\u00e9t\u00e9s d\u00e9toxifiantes, diur\u00e9tiques et purifiantes, souvent utilis\u00e9es pour soutenir la fonction r\u00e9nale et nettoyer le syst\u00e8me. [&hellip;]<\/p>\n","protected":false},"featured_media":263962,"comment_status":"closed","ping_status":"open","template":"","meta":{"_angie_page":false},"product_brand":[27093],"product_cat":[16450,26230,26895,23646,25842],"product_tag":[],"class_list":{"0":"post-243624","1":"product","2":"type-product","3":"status-publish","4":"has-post-thumbnail","6":"product_brand-ancient-wisdom","7":"product_cat-aromatherapie-et-parfums-d-ambiance","8":"product_cat-baie-de-genievre","9":"product_cat-boise","10":"product_cat-huiles-essentielles","11":"product_cat-senteurs-aromes","12":"pa_collection-gifts-unbranded-essential-oils-fr","13":"pa_made-in-croatie","14":"pa_size-10ml","16":"first","17":"instock","18":"purchasable","19":"product-type-simple"},"supplier_id":null,"supplier_sku":"EOUL-27","barcode":null,"atum_controlled":true,"out_stock_date":null,"out_stock_threshold":null,"inheritable":false,"inbound_stock":null,"stock_on_hold":0,"sold_today":0,"sales_last_days":0,"reserved_stock":null,"customer_returns":null,"warehouse_damage":null,"lost_in_post":null,"other_logs":null,"out_stock_days":9,"lost_sales":0,"has_location":null,"update_date":"2026-04-27T07:01:47","atum_locations":[],"atum_stock_status":"instock","restock_status":false,"low_stock_amount":"","sales_update_date":"2026-01-30T01:25:01","calc_backorders":null,"_links":{"self":[{"href":"https:\/\/aromasentia.com\/fr\/wp-json\/wp\/v2\/product\/243624","targetHints":{"allow":["GET"]}}],"collection":[{"href":"https:\/\/aromasentia.com\/fr\/wp-json\/wp\/v2\/product"}],"about":[{"href":"https:\/\/aromasentia.com\/fr\/wp-json\/wp\/v2\/types\/product"}],"replies":[{"embeddable":true,"href":"https:\/\/aromasentia.com\/fr\/wp-json\/wp\/v2\/comments?post=243624"}],"version-history":[{"count":0,"href":"https:\/\/aromasentia.com\/fr\/wp-json\/wp\/v2\/product\/243624\/revisions"}],"wp:featuredmedia":[{"embeddable":true,"href":"https:\/\/aromasentia.com\/fr\/wp-json\/wp\/v2\/media\/263962"}],"wp:attachment":[{"href":"https:\/\/aromasentia.com\/fr\/wp-json\/wp\/v2\/media?parent=243624"}],"wp:term":[{"taxonomy":"product_brand","embeddable":true,"href":"https:\/\/aromasentia.com\/fr\/wp-json\/wp\/v2\/product_brand?post=243624"},{"taxonomy":"product_cat","embeddable":true,"href":"https:\/\/aromasentia.com\/fr\/wp-json\/wp\/v2\/product_cat?post=243624"},{"taxonomy":"product_tag","embeddable":true,"href":"https:\/\/aromasentia.com\/fr\/wp-json\/wp\/v2\/product_tag?post=243624"}],"curies":[{"name":"wp","href":"https:\/\/api.w.org\/{rel}","templated":true}]}}