{"id":243612,"date":"2025-03-20T14:57:05","date_gmt":"2025-03-20T14:57:05","guid":{"rendered":"https:\/\/aromasentia.com\/product\/10x-10ml-cypress-essential-oil-unlabelled\/"},"modified":"2025-06-23T19:20:54","modified_gmt":"2025-06-23T19:20:54","slug":"cypres-huile-essentielle-10ml-2","status":"publish","type":"product","link":"https:\/\/aromasentia.com\/fr\/cypres-huile-essentielle-10ml-2\/","title":{"rendered":"Cypr\u00e8s &#8211; Huile Essentielle &#8211; 10ml"},"content":{"rendered":"<p><strong><span style=\"color: rgb(75, 80, 88);\">L&rsquo;huile essentielle de Cypr\u00e8s<\/span><\/strong> est extraite par distillation \u00e0 la vapeur du cypr\u00e8s italien ou m\u00e9diterran\u00e9en. L&rsquo;huile est prise &nbsp;des aiguilles et des brindilles des jeunes branches de ces arbres &nbsp;rendu c\u00e9l\u00e8bre par les peintures de Van Gogh. &nbsp;On dit que l&rsquo;huile calme les \u00e9motions fortes comme la col\u00e8re et est donc &nbsp;utile d&rsquo;avoir lors de changements majeurs dans sa vie.&nbsp;<\/p>\n<p>Cette huile essentielle agit comme un vasoconstricteur, aidant les varices et h\u00e9morro&iuml;des. C&rsquo;est cens\u00e9 bien marcher &nbsp;pour soulager toutes les conditions d&rsquo;exc\u00e8s de liquide tels que les &nbsp;menstruations, transpiration excessive, toux, bronchite, &nbsp;h\u00e9morragie et r\u00e9tention d&rsquo;eau. Cette huile apaise les muscles &nbsp;crampes, aide \u00e0 r\u00e9guler le cycle menstruel et soulage l&rsquo;arthrite &nbsp;et les douleurs rhumatismales.&nbsp;<\/p>\n<p>Utilisez cette huile dans un vaporisateur pour apaiser &nbsp;l&rsquo;esprit ainsi que pour tout trouble respiratoire comme l&rsquo;asthme, &nbsp;bronchite, coqueluche. Il peut \u00eatre utilis\u00e9 en dilution dans un &nbsp;compresse froide pour arr\u00eater les saignements de nez. Le cypr\u00e8s est consid\u00e9r\u00e9 comme un arbre de deuil selon la mythologie grecque et est souvent cultiv\u00e9 dans les cimeti\u00e8res pour cette raison.&nbsp;<\/p>\n<p>Il est \u00e9galement associ\u00e9 au dieu des enfers, Had\u00e8s. Les Ph\u00e9niciens et les Cr\u00e9tois utilisaient le bois de cet arbre pour construire des navires et des maisons. Les \u00e9gyptiens en ont fait des sarcophages et les Grecs y ont sculpt\u00e9 des statues de leurs dieux. La l\u00e9gende raconte que la croix de J\u00e9sus-Christ a \u00e9t\u00e9 faite de ce bois, une autre raison pour laquelle le cypr\u00e8s est li\u00e9 \u00e0 la mort. Ironiquement, le nom botanique du cypr\u00e8s est d\u00e9riv\u00e9 du grec &laquo; Sempervirens &raquo;, qui signifie &laquo; vivre pour toujours &raquo;.<\/p>\n<p><strong><span style=\"color: rgb(75, 80, 88);\">Nom latin :<\/span><\/strong> Cupressus Sempervirens. &nbsp;<\/p>\n<p><strong><span style=\"color: rgb(75, 80, 88);\">Partie de la plante utilis\u00e9e :<\/span><\/strong> aiguilles et brindilles &nbsp;<\/p>\n<p><strong><span style=\"color: rgb(75, 80, 88);\">Provenance :<\/span><\/strong> Espagne. &nbsp;<\/p>\n<p><strong><span style=\"color: rgb(75, 80, 88);\">M\u00e9thode d&rsquo;extraction :<\/span><\/strong> Distillation \u00e0 la vapeur.&nbsp;<\/p>\n","protected":false},"excerpt":{"rendered":"<p>L&rsquo;huile essentielle de Cypr\u00e8s est extraite par distillation \u00e0 la vapeur du cypr\u00e8s italien ou m\u00e9diterran\u00e9en. L&rsquo;huile est prise &nbsp;des aiguilles et des brindilles des jeunes branches de ces arbres &nbsp;rendu c\u00e9l\u00e8bre par les peintures de Van Gogh. &nbsp;On dit que l&rsquo;huile calme les \u00e9motions fortes comme la col\u00e8re et est donc &nbsp;utile d&rsquo;avoir lors [&hellip;]<\/p>\n","protected":false},"featured_media":263935,"comment_status":"closed","ping_status":"open","template":"","meta":{"_angie_page":false},"product_brand":[27093],"product_cat":[16450,26895,26168,23646,25842],"product_tag":[],"class_list":{"0":"post-243612","1":"product","2":"type-product","3":"status-publish","4":"has-post-thumbnail","6":"product_brand-ancient-wisdom","7":"product_cat-aromatherapie-et-parfums-d-ambiance","8":"product_cat-boise","9":"product_cat-cypres","10":"product_cat-huiles-essentielles","11":"product_cat-senteurs-aromes","12":"pa_collection-gifts-unbranded-essential-oils-fr","13":"pa_made-in-espagne","14":"pa_size-10ml","16":"first","17":"instock","18":"purchasable","19":"product-type-simple"},"supplier_id":null,"supplier_sku":"EOUL-23","barcode":null,"atum_controlled":true,"out_stock_date":null,"out_stock_threshold":null,"inheritable":false,"inbound_stock":0,"stock_on_hold":0,"sold_today":0,"sales_last_days":0,"reserved_stock":0,"customer_returns":0,"warehouse_damage":0,"lost_in_post":0,"other_logs":0,"out_stock_days":0,"lost_sales":0,"has_location":false,"update_date":"2026-04-27T07:01:47","atum_locations":[],"atum_stock_status":"instock","restock_status":false,"low_stock_amount":"","sales_update_date":"2026-02-06T00:01:32","calc_backorders":null,"_links":{"self":[{"href":"https:\/\/aromasentia.com\/fr\/wp-json\/wp\/v2\/product\/243612","targetHints":{"allow":["GET"]}}],"collection":[{"href":"https:\/\/aromasentia.com\/fr\/wp-json\/wp\/v2\/product"}],"about":[{"href":"https:\/\/aromasentia.com\/fr\/wp-json\/wp\/v2\/types\/product"}],"replies":[{"embeddable":true,"href":"https:\/\/aromasentia.com\/fr\/wp-json\/wp\/v2\/comments?post=243612"}],"version-history":[{"count":0,"href":"https:\/\/aromasentia.com\/fr\/wp-json\/wp\/v2\/product\/243612\/revisions"}],"wp:featuredmedia":[{"embeddable":true,"href":"https:\/\/aromasentia.com\/fr\/wp-json\/wp\/v2\/media\/263935"}],"wp:attachment":[{"href":"https:\/\/aromasentia.com\/fr\/wp-json\/wp\/v2\/media?parent=243612"}],"wp:term":[{"taxonomy":"product_brand","embeddable":true,"href":"https:\/\/aromasentia.com\/fr\/wp-json\/wp\/v2\/product_brand?post=243612"},{"taxonomy":"product_cat","embeddable":true,"href":"https:\/\/aromasentia.com\/fr\/wp-json\/wp\/v2\/product_cat?post=243612"},{"taxonomy":"product_tag","embeddable":true,"href":"https:\/\/aromasentia.com\/fr\/wp-json\/wp\/v2\/product_tag?post=243612"}],"curies":[{"name":"wp","href":"https:\/\/api.w.org\/{rel}","templated":true}]}}