{"id":243604,"date":"2025-03-20T14:57:05","date_gmt":"2025-03-20T14:57:05","guid":{"rendered":"https:\/\/aromasentia.com\/product\/10x-10ml-cinnamon-essential-oil-unlabelled\/"},"modified":"2025-06-23T19:20:50","modified_gmt":"2025-06-23T19:20:50","slug":"cannelle-huile-essentielle-10ml-2","status":"publish","type":"product","link":"https:\/\/aromasentia.com\/fr\/cannelle-huile-essentielle-10ml-2\/","title":{"rendered":"Cannelle &#8211; Huile Essentielle 10ml"},"content":{"rendered":"<p>R\u00e9chauffez vos sens avec ce paquet de 10 ml d&rsquo;huile essentielle de cannelle sans \u00e9tiquette. Cette huile puissante, provenant probablement de la feuille ou de l&rsquo;\u00e9corce de cannelle, offre un ar\u00f4me doux, \u00e9pic\u00e9 et intens\u00e9ment r\u00e9chauffant qui \u00e9voque le confort et la chaleur. La cannelle est connue pour ses propri\u00e9t\u00e9s stimulantes, antimicrobiennes et favorisant la circulation. Id\u00e9ale en diffusion pendant les mois les plus froids pour cr\u00e9er une atmosph\u00e8re festive et invitante, ou utilis\u00e9e avec pr\u00e9caution dans les m\u00e9langes r\u00e9chauffants. Un parfum puissant et r\u00e9confortant qui ajoute une touche d&rsquo;indulgence \u00e9pic\u00e9e \u00e0 votre collection aromatique.<\/p>\n","protected":false},"excerpt":{"rendered":"<p>R\u00e9chauffez vos sens avec ce paquet de 10 ml d&rsquo;huile essentielle de cannelle sans \u00e9tiquette. Cette huile puissante, provenant probablement de la feuille ou de l&rsquo;\u00e9corce de cannelle, offre un ar\u00f4me doux, \u00e9pic\u00e9 et intens\u00e9ment r\u00e9chauffant qui \u00e9voque le confort et la chaleur. La cannelle est connue pour ses propri\u00e9t\u00e9s stimulantes, antimicrobiennes et favorisant la [&hellip;]<\/p>\n","protected":false},"featured_media":263917,"comment_status":"closed","ping_status":"open","template":"","meta":{"_angie_page":false},"product_brand":[27093],"product_cat":[16450,26135,26888,23646,25842],"product_tag":[],"class_list":{"0":"post-243604","1":"product","2":"type-product","3":"status-publish","4":"has-post-thumbnail","6":"product_brand-ancient-wisdom","7":"product_cat-aromatherapie-et-parfums-d-ambiance","8":"product_cat-cannelle","9":"product_cat-epice","10":"product_cat-huiles-essentielles","11":"product_cat-senteurs-aromes","12":"pa_collection-gifts-unbranded-essential-oils-fr","13":"pa_made-in-sri-lanka","14":"pa_size-10ml","16":"first","17":"instock","18":"purchasable","19":"product-type-simple"},"supplier_id":null,"supplier_sku":"EOUL-21","barcode":null,"atum_controlled":true,"out_stock_date":null,"out_stock_threshold":null,"inheritable":false,"inbound_stock":null,"stock_on_hold":0,"sold_today":0,"sales_last_days":0,"reserved_stock":null,"customer_returns":null,"warehouse_damage":null,"lost_in_post":null,"other_logs":null,"out_stock_days":0,"lost_sales":0,"has_location":null,"update_date":"2026-04-27T07:01:47","atum_locations":[],"atum_stock_status":"instock","restock_status":false,"low_stock_amount":"","sales_update_date":"2026-02-06T00:02:50","calc_backorders":null,"_links":{"self":[{"href":"https:\/\/aromasentia.com\/fr\/wp-json\/wp\/v2\/product\/243604","targetHints":{"allow":["GET"]}}],"collection":[{"href":"https:\/\/aromasentia.com\/fr\/wp-json\/wp\/v2\/product"}],"about":[{"href":"https:\/\/aromasentia.com\/fr\/wp-json\/wp\/v2\/types\/product"}],"replies":[{"embeddable":true,"href":"https:\/\/aromasentia.com\/fr\/wp-json\/wp\/v2\/comments?post=243604"}],"version-history":[{"count":0,"href":"https:\/\/aromasentia.com\/fr\/wp-json\/wp\/v2\/product\/243604\/revisions"}],"wp:featuredmedia":[{"embeddable":true,"href":"https:\/\/aromasentia.com\/fr\/wp-json\/wp\/v2\/media\/263917"}],"wp:attachment":[{"href":"https:\/\/aromasentia.com\/fr\/wp-json\/wp\/v2\/media?parent=243604"}],"wp:term":[{"taxonomy":"product_brand","embeddable":true,"href":"https:\/\/aromasentia.com\/fr\/wp-json\/wp\/v2\/product_brand?post=243604"},{"taxonomy":"product_cat","embeddable":true,"href":"https:\/\/aromasentia.com\/fr\/wp-json\/wp\/v2\/product_cat?post=243604"},{"taxonomy":"product_tag","embeddable":true,"href":"https:\/\/aromasentia.com\/fr\/wp-json\/wp\/v2\/product_tag?post=243604"}],"curies":[{"name":"wp","href":"https:\/\/api.w.org\/{rel}","templated":true}]}}