{"id":243584,"date":"2025-03-20T14:57:34","date_gmt":"2025-03-20T14:57:34","guid":{"rendered":"https:\/\/aromasentia.com\/product\/10x-10ml-thyme-white-essential-oil-unlabelled\/"},"modified":"2025-06-23T19:20:48","modified_gmt":"2025-06-23T19:20:48","slug":"thym-blanc-huile-essentielle-10ml","status":"publish","type":"product","link":"https:\/\/aromasentia.com\/fr\/thym-blanc-huile-essentielle-10ml\/","title":{"rendered":"Thym blanc &#8211; Huile Essentielle 10ml"},"content":{"rendered":"<p>Nom latin : Thymus Vulgaris.<br \/>_x000D_<br \/>\nComposants distill\u00e9s: Feuilles et sommit\u00e9s.<br \/>_x000D_<br \/>\nOrigine: Espagne.<br \/>_x000D_<br \/>\nProc\u00e9d\u00e9 d\u2019extraction &#8211; Distillation \u00e0 la vapeur d\u2019eau<\/p>\n","protected":false},"excerpt":{"rendered":"<p>Nom latin : Thymus Vulgaris._x000D_ Composants distill\u00e9s: Feuilles et sommit\u00e9s._x000D_ Origine: Espagne._x000D_ Proc\u00e9d\u00e9 d\u2019extraction &#8211; Distillation \u00e0 la vapeur d\u2019eau<\/p>\n","protected":false},"featured_media":264106,"comment_status":"closed","ping_status":"open","template":"","meta":{"_angie_page":false},"product_brand":[27093],"product_cat":[16450,26860,23646,25842,26365],"product_tag":[],"class_list":{"0":"post-243584","1":"product","2":"type-product","3":"status-publish","4":"has-post-thumbnail","6":"product_brand-ancient-wisdom","7":"product_cat-aromatherapie-et-parfums-d-ambiance","8":"product_cat-herbes-aromatiques","9":"product_cat-huiles-essentielles","10":"product_cat-senteurs-aromes","11":"product_cat-thym-rouge","12":"pa_collection-gifts-unbranded-essential-oils-fr","13":"pa_made-in-espagne","14":"pa_size-10ml","16":"first","17":"outofstock","18":"purchasable","19":"product-type-simple"},"supplier_id":null,"supplier_sku":"EOUL-46","barcode":null,"atum_controlled":true,"out_stock_date":"2025-10-09 15:09:21","out_stock_threshold":null,"inheritable":false,"inbound_stock":null,"stock_on_hold":0,"sold_today":0,"sales_last_days":0,"reserved_stock":null,"customer_returns":null,"warehouse_damage":null,"lost_in_post":null,"other_logs":null,"out_stock_days":112,"lost_sales":0,"has_location":null,"update_date":"2026-01-30T01:25:21","atum_locations":[],"atum_stock_status":"outofstock","restock_status":false,"low_stock_amount":"","sales_update_date":"2026-01-30T01:25:21","calc_backorders":null,"_links":{"self":[{"href":"https:\/\/aromasentia.com\/fr\/wp-json\/wp\/v2\/product\/243584","targetHints":{"allow":["GET"]}}],"collection":[{"href":"https:\/\/aromasentia.com\/fr\/wp-json\/wp\/v2\/product"}],"about":[{"href":"https:\/\/aromasentia.com\/fr\/wp-json\/wp\/v2\/types\/product"}],"replies":[{"embeddable":true,"href":"https:\/\/aromasentia.com\/fr\/wp-json\/wp\/v2\/comments?post=243584"}],"version-history":[{"count":0,"href":"https:\/\/aromasentia.com\/fr\/wp-json\/wp\/v2\/product\/243584\/revisions"}],"wp:featuredmedia":[{"embeddable":true,"href":"https:\/\/aromasentia.com\/fr\/wp-json\/wp\/v2\/media\/264106"}],"wp:attachment":[{"href":"https:\/\/aromasentia.com\/fr\/wp-json\/wp\/v2\/media?parent=243584"}],"wp:term":[{"taxonomy":"product_brand","embeddable":true,"href":"https:\/\/aromasentia.com\/fr\/wp-json\/wp\/v2\/product_brand?post=243584"},{"taxonomy":"product_cat","embeddable":true,"href":"https:\/\/aromasentia.com\/fr\/wp-json\/wp\/v2\/product_cat?post=243584"},{"taxonomy":"product_tag","embeddable":true,"href":"https:\/\/aromasentia.com\/fr\/wp-json\/wp\/v2\/product_tag?post=243584"}],"curies":[{"name":"wp","href":"https:\/\/api.w.org\/{rel}","templated":true}]}}