{"id":243580,"date":"2025-03-20T14:57:34","date_gmt":"2025-03-20T14:57:34","guid":{"rendered":"https:\/\/aromasentia.com\/product\/10x-10ml-pine-sylvestris-essential-oil-unlabelled\/"},"modified":"2025-06-23T19:20:47","modified_gmt":"2025-06-23T19:20:47","slug":"pin-sylvestre-huile-essentielle-10ml","status":"publish","type":"product","link":"https:\/\/aromasentia.com\/fr\/pin-sylvestre-huile-essentielle-10ml\/","title":{"rendered":"Pin sylvestre &#8211; Huile Essentielle 10ml"},"content":{"rendered":"<p>Apportez la for\u00eat \u00e0 l&rsquo;int\u00e9rieur avec ce paquet de 10 ml d&rsquo;huile essentielle de pin sylvestre non \u00e9tiquet\u00e9. Capturant l&rsquo;ar\u00f4me frais, vif, balsamique et r\u00e9sineux d&rsquo;une for\u00eat de pins, cette huile est merveilleusement stimulante et purifiante. Le pin sylvestre est connu pour sa capacit\u00e9 \u00e0 soutenir la sant\u00e9 respiratoire, \u00e0 \u00e9liminer la congestion et \u00e0 dynamiser l&rsquo;esprit. Son parfum pur et vivifiant peut \u00e9galement aider \u00e0 neutraliser les odeurs et \u00e0 cr\u00e9er une atmosph\u00e8re rafra\u00eechissante. Id\u00e9al en diffusion pour \u00e9voquer un sentiment d&rsquo;espace ouvert et de vitalit\u00e9 naturelle.<\/p>\n","protected":false},"excerpt":{"rendered":"<p>Apportez la for\u00eat \u00e0 l&rsquo;int\u00e9rieur avec ce paquet de 10 ml d&rsquo;huile essentielle de pin sylvestre non \u00e9tiquet\u00e9. Capturant l&rsquo;ar\u00f4me frais, vif, balsamique et r\u00e9sineux d&rsquo;une for\u00eat de pins, cette huile est merveilleusement stimulante et purifiante. Le pin sylvestre est connu pour sa capacit\u00e9 \u00e0 soutenir la sant\u00e9 respiratoire, \u00e0 \u00e9liminer la congestion et \u00e0 [&hellip;]<\/p>\n","protected":false},"featured_media":264097,"comment_status":"closed","ping_status":"open","template":"","meta":{"_angie_page":false},"product_brand":[27093],"product_cat":[16450,26895,23646,26346,25842],"product_tag":[],"class_list":{"0":"post-243580","1":"product","2":"type-product","3":"status-publish","4":"has-post-thumbnail","6":"product_brand-ancient-wisdom","7":"product_cat-aromatherapie-et-parfums-d-ambiance","8":"product_cat-boise","9":"product_cat-huiles-essentielles","10":"product_cat-pin-sylvestre-pinus-sylvestris","11":"product_cat-senteurs-aromes","12":"pa_collection-gifts-unbranded-essential-oils-fr","13":"pa_made-in-serbie","14":"pa_size-10ml","16":"first","17":"instock","18":"purchasable","19":"product-type-simple"},"supplier_id":null,"supplier_sku":"EOUL-45","barcode":null,"atum_controlled":true,"out_stock_date":null,"out_stock_threshold":null,"inheritable":false,"inbound_stock":null,"stock_on_hold":0,"sold_today":0,"sales_last_days":0,"reserved_stock":null,"customer_returns":null,"warehouse_damage":null,"lost_in_post":null,"other_logs":null,"out_stock_days":9,"lost_sales":0,"has_location":null,"update_date":"2026-04-27T07:01:53","atum_locations":[],"atum_stock_status":"instock","restock_status":false,"low_stock_amount":"","sales_update_date":"2026-01-30T01:24:56","calc_backorders":null,"_links":{"self":[{"href":"https:\/\/aromasentia.com\/fr\/wp-json\/wp\/v2\/product\/243580","targetHints":{"allow":["GET"]}}],"collection":[{"href":"https:\/\/aromasentia.com\/fr\/wp-json\/wp\/v2\/product"}],"about":[{"href":"https:\/\/aromasentia.com\/fr\/wp-json\/wp\/v2\/types\/product"}],"replies":[{"embeddable":true,"href":"https:\/\/aromasentia.com\/fr\/wp-json\/wp\/v2\/comments?post=243580"}],"version-history":[{"count":0,"href":"https:\/\/aromasentia.com\/fr\/wp-json\/wp\/v2\/product\/243580\/revisions"}],"wp:featuredmedia":[{"embeddable":true,"href":"https:\/\/aromasentia.com\/fr\/wp-json\/wp\/v2\/media\/264097"}],"wp:attachment":[{"href":"https:\/\/aromasentia.com\/fr\/wp-json\/wp\/v2\/media?parent=243580"}],"wp:term":[{"taxonomy":"product_brand","embeddable":true,"href":"https:\/\/aromasentia.com\/fr\/wp-json\/wp\/v2\/product_brand?post=243580"},{"taxonomy":"product_cat","embeddable":true,"href":"https:\/\/aromasentia.com\/fr\/wp-json\/wp\/v2\/product_cat?post=243580"},{"taxonomy":"product_tag","embeddable":true,"href":"https:\/\/aromasentia.com\/fr\/wp-json\/wp\/v2\/product_tag?post=243580"}],"curies":[{"name":"wp","href":"https:\/\/api.w.org\/{rel}","templated":true}]}}