{"id":243576,"date":"2025-03-20T14:57:34","date_gmt":"2025-03-20T14:57:34","guid":{"rendered":"https:\/\/aromasentia.com\/product\/10x-10ml-niaouli-essential-oil-unlabelled\/"},"modified":"2025-06-23T19:20:47","modified_gmt":"2025-06-23T19:20:47","slug":"niaouli-huile-essentielle-10ml","status":"publish","type":"product","link":"https:\/\/aromasentia.com\/fr\/niaouli-huile-essentielle-10ml\/","title":{"rendered":"Niaouli &#8211; Huile Essentielle 10ml"},"content":{"rendered":"<p>Nettoyez et revigorez avec ce paquet de 10 ml d&rsquo;huile essentielle de niaouli sans \u00e9tiquette. Proche du Tea Tree, le Niaouli a un ar\u00f4me puissant, frais, camphr\u00e9 et l\u00e9g\u00e8rement sucr\u00e9. Elle est connue pour ses puissantes propri\u00e9t\u00e9s antiseptiques, antivirales et expectorantes, ce qui la rend excellente pour le soutien respiratoire et le nettoyage de la peau. Son parfum stimulant peut \u00e9galement aider \u00e0 \u00e9claircir l&rsquo;esprit et \u00e0 stimuler la vigilance. Une huile robuste et purifiante, id\u00e9ale pour la diffusion pendant la saison froide ou pour l&rsquo;ajout \u00e0 des pr\u00e9parations de soins clarifiants.<\/p>\n","protected":false},"excerpt":{"rendered":"<p>Nettoyez et revigorez avec ce paquet de 10 ml d&rsquo;huile essentielle de niaouli sans \u00e9tiquette. Proche du Tea Tree, le Niaouli a un ar\u00f4me puissant, frais, camphr\u00e9 et l\u00e9g\u00e8rement sucr\u00e9. Elle est connue pour ses puissantes propri\u00e9t\u00e9s antiseptiques, antivirales et expectorantes, ce qui la rend excellente pour le soutien respiratoire et le nettoyage de la [&hellip;]<\/p>\n","protected":false},"featured_media":264088,"comment_status":"closed","ping_status":"open","template":"","meta":{"_angie_page":false},"product_brand":[27093],"product_cat":[16450,23646,26867,26300,25842],"product_tag":[],"class_list":{"0":"post-243576","1":"product","2":"type-product","3":"status-publish","4":"has-post-thumbnail","6":"product_brand-ancient-wisdom","7":"product_cat-aromatherapie-et-parfums-d-ambiance","8":"product_cat-huiles-essentielles","9":"product_cat-medicinal-camphre","10":"product_cat-niaouli","11":"product_cat-senteurs-aromes","12":"pa_collection-gifts-unbranded-essential-oils-fr","13":"pa_made-in-indonesie","14":"pa_size-10ml","16":"first","17":"instock","18":"purchasable","19":"product-type-simple"},"supplier_id":null,"supplier_sku":"EOUL-44","barcode":null,"atum_controlled":true,"out_stock_date":null,"out_stock_threshold":null,"inheritable":false,"inbound_stock":null,"stock_on_hold":0,"sold_today":0,"sales_last_days":0,"reserved_stock":null,"customer_returns":null,"warehouse_damage":null,"lost_in_post":null,"other_logs":null,"out_stock_days":9,"lost_sales":0,"has_location":null,"update_date":"2026-04-27T07:01:53","atum_locations":[],"atum_stock_status":"instock","restock_status":false,"low_stock_amount":"","sales_update_date":"2026-01-30T01:25:01","calc_backorders":null,"_links":{"self":[{"href":"https:\/\/aromasentia.com\/fr\/wp-json\/wp\/v2\/product\/243576","targetHints":{"allow":["GET"]}}],"collection":[{"href":"https:\/\/aromasentia.com\/fr\/wp-json\/wp\/v2\/product"}],"about":[{"href":"https:\/\/aromasentia.com\/fr\/wp-json\/wp\/v2\/types\/product"}],"replies":[{"embeddable":true,"href":"https:\/\/aromasentia.com\/fr\/wp-json\/wp\/v2\/comments?post=243576"}],"version-history":[{"count":0,"href":"https:\/\/aromasentia.com\/fr\/wp-json\/wp\/v2\/product\/243576\/revisions"}],"wp:featuredmedia":[{"embeddable":true,"href":"https:\/\/aromasentia.com\/fr\/wp-json\/wp\/v2\/media\/264088"}],"wp:attachment":[{"href":"https:\/\/aromasentia.com\/fr\/wp-json\/wp\/v2\/media?parent=243576"}],"wp:term":[{"taxonomy":"product_brand","embeddable":true,"href":"https:\/\/aromasentia.com\/fr\/wp-json\/wp\/v2\/product_brand?post=243576"},{"taxonomy":"product_cat","embeddable":true,"href":"https:\/\/aromasentia.com\/fr\/wp-json\/wp\/v2\/product_cat?post=243576"},{"taxonomy":"product_tag","embeddable":true,"href":"https:\/\/aromasentia.com\/fr\/wp-json\/wp\/v2\/product_tag?post=243576"}],"curies":[{"name":"wp","href":"https:\/\/api.w.org\/{rel}","templated":true}]}}