{"id":243564,"date":"2025-03-20T14:57:34","date_gmt":"2025-03-20T14:57:34","guid":{"rendered":"https:\/\/aromasentia.com\/product\/10x-10ml-myrrh-essential-oil-unlabelled\/"},"modified":"2025-06-23T19:20:43","modified_gmt":"2025-06-23T19:20:43","slug":"myrrhe-huile-essentielle-10ml","status":"publish","type":"product","link":"https:\/\/aromasentia.com\/fr\/myrrhe-huile-essentielle-10ml\/","title":{"rendered":"Myrrhe &#8211; Huile Essentielle 10ml"},"content":{"rendered":"<p>Embrassez la tranquillit\u00e9 sacr\u00e9e avec ce paquet de 10 ml d&rsquo;huile essentielle de myrrhe sans \u00e9tiquette. Avec son ar\u00f4me chaud, terreux, balsamique et l\u00e9g\u00e8rement fum\u00e9, la myrrhe est utilis\u00e9e depuis des mill\u00e9naires dans les pratiques spirituelles et la m\u00e9decine traditionnelle. Elle est r\u00e9put\u00e9e pour ses propri\u00e9t\u00e9s de mise \u00e0 la terre, de m\u00e9ditation et de purification. Dans les soins de la peau, elle est appr\u00e9ci\u00e9e pour sa capacit\u00e9 \u00e0 apaiser les ger\u00e7ures, \u00e0 favoriser la cicatrisation et \u00e0 rajeunir les teints matures. Une huile \u00e0 la r\u00e9sonance profonde pour la connexion spirituelle, le calme profond et la restauration de la peau, pr\u00eate pour votre marque unique.<\/p>\n","protected":false},"excerpt":{"rendered":"<p>Embrassez la tranquillit\u00e9 sacr\u00e9e avec ce paquet de 10 ml d&rsquo;huile essentielle de myrrhe sans \u00e9tiquette. Avec son ar\u00f4me chaud, terreux, balsamique et l\u00e9g\u00e8rement fum\u00e9, la myrrhe est utilis\u00e9e depuis des mill\u00e9naires dans les pratiques spirituelles et la m\u00e9decine traditionnelle. Elle est r\u00e9put\u00e9e pour ses propri\u00e9t\u00e9s de mise \u00e0 la terre, de m\u00e9ditation et de [&hellip;]<\/p>\n","protected":false},"featured_media":264061,"comment_status":"closed","ping_status":"open","template":"","meta":{"_angie_page":false},"product_brand":[27093],"product_cat":[16450,23646,26285,26881,25842],"product_tag":[],"class_list":{"0":"post-243564","1":"product","2":"type-product","3":"status-publish","4":"has-post-thumbnail","6":"product_brand-ancient-wisdom","7":"product_cat-aromatherapie-et-parfums-d-ambiance","8":"product_cat-huiles-essentielles","9":"product_cat-myrrh","10":"product_cat-resineux-balsamique","11":"product_cat-senteurs-aromes","12":"pa_collection-gifts-unbranded-essential-oils-fr","13":"pa_made-in-somalie","14":"pa_size-10ml","16":"first","17":"instock","18":"purchasable","19":"product-type-simple"},"supplier_id":null,"supplier_sku":"EOUL-40","barcode":null,"atum_controlled":true,"out_stock_date":null,"out_stock_threshold":null,"inheritable":false,"inbound_stock":null,"stock_on_hold":0,"sold_today":0,"sales_last_days":0,"reserved_stock":null,"customer_returns":null,"warehouse_damage":null,"lost_in_post":null,"other_logs":null,"out_stock_days":9,"lost_sales":0,"has_location":null,"update_date":"2026-04-27T07:01:53","atum_locations":[],"atum_stock_status":"instock","restock_status":false,"low_stock_amount":"","sales_update_date":"2026-01-30T01:24:53","calc_backorders":null,"_links":{"self":[{"href":"https:\/\/aromasentia.com\/fr\/wp-json\/wp\/v2\/product\/243564","targetHints":{"allow":["GET"]}}],"collection":[{"href":"https:\/\/aromasentia.com\/fr\/wp-json\/wp\/v2\/product"}],"about":[{"href":"https:\/\/aromasentia.com\/fr\/wp-json\/wp\/v2\/types\/product"}],"replies":[{"embeddable":true,"href":"https:\/\/aromasentia.com\/fr\/wp-json\/wp\/v2\/comments?post=243564"}],"version-history":[{"count":0,"href":"https:\/\/aromasentia.com\/fr\/wp-json\/wp\/v2\/product\/243564\/revisions"}],"wp:featuredmedia":[{"embeddable":true,"href":"https:\/\/aromasentia.com\/fr\/wp-json\/wp\/v2\/media\/264061"}],"wp:attachment":[{"href":"https:\/\/aromasentia.com\/fr\/wp-json\/wp\/v2\/media?parent=243564"}],"wp:term":[{"taxonomy":"product_brand","embeddable":true,"href":"https:\/\/aromasentia.com\/fr\/wp-json\/wp\/v2\/product_brand?post=243564"},{"taxonomy":"product_cat","embeddable":true,"href":"https:\/\/aromasentia.com\/fr\/wp-json\/wp\/v2\/product_cat?post=243564"},{"taxonomy":"product_tag","embeddable":true,"href":"https:\/\/aromasentia.com\/fr\/wp-json\/wp\/v2\/product_tag?post=243564"}],"curies":[{"name":"wp","href":"https:\/\/api.w.org\/{rel}","templated":true}]}}