{"id":243548,"date":"2025-03-20T14:57:34","date_gmt":"2025-03-20T14:57:34","guid":{"rendered":"https:\/\/aromasentia.com\/product\/10x-10ml-orange-essential-oil-unlabelled\/"},"modified":"2025-06-23T19:20:41","modified_gmt":"2025-06-23T19:20:41","slug":"orange-huile-essentielle-10ml-2","status":"publish","type":"product","link":"https:\/\/aromasentia.com\/fr\/orange-huile-essentielle-10ml-2\/","title":{"rendered":"Orange &#8211; Huile Essentielle 10ml"},"content":{"rendered":"<p>R\u00e9pandez la bonne humeur avec ce paquet de 10 ml d&rsquo;huile essentielle d&rsquo;orange sans \u00e9tiquette. Avec son ar\u00f4me d&rsquo;agrumes doux, frais et merveilleusement fruit\u00e9, l&rsquo;huile d&rsquo;orange douce est comme un rayon de soleil dans un flacon. Elle est r\u00e9put\u00e9e pour ses propri\u00e9t\u00e9s stimulantes, sa capacit\u00e9 \u00e0 am\u00e9liorer l&rsquo;humeur et \u00e0 soulager le stress, contribuant ainsi \u00e0 cr\u00e9er une atmosph\u00e8re heureuse et d\u00e9tendue. Son parfum doux et joyeux est appr\u00e9ci\u00e9 par tous les \u00e2ges et est id\u00e9al pour purifier l&rsquo;air ou ajouter une note lumineuse aux m\u00e9langes de soins de la peau et de nettoyage. Une huile polyvalente et joyeuse pour le bien-\u00eatre quotidien.<\/p>\n","protected":false},"excerpt":{"rendered":"<p>R\u00e9pandez la bonne humeur avec ce paquet de 10 ml d&rsquo;huile essentielle d&rsquo;orange sans \u00e9tiquette. Avec son ar\u00f4me d&rsquo;agrumes doux, frais et merveilleusement fruit\u00e9, l&rsquo;huile d&rsquo;orange douce est comme un rayon de soleil dans un flacon. Elle est r\u00e9put\u00e9e pour ses propri\u00e9t\u00e9s stimulantes, sa capacit\u00e9 \u00e0 am\u00e9liorer l&rsquo;humeur et \u00e0 soulager le stress, contribuant ainsi [&hellip;]<\/p>\n","protected":false},"featured_media":264025,"comment_status":"closed","ping_status":"open","template":"","meta":{"_angie_page":false},"product_brand":[27093],"product_cat":[16450,23646,26307,25842],"product_tag":[],"class_list":{"0":"post-243548","1":"product","2":"type-product","3":"status-publish","4":"has-post-thumbnail","6":"product_brand-ancient-wisdom","7":"product_cat-aromatherapie-et-parfums-d-ambiance","8":"product_cat-huiles-essentielles","9":"product_cat-orange","10":"product_cat-senteurs-aromes","11":"pa_collection-gifts-unbranded-essential-oils-fr","12":"pa_made-in-bresil","13":"pa_size-10ml","15":"first","16":"instock","17":"purchasable","18":"product-type-simple"},"supplier_id":null,"supplier_sku":"EOUL-35","barcode":null,"atum_controlled":true,"out_stock_date":null,"out_stock_threshold":null,"inheritable":false,"inbound_stock":null,"stock_on_hold":0,"sold_today":0,"sales_last_days":0,"reserved_stock":null,"customer_returns":null,"warehouse_damage":null,"lost_in_post":null,"other_logs":null,"out_stock_days":0,"lost_sales":0,"has_location":null,"update_date":"2026-04-27T07:01:47","atum_locations":[],"atum_stock_status":"instock","restock_status":false,"low_stock_amount":"","sales_update_date":"2026-01-30T01:26:19","calc_backorders":null,"_links":{"self":[{"href":"https:\/\/aromasentia.com\/fr\/wp-json\/wp\/v2\/product\/243548","targetHints":{"allow":["GET"]}}],"collection":[{"href":"https:\/\/aromasentia.com\/fr\/wp-json\/wp\/v2\/product"}],"about":[{"href":"https:\/\/aromasentia.com\/fr\/wp-json\/wp\/v2\/types\/product"}],"replies":[{"embeddable":true,"href":"https:\/\/aromasentia.com\/fr\/wp-json\/wp\/v2\/comments?post=243548"}],"version-history":[{"count":0,"href":"https:\/\/aromasentia.com\/fr\/wp-json\/wp\/v2\/product\/243548\/revisions"}],"wp:featuredmedia":[{"embeddable":true,"href":"https:\/\/aromasentia.com\/fr\/wp-json\/wp\/v2\/media\/264025"}],"wp:attachment":[{"href":"https:\/\/aromasentia.com\/fr\/wp-json\/wp\/v2\/media?parent=243548"}],"wp:term":[{"taxonomy":"product_brand","embeddable":true,"href":"https:\/\/aromasentia.com\/fr\/wp-json\/wp\/v2\/product_brand?post=243548"},{"taxonomy":"product_cat","embeddable":true,"href":"https:\/\/aromasentia.com\/fr\/wp-json\/wp\/v2\/product_cat?post=243548"},{"taxonomy":"product_tag","embeddable":true,"href":"https:\/\/aromasentia.com\/fr\/wp-json\/wp\/v2\/product_tag?post=243548"}],"curies":[{"name":"wp","href":"https:\/\/api.w.org\/{rel}","templated":true}]}}