{"id":243528,"date":"2025-03-20T14:58:02","date_gmt":"2025-03-20T14:58:02","guid":{"rendered":"https:\/\/aromasentia.com\/product\/10x-10ml-melissa-blend-essential-oil-unlabelled\/"},"modified":"2025-06-23T19:20:39","modified_gmt":"2025-06-23T19:20:39","slug":"melisse-melange-huile-essentielle-10ml-2","status":"publish","type":"product","link":"https:\/\/aromasentia.com\/fr\/melisse-melange-huile-essentielle-10ml-2\/","title":{"rendered":"M\u00e9lisse (m\u00e9lange) &#8211; Huile Essentielle 10ml"},"content":{"rendered":"<p>Ce paquet de 10 ml d&rsquo;huile essentielle de m\u00e9lisse (m\u00e9lange), sans \u00e9tiquette, est une source d&rsquo;inspiration et de rafra\u00eechissement. Souvent connue sous le nom de m\u00e9lisse, la m\u00e9lisse a un ar\u00f4me l\u00e9ger, frais, doux et citronn\u00e9, appr\u00e9ci\u00e9 pour ses propri\u00e9t\u00e9s calmantes et stimulantes. Ce m\u00e9lange capture son essence joyeuse, parfaite pour soulager la tension nerveuse, promouvoir le bien-\u00eatre \u00e9motionnel et cr\u00e9er une atmosph\u00e8re lumineuse et joyeuse. Id\u00e9al pour la diffusion ou les applications topiques douces lorsqu&rsquo;il est correctement dilu\u00e9, il apporte une touche de soleil et de s\u00e9r\u00e9nit\u00e9 \u00e0 votre journ\u00e9e, pr\u00eate \u00e0 recevoir votre marque unique.<\/p>\n","protected":false},"excerpt":{"rendered":"<p>Ce paquet de 10 ml d&rsquo;huile essentielle de m\u00e9lisse (m\u00e9lange), sans \u00e9tiquette, est une source d&rsquo;inspiration et de rafra\u00eechissement. Souvent connue sous le nom de m\u00e9lisse, la m\u00e9lisse a un ar\u00f4me l\u00e9ger, frais, doux et citronn\u00e9, appr\u00e9ci\u00e9 pour ses propri\u00e9t\u00e9s calmantes et stimulantes. Ce m\u00e9lange capture son essence joyeuse, parfaite pour soulager la tension nerveuse, [&hellip;]<\/p>\n","protected":false},"featured_media":264214,"comment_status":"closed","ping_status":"open","template":"","meta":{"_angie_page":false},"product_brand":[27093],"product_cat":[16450,26860,23646,26278,25842,26649],"product_tag":[],"class_list":{"0":"post-243528","1":"product","2":"type-product","3":"status-publish","4":"has-post-thumbnail","6":"product_brand-ancient-wisdom","7":"product_cat-aromatherapie-et-parfums-d-ambiance","8":"product_cat-herbes-aromatiques","9":"product_cat-huiles-essentielles","10":"product_cat-melisse-melange","11":"product_cat-senteurs-aromes","12":"product_cat-synergies-dhuiles-essentielles","13":"pa_collection-gifts-unbranded-essential-oils-fr","14":"pa_made-in-royaume-uni","15":"pa_size-10ml","17":"first","18":"instock","19":"purchasable","20":"product-type-simple"},"supplier_id":null,"supplier_sku":"EOUL-61","barcode":null,"atum_controlled":true,"out_stock_date":null,"out_stock_threshold":null,"inheritable":false,"inbound_stock":null,"stock_on_hold":0,"sold_today":0,"sales_last_days":0,"reserved_stock":null,"customer_returns":null,"warehouse_damage":null,"lost_in_post":null,"other_logs":null,"out_stock_days":0,"lost_sales":0,"has_location":null,"update_date":"2026-05-04T00:02:52","atum_locations":[],"atum_stock_status":"instock","restock_status":false,"low_stock_amount":"","sales_update_date":"2026-02-06T00:02:50","calc_backorders":null,"_links":{"self":[{"href":"https:\/\/aromasentia.com\/fr\/wp-json\/wp\/v2\/product\/243528","targetHints":{"allow":["GET"]}}],"collection":[{"href":"https:\/\/aromasentia.com\/fr\/wp-json\/wp\/v2\/product"}],"about":[{"href":"https:\/\/aromasentia.com\/fr\/wp-json\/wp\/v2\/types\/product"}],"replies":[{"embeddable":true,"href":"https:\/\/aromasentia.com\/fr\/wp-json\/wp\/v2\/comments?post=243528"}],"version-history":[{"count":0,"href":"https:\/\/aromasentia.com\/fr\/wp-json\/wp\/v2\/product\/243528\/revisions"}],"wp:featuredmedia":[{"embeddable":true,"href":"https:\/\/aromasentia.com\/fr\/wp-json\/wp\/v2\/media\/264214"}],"wp:attachment":[{"href":"https:\/\/aromasentia.com\/fr\/wp-json\/wp\/v2\/media?parent=243528"}],"wp:term":[{"taxonomy":"product_brand","embeddable":true,"href":"https:\/\/aromasentia.com\/fr\/wp-json\/wp\/v2\/product_brand?post=243528"},{"taxonomy":"product_cat","embeddable":true,"href":"https:\/\/aromasentia.com\/fr\/wp-json\/wp\/v2\/product_cat?post=243528"},{"taxonomy":"product_tag","embeddable":true,"href":"https:\/\/aromasentia.com\/fr\/wp-json\/wp\/v2\/product_tag?post=243528"}],"curies":[{"name":"wp","href":"https:\/\/api.w.org\/{rel}","templated":true}]}}