{"id":243516,"date":"2025-03-20T14:58:02","date_gmt":"2025-03-20T14:58:02","guid":{"rendered":"https:\/\/aromasentia.com\/product\/10x-10ml-dill-seed-essential-oil-unlabelled\/"},"modified":"2025-06-23T19:20:35","modified_gmt":"2025-06-23T19:20:35","slug":"graines-daneth-huile-essentielle-10ml-2","status":"publish","type":"product","link":"https:\/\/aromasentia.com\/fr\/graines-daneth-huile-essentielle-10ml-2\/","title":{"rendered":"Graines d&rsquo;aneth &#8211; Huile Essentielle 10ml"},"content":{"rendered":"<p>Apaisez et calmez-vous avec ce lot de 10 ml d&rsquo;huile essentielle de graines d&rsquo;aneth sans \u00e9tiquette. Cette huile a un ar\u00f4me distinctif, herbac\u00e9, l\u00e9g\u00e8rement \u00e9pic\u00e9 et doux qui rappelle l&rsquo;aneth frais. Traditionnellement, l&rsquo;huile de graines d&rsquo;aneth est connue pour ses propri\u00e9t\u00e9s carminatives, aidant \u00e0 soulager l&rsquo;inconfort digestif, les ballonnements et les gaz. Son parfum apaisant peut \u00e9galement \u00eatre \u00e9tonnamment relaxant et contribuer \u00e0 apaiser les tensions nerveuses. Une huile unique et douce pour promouvoir le bien-\u00eatre digestif et un sentiment de calme, pr\u00eate pour votre \u00e9tiquetage individuel.<\/p>\n","protected":false},"excerpt":{"rendered":"<p>Apaisez et calmez-vous avec ce lot de 10 ml d&rsquo;huile essentielle de graines d&rsquo;aneth sans \u00e9tiquette. Cette huile a un ar\u00f4me distinctif, herbac\u00e9, l\u00e9g\u00e8rement \u00e9pic\u00e9 et doux qui rappelle l&rsquo;aneth frais. Traditionnellement, l&rsquo;huile de graines d&rsquo;aneth est connue pour ses propri\u00e9t\u00e9s carminatives, aidant \u00e0 soulager l&rsquo;inconfort digestif, les ballonnements et les gaz. Son parfum apaisant [&hellip;]<\/p>\n","protected":false},"featured_media":264187,"comment_status":"closed","ping_status":"open","template":"","meta":{"_angie_page":false},"product_brand":[27093],"product_cat":[16450,26174,26860,23646,25842],"product_tag":[],"class_list":{"0":"post-243516","1":"product","2":"type-product","3":"status-publish","4":"has-post-thumbnail","6":"product_brand-ancient-wisdom","7":"product_cat-aromatherapie-et-parfums-d-ambiance","8":"product_cat-graine-d-aneth","9":"product_cat-herbes-aromatiques","10":"product_cat-huiles-essentielles","11":"product_cat-senteurs-aromes","12":"pa_collection-gifts-unbranded-essential-oils-fr","13":"pa_made-in-hongrie","14":"pa_size-10ml","16":"first","17":"instock","18":"purchasable","19":"product-type-simple"},"supplier_id":null,"supplier_sku":"EOUL-58","barcode":null,"atum_controlled":true,"out_stock_date":null,"out_stock_threshold":null,"inheritable":false,"inbound_stock":null,"stock_on_hold":0,"sold_today":0,"sales_last_days":0,"reserved_stock":null,"customer_returns":null,"warehouse_damage":null,"lost_in_post":null,"other_logs":null,"out_stock_days":0,"lost_sales":0,"has_location":null,"update_date":"2026-04-27T07:01:53","atum_locations":[],"atum_stock_status":"instock","restock_status":false,"low_stock_amount":"","sales_update_date":"2025-09-05T00:16:42","calc_backorders":null,"_links":{"self":[{"href":"https:\/\/aromasentia.com\/fr\/wp-json\/wp\/v2\/product\/243516","targetHints":{"allow":["GET"]}}],"collection":[{"href":"https:\/\/aromasentia.com\/fr\/wp-json\/wp\/v2\/product"}],"about":[{"href":"https:\/\/aromasentia.com\/fr\/wp-json\/wp\/v2\/types\/product"}],"replies":[{"embeddable":true,"href":"https:\/\/aromasentia.com\/fr\/wp-json\/wp\/v2\/comments?post=243516"}],"version-history":[{"count":0,"href":"https:\/\/aromasentia.com\/fr\/wp-json\/wp\/v2\/product\/243516\/revisions"}],"wp:featuredmedia":[{"embeddable":true,"href":"https:\/\/aromasentia.com\/fr\/wp-json\/wp\/v2\/media\/264187"}],"wp:attachment":[{"href":"https:\/\/aromasentia.com\/fr\/wp-json\/wp\/v2\/media?parent=243516"}],"wp:term":[{"taxonomy":"product_brand","embeddable":true,"href":"https:\/\/aromasentia.com\/fr\/wp-json\/wp\/v2\/product_brand?post=243516"},{"taxonomy":"product_cat","embeddable":true,"href":"https:\/\/aromasentia.com\/fr\/wp-json\/wp\/v2\/product_cat?post=243516"},{"taxonomy":"product_tag","embeddable":true,"href":"https:\/\/aromasentia.com\/fr\/wp-json\/wp\/v2\/product_tag?post=243516"}],"curies":[{"name":"wp","href":"https:\/\/api.w.org\/{rel}","templated":true}]}}