{"id":243504,"date":"2025-03-20T14:58:02","date_gmt":"2025-03-20T14:58:02","guid":{"rendered":"https:\/\/aromasentia.com\/product\/10x-10ml-carrot-seed-essential-oil-unlabelled\/"},"modified":"2025-06-23T19:20:34","modified_gmt":"2025-06-23T19:20:34","slug":"graine-de-carotte-huile-essentielle-10ml-2","status":"publish","type":"product","link":"https:\/\/aromasentia.com\/fr\/graine-de-carotte-huile-essentielle-10ml-2\/","title":{"rendered":"Graine de Carotte &#8211; Huile Essentielle 10ml"},"content":{"rendered":"<p>Rajeunissez et r\u00e9parez avec ce paquet de 10 ml d&rsquo;huile essentielle de graines de carotte sans \u00e9tiquette. Cette huile poss\u00e8de un ar\u00f4me unique, sec, terreux, bois\u00e9 et l\u00e9g\u00e8rement sucr\u00e9. La graine de carotte est tr\u00e8s pris\u00e9e dans les soins de la peau pour ses puissantes propri\u00e9t\u00e9s rajeunissantes, tonifiantes et antioxydantes. Elle contribue \u00e0 revitaliser les teints ternes, \u00e0 am\u00e9liorer l&rsquo;\u00e9lasticit\u00e9 et \u00e0 favoriser la cicatrisation des peaux ab\u00eem\u00e9es. Excellente pour les peaux matures ou stress\u00e9es par l&rsquo;environnement, elle favorise un \u00e9clat sain et vibrant. Une huile sp\u00e9cialis\u00e9e pour les formules de soins avanc\u00e9es, pr\u00eate pour votre marque.<\/p>\n","protected":false},"excerpt":{"rendered":"<p>Rajeunissez et r\u00e9parez avec ce paquet de 10 ml d&rsquo;huile essentielle de graines de carotte sans \u00e9tiquette. Cette huile poss\u00e8de un ar\u00f4me unique, sec, terreux, bois\u00e9 et l\u00e9g\u00e8rement sucr\u00e9. La graine de carotte est tr\u00e8s pris\u00e9e dans les soins de la peau pour ses puissantes propri\u00e9t\u00e9s rajeunissantes, tonifiantes et antioxydantes. Elle contribue \u00e0 revitaliser les [&hellip;]<\/p>\n","protected":false},"featured_media":264160,"comment_status":"closed","ping_status":"open","template":"","meta":{"_angie_page":false},"product_brand":[27093],"product_cat":[16450,26119,23646,25842,26825],"product_tag":[],"class_list":{"0":"post-243504","1":"product","2":"type-product","3":"status-publish","4":"has-post-thumbnail","6":"product_brand-ancient-wisdom","7":"product_cat-aromatherapie-et-parfums-d-ambiance","8":"product_cat-graine-de-carotte","9":"product_cat-huiles-essentielles","10":"product_cat-senteurs-aromes","11":"product_cat-terreux-vert","12":"pa_collection-gifts-unbranded-essential-oils-fr","13":"pa_made-in-inde","14":"pa_size-10ml","16":"first","17":"outofstock","18":"purchasable","19":"product-type-simple"},"supplier_id":null,"supplier_sku":"EOUL-55","barcode":null,"atum_controlled":true,"out_stock_date":"2025-09-04 23:09:46","out_stock_threshold":null,"inheritable":false,"inbound_stock":null,"stock_on_hold":0,"sold_today":0,"sales_last_days":0,"reserved_stock":null,"customer_returns":null,"warehouse_damage":null,"lost_in_post":null,"other_logs":null,"out_stock_days":0,"lost_sales":0,"has_location":null,"update_date":"2026-04-27T07:01:53","atum_locations":[],"atum_stock_status":"outofstock","restock_status":false,"low_stock_amount":"","sales_update_date":"2025-09-02T00:11:52","calc_backorders":null,"_links":{"self":[{"href":"https:\/\/aromasentia.com\/fr\/wp-json\/wp\/v2\/product\/243504","targetHints":{"allow":["GET"]}}],"collection":[{"href":"https:\/\/aromasentia.com\/fr\/wp-json\/wp\/v2\/product"}],"about":[{"href":"https:\/\/aromasentia.com\/fr\/wp-json\/wp\/v2\/types\/product"}],"replies":[{"embeddable":true,"href":"https:\/\/aromasentia.com\/fr\/wp-json\/wp\/v2\/comments?post=243504"}],"version-history":[{"count":0,"href":"https:\/\/aromasentia.com\/fr\/wp-json\/wp\/v2\/product\/243504\/revisions"}],"wp:featuredmedia":[{"embeddable":true,"href":"https:\/\/aromasentia.com\/fr\/wp-json\/wp\/v2\/media\/264160"}],"wp:attachment":[{"href":"https:\/\/aromasentia.com\/fr\/wp-json\/wp\/v2\/media?parent=243504"}],"wp:term":[{"taxonomy":"product_brand","embeddable":true,"href":"https:\/\/aromasentia.com\/fr\/wp-json\/wp\/v2\/product_brand?post=243504"},{"taxonomy":"product_cat","embeddable":true,"href":"https:\/\/aromasentia.com\/fr\/wp-json\/wp\/v2\/product_cat?post=243504"},{"taxonomy":"product_tag","embeddable":true,"href":"https:\/\/aromasentia.com\/fr\/wp-json\/wp\/v2\/product_tag?post=243504"}],"curies":[{"name":"wp","href":"https:\/\/api.w.org\/{rel}","templated":true}]}}