{"id":243496,"date":"2025-03-20T14:58:02","date_gmt":"2025-03-20T14:58:02","guid":{"rendered":"https:\/\/aromasentia.com\/product\/10x-10ml-may-chang-essential-oil-unlabelled\/"},"modified":"2025-06-23T19:20:33","modified_gmt":"2025-06-23T19:20:33","slug":"may-chang-huile-essentielle-10ml-2","status":"publish","type":"product","link":"https:\/\/aromasentia.com\/fr\/may-chang-huile-essentielle-10ml-2\/","title":{"rendered":"May Chang &#8211; Huile Essentielle 10ml"},"content":{"rendered":"<p>Egayez votre humeur avec ce paquet de 10 ml d&rsquo;huile essentielle May Chang, sans \u00e9tiquette. \u00c9galement connue sous le nom de Litsea Cubeba, cette huile d\u00e9gage un ar\u00f4me d&rsquo;agrumes intens\u00e9ment frais, citronn\u00e9, fruit\u00e9 et doux, souvent d\u00e9crit comme \u00ab\u00a0plus joyeux que le citron\u00a0\u00bb. May Chang est merveilleusement stimulante, aidant \u00e0 combattre la fatigue, \u00e0 r\u00e9duire l&rsquo;anxi\u00e9t\u00e9 et \u00e0 promouvoir des sentiments de joie et d&rsquo;optimisme. Ses propri\u00e9t\u00e9s nettoyantes en font un excellent moyen de rafra\u00eechir l&rsquo;air et les peaux grasses. Une huile vraiment joyeuse et revigorante pour la diffusion et les m\u00e9langes vibrants.<\/p>\n","protected":false},"excerpt":{"rendered":"<p>Egayez votre humeur avec ce paquet de 10 ml d&rsquo;huile essentielle May Chang, sans \u00e9tiquette. \u00c9galement connue sous le nom de Litsea Cubeba, cette huile d\u00e9gage un ar\u00f4me d&rsquo;agrumes intens\u00e9ment frais, citronn\u00e9, fruit\u00e9 et doux, souvent d\u00e9crit comme \u00ab\u00a0plus joyeux que le citron\u00a0\u00bb. May Chang est merveilleusement stimulante, aidant \u00e0 combattre la fatigue, \u00e0 r\u00e9duire [&hellip;]<\/p>\n","protected":false},"featured_media":264142,"comment_status":"closed","ping_status":"open","template":"","meta":{"_angie_page":false},"product_brand":[27093],"product_cat":[16450,23646,26275,25842],"product_tag":[],"class_list":{"0":"post-243496","1":"product","2":"type-product","3":"status-publish","4":"has-post-thumbnail","6":"product_brand-ancient-wisdom","7":"product_cat-aromatherapie-et-parfums-d-ambiance","8":"product_cat-huiles-essentielles","9":"product_cat-may-chang-litsea-cubeba","10":"product_cat-senteurs-aromes","11":"pa_collection-gifts-unbranded-essential-oils-fr","12":"pa_made-in-chine","13":"pa_size-10ml","15":"first","16":"instock","17":"purchasable","18":"product-type-simple"},"supplier_id":null,"supplier_sku":"EOUL-52","barcode":null,"atum_controlled":true,"out_stock_date":null,"out_stock_threshold":null,"inheritable":false,"inbound_stock":null,"stock_on_hold":0,"sold_today":0,"sales_last_days":0,"reserved_stock":null,"customer_returns":null,"warehouse_damage":null,"lost_in_post":null,"other_logs":null,"out_stock_days":0,"lost_sales":0,"has_location":null,"update_date":"2026-04-27T07:01:53","atum_locations":[],"atum_stock_status":"instock","restock_status":false,"low_stock_amount":"","sales_update_date":"2026-02-06T00:02:35","calc_backorders":null,"_links":{"self":[{"href":"https:\/\/aromasentia.com\/fr\/wp-json\/wp\/v2\/product\/243496","targetHints":{"allow":["GET"]}}],"collection":[{"href":"https:\/\/aromasentia.com\/fr\/wp-json\/wp\/v2\/product"}],"about":[{"href":"https:\/\/aromasentia.com\/fr\/wp-json\/wp\/v2\/types\/product"}],"replies":[{"embeddable":true,"href":"https:\/\/aromasentia.com\/fr\/wp-json\/wp\/v2\/comments?post=243496"}],"version-history":[{"count":0,"href":"https:\/\/aromasentia.com\/fr\/wp-json\/wp\/v2\/product\/243496\/revisions"}],"wp:featuredmedia":[{"embeddable":true,"href":"https:\/\/aromasentia.com\/fr\/wp-json\/wp\/v2\/media\/264142"}],"wp:attachment":[{"href":"https:\/\/aromasentia.com\/fr\/wp-json\/wp\/v2\/media?parent=243496"}],"wp:term":[{"taxonomy":"product_brand","embeddable":true,"href":"https:\/\/aromasentia.com\/fr\/wp-json\/wp\/v2\/product_brand?post=243496"},{"taxonomy":"product_cat","embeddable":true,"href":"https:\/\/aromasentia.com\/fr\/wp-json\/wp\/v2\/product_cat?post=243496"},{"taxonomy":"product_tag","embeddable":true,"href":"https:\/\/aromasentia.com\/fr\/wp-json\/wp\/v2\/product_tag?post=243496"}],"curies":[{"name":"wp","href":"https:\/\/api.w.org\/{rel}","templated":true}]}}