{"id":243492,"date":"2025-03-20T14:58:02","date_gmt":"2025-03-20T14:58:02","guid":{"rendered":"https:\/\/aromasentia.com\/product\/10x-10ml-hyssop-essential-oil-unlabelled\/"},"modified":"2025-06-23T19:20:32","modified_gmt":"2025-06-23T19:20:32","slug":"hysope-huile-essentielle-10ml-2","status":"publish","type":"product","link":"https:\/\/aromasentia.com\/fr\/hysope-huile-essentielle-10ml-2\/","title":{"rendered":"Hysope &#8211; Huile Essentielle 10ml"},"content":{"rendered":"<p>Purifiez et stimulez avec ce paquet de 10 ml d&rsquo;huile essentielle d&rsquo;hysope sans \u00e9tiquette. L&rsquo;hysope a un ar\u00f4me frais, camphr\u00e9, herbac\u00e9 et l\u00e9g\u00e8rement sucr\u00e9. Traditionnellement, elle est utilis\u00e9e pour ses propri\u00e9t\u00e9s expectorantes et antivirales, aidant \u00e0 soutenir la sant\u00e9 respiratoire et \u00e0 nettoyer le syst\u00e8me. Son parfum peut clarifier et \u00e9lever l&rsquo;esprit. C&rsquo;est une huile puissante \u00e0 utiliser avec conscience, elle est appr\u00e9ci\u00e9e pour sa capacit\u00e9 \u00e0 favoriser une respiration claire et un sentiment de purification spirituelle, en attendant votre \u00e9tiquette personnalis\u00e9e.<\/p>\n","protected":false},"excerpt":{"rendered":"<p>Purifiez et stimulez avec ce paquet de 10 ml d&rsquo;huile essentielle d&rsquo;hysope sans \u00e9tiquette. L&rsquo;hysope a un ar\u00f4me frais, camphr\u00e9, herbac\u00e9 et l\u00e9g\u00e8rement sucr\u00e9. Traditionnellement, elle est utilis\u00e9e pour ses propri\u00e9t\u00e9s expectorantes et antivirales, aidant \u00e0 soutenir la sant\u00e9 respiratoire et \u00e0 nettoyer le syst\u00e8me. Son parfum peut clarifier et \u00e9lever l&rsquo;esprit. C&rsquo;est une huile [&hellip;]<\/p>\n","protected":false},"featured_media":264133,"comment_status":"closed","ping_status":"open","template":"","meta":{"_angie_page":false},"product_brand":[27093],"product_cat":[16450,26860,23646,26218,25842],"product_tag":[],"class_list":{"0":"post-243492","1":"product","2":"type-product","3":"status-publish","4":"has-post-thumbnail","6":"product_brand-ancient-wisdom","7":"product_cat-aromatherapie-et-parfums-d-ambiance","8":"product_cat-herbes-aromatiques","9":"product_cat-huiles-essentielles","10":"product_cat-hysope","11":"product_cat-senteurs-aromes","12":"pa_collection-gifts-unbranded-essential-oils-fr","13":"pa_made-in-croatie","14":"pa_size-10ml","16":"first","17":"instock","18":"purchasable","19":"product-type-simple"},"supplier_id":null,"supplier_sku":"EOUL-51","barcode":null,"atum_controlled":true,"out_stock_date":null,"out_stock_threshold":null,"inheritable":false,"inbound_stock":null,"stock_on_hold":0,"sold_today":0,"sales_last_days":0,"reserved_stock":null,"customer_returns":null,"warehouse_damage":null,"lost_in_post":null,"other_logs":null,"out_stock_days":0,"lost_sales":0,"has_location":null,"update_date":"2026-05-08T05:08:28","atum_locations":[],"atum_stock_status":"instock","restock_status":false,"low_stock_amount":"","sales_update_date":"2026-01-30T01:25:28","calc_backorders":null,"_links":{"self":[{"href":"https:\/\/aromasentia.com\/fr\/wp-json\/wp\/v2\/product\/243492","targetHints":{"allow":["GET"]}}],"collection":[{"href":"https:\/\/aromasentia.com\/fr\/wp-json\/wp\/v2\/product"}],"about":[{"href":"https:\/\/aromasentia.com\/fr\/wp-json\/wp\/v2\/types\/product"}],"replies":[{"embeddable":true,"href":"https:\/\/aromasentia.com\/fr\/wp-json\/wp\/v2\/comments?post=243492"}],"version-history":[{"count":0,"href":"https:\/\/aromasentia.com\/fr\/wp-json\/wp\/v2\/product\/243492\/revisions"}],"wp:featuredmedia":[{"embeddable":true,"href":"https:\/\/aromasentia.com\/fr\/wp-json\/wp\/v2\/media\/264133"}],"wp:attachment":[{"href":"https:\/\/aromasentia.com\/fr\/wp-json\/wp\/v2\/media?parent=243492"}],"wp:term":[{"taxonomy":"product_brand","embeddable":true,"href":"https:\/\/aromasentia.com\/fr\/wp-json\/wp\/v2\/product_brand?post=243492"},{"taxonomy":"product_cat","embeddable":true,"href":"https:\/\/aromasentia.com\/fr\/wp-json\/wp\/v2\/product_cat?post=243492"},{"taxonomy":"product_tag","embeddable":true,"href":"https:\/\/aromasentia.com\/fr\/wp-json\/wp\/v2\/product_tag?post=243492"}],"curies":[{"name":"wp","href":"https:\/\/api.w.org\/{rel}","templated":true}]}}