{"id":243476,"date":"2025-03-20T14:58:30","date_gmt":"2025-03-20T14:58:30","guid":{"rendered":"https:\/\/aromasentia.com\/product\/10x-10ml-ylang-ylang-iii-essential-oil-unlabelled\/"},"modified":"2025-06-23T19:20:28","modified_gmt":"2025-06-23T19:20:28","slug":"ylang-ylang-iii-huile-essentielle-10ml-2","status":"publish","type":"product","link":"https:\/\/aromasentia.com\/fr\/ylang-ylang-iii-huile-essentielle-10ml-2\/","title":{"rendered":"Ylang Ylang III &#8211; Huile Essentielle 10ml"},"content":{"rendered":"<p>Laissez-vous s\u00e9duire par les notes profond\u00e9ment florales et exotiques de ce paquet de 10 ml d&rsquo;huile essentielle d&rsquo;Ylang Ylang III non \u00e9tiquet\u00e9. Alors que l&rsquo;Ylang Ylang I est souvent consid\u00e9r\u00e9 comme le grade sup\u00e9rieur pour la parfumerie, l&rsquo;Ylang Ylang III offre un ar\u00f4me floral toujours aussi beau, doux et tenace, souvent plus balsamique et moins intens\u00e9ment piquant. Il conserve les qualit\u00e9s classiques de d\u00e9tente, d&rsquo;\u00e9l\u00e9vation de l&rsquo;humeur et d&rsquo;aphrodisiaque de l&rsquo;Ylang Ylang, ce qui en fait un excellent moyen de soulager le stress et de cr\u00e9er une atmosph\u00e8re sensuelle. Une option charmante et abordable pour profiter de ce tr\u00e9sor tropical.<\/p>\n","protected":false},"excerpt":{"rendered":"<p>Laissez-vous s\u00e9duire par les notes profond\u00e9ment florales et exotiques de ce paquet de 10 ml d&rsquo;huile essentielle d&rsquo;Ylang Ylang III non \u00e9tiquet\u00e9. Alors que l&rsquo;Ylang Ylang I est souvent consid\u00e9r\u00e9 comme le grade sup\u00e9rieur pour la parfumerie, l&rsquo;Ylang Ylang III offre un ar\u00f4me floral toujours aussi beau, doux et tenace, souvent plus balsamique et moins [&hellip;]<\/p>\n","protected":false},"featured_media":264331,"comment_status":"closed","ping_status":"open","template":"","meta":{"_angie_page":false},"product_brand":[27093],"product_cat":[16450,26832,23646,25842,26443],"product_tag":[],"class_list":{"0":"post-243476","1":"product","2":"type-product","3":"status-publish","4":"has-post-thumbnail","6":"product_brand-ancient-wisdom","7":"product_cat-aromatherapie-et-parfums-d-ambiance","8":"product_cat-floral","9":"product_cat-huiles-essentielles","10":"product_cat-senteurs-aromes","11":"product_cat-ylang-ylang","12":"pa_collection-gifts-unbranded-essential-oils-fr","13":"pa_made-in-comores","14":"pa_size-10ml","16":"first","17":"instock","18":"purchasable","19":"product-type-simple"},"supplier_id":null,"supplier_sku":"EOUL-82","barcode":null,"atum_controlled":true,"out_stock_date":null,"out_stock_threshold":null,"inheritable":false,"inbound_stock":null,"stock_on_hold":0,"sold_today":0,"sales_last_days":0,"reserved_stock":null,"customer_returns":null,"warehouse_damage":null,"lost_in_post":null,"other_logs":null,"out_stock_days":0,"lost_sales":0,"has_location":null,"update_date":"2026-05-08T05:08:29","atum_locations":[],"atum_stock_status":"instock","restock_status":false,"low_stock_amount":"","sales_update_date":"2026-01-30T01:26:17","calc_backorders":null,"_links":{"self":[{"href":"https:\/\/aromasentia.com\/fr\/wp-json\/wp\/v2\/product\/243476","targetHints":{"allow":["GET"]}}],"collection":[{"href":"https:\/\/aromasentia.com\/fr\/wp-json\/wp\/v2\/product"}],"about":[{"href":"https:\/\/aromasentia.com\/fr\/wp-json\/wp\/v2\/types\/product"}],"replies":[{"embeddable":true,"href":"https:\/\/aromasentia.com\/fr\/wp-json\/wp\/v2\/comments?post=243476"}],"version-history":[{"count":0,"href":"https:\/\/aromasentia.com\/fr\/wp-json\/wp\/v2\/product\/243476\/revisions"}],"wp:featuredmedia":[{"embeddable":true,"href":"https:\/\/aromasentia.com\/fr\/wp-json\/wp\/v2\/media\/264331"}],"wp:attachment":[{"href":"https:\/\/aromasentia.com\/fr\/wp-json\/wp\/v2\/media?parent=243476"}],"wp:term":[{"taxonomy":"product_brand","embeddable":true,"href":"https:\/\/aromasentia.com\/fr\/wp-json\/wp\/v2\/product_brand?post=243476"},{"taxonomy":"product_cat","embeddable":true,"href":"https:\/\/aromasentia.com\/fr\/wp-json\/wp\/v2\/product_cat?post=243476"},{"taxonomy":"product_tag","embeddable":true,"href":"https:\/\/aromasentia.com\/fr\/wp-json\/wp\/v2\/product_tag?post=243476"}],"curies":[{"name":"wp","href":"https:\/\/api.w.org\/{rel}","templated":true}]}}