{"id":243468,"date":"2025-03-20T14:58:30","date_gmt":"2025-03-20T14:58:30","guid":{"rendered":"https:\/\/aromasentia.com\/product\/10x-10ml-rose-geranium-essential-oil-unlabelled\/"},"modified":"2025-06-23T19:20:27","modified_gmt":"2025-06-23T19:20:27","slug":"rose-geranium-huile-essentielle-10ml-2","status":"publish","type":"product","link":"https:\/\/aromasentia.com\/fr\/rose-geranium-huile-essentielle-10ml-2\/","title":{"rendered":"Rose G\u00e9ranium &#8211; Huile Essentielle 10ml"},"content":{"rendered":"<p>Appr\u00e9ciez les notes florales harmonieuses de ce paquet de 10 ml d&rsquo;huile essentielle de g\u00e9ranium rosat sans \u00e9tiquette. Cette magnifique huile combine les notes ros\u00e9es du g\u00e9ranium avec une ressemblance distincte avec la vraie rose, offrant un parfum floral doux, exaltant et \u00e9quilibrant. Elle est appr\u00e9ci\u00e9e pour sa capacit\u00e9 \u00e0 harmoniser les \u00e9motions, \u00e0 apaiser l&rsquo;anxi\u00e9t\u00e9 et \u00e0 favoriser le bien-\u00eatre f\u00e9minin. Dans les soins de la peau, elle aide \u00e0 \u00e9quilibrer le s\u00e9bum et \u00e0 promouvoir un teint sain. Une huile florale vraiment d\u00e9licieuse et polyvalente pour les parfums, les soins de la peau et l&rsquo;\u00e9quilibre \u00e9motionnel.<\/p>\n","protected":false},"excerpt":{"rendered":"<p>Appr\u00e9ciez les notes florales harmonieuses de ce paquet de 10 ml d&rsquo;huile essentielle de g\u00e9ranium rosat sans \u00e9tiquette. Cette magnifique huile combine les notes ros\u00e9es du g\u00e9ranium avec une ressemblance distincte avec la vraie rose, offrant un parfum floral doux, exaltant et \u00e9quilibrant. Elle est appr\u00e9ci\u00e9e pour sa capacit\u00e9 \u00e0 harmoniser les \u00e9motions, \u00e0 apaiser [&hellip;]<\/p>\n","protected":false},"featured_media":264313,"comment_status":"closed","ping_status":"open","template":"","meta":{"_angie_page":false},"product_brand":[27093],"product_cat":[16450,26832,26188,23646,26369,25842],"product_tag":[],"class_list":{"0":"post-243468","1":"product","2":"type-product","3":"status-publish","4":"has-post-thumbnail","6":"product_brand-ancient-wisdom","7":"product_cat-aromatherapie-et-parfums-d-ambiance","8":"product_cat-floral","9":"product_cat-geranium","10":"product_cat-huiles-essentielles","11":"product_cat-rose","12":"product_cat-senteurs-aromes","13":"pa_collection-gifts-unbranded-essential-oils-fr","14":"pa_made-in-egypte","15":"pa_size-10ml","17":"first","18":"instock","19":"purchasable","20":"product-type-simple"},"supplier_id":null,"supplier_sku":"EOUL-75","barcode":null,"atum_controlled":true,"out_stock_date":null,"out_stock_threshold":null,"inheritable":false,"inbound_stock":null,"stock_on_hold":0,"sold_today":0,"sales_last_days":0,"reserved_stock":null,"customer_returns":null,"warehouse_damage":null,"lost_in_post":null,"other_logs":null,"out_stock_days":0,"lost_sales":0,"has_location":null,"update_date":"2026-04-27T07:02:01","atum_locations":[],"atum_stock_status":"instock","restock_status":false,"low_stock_amount":"","sales_update_date":"2026-01-30T01:26:02","calc_backorders":null,"_links":{"self":[{"href":"https:\/\/aromasentia.com\/fr\/wp-json\/wp\/v2\/product\/243468","targetHints":{"allow":["GET"]}}],"collection":[{"href":"https:\/\/aromasentia.com\/fr\/wp-json\/wp\/v2\/product"}],"about":[{"href":"https:\/\/aromasentia.com\/fr\/wp-json\/wp\/v2\/types\/product"}],"replies":[{"embeddable":true,"href":"https:\/\/aromasentia.com\/fr\/wp-json\/wp\/v2\/comments?post=243468"}],"version-history":[{"count":0,"href":"https:\/\/aromasentia.com\/fr\/wp-json\/wp\/v2\/product\/243468\/revisions"}],"wp:featuredmedia":[{"embeddable":true,"href":"https:\/\/aromasentia.com\/fr\/wp-json\/wp\/v2\/media\/264313"}],"wp:attachment":[{"href":"https:\/\/aromasentia.com\/fr\/wp-json\/wp\/v2\/media?parent=243468"}],"wp:term":[{"taxonomy":"product_brand","embeddable":true,"href":"https:\/\/aromasentia.com\/fr\/wp-json\/wp\/v2\/product_brand?post=243468"},{"taxonomy":"product_cat","embeddable":true,"href":"https:\/\/aromasentia.com\/fr\/wp-json\/wp\/v2\/product_cat?post=243468"},{"taxonomy":"product_tag","embeddable":true,"href":"https:\/\/aromasentia.com\/fr\/wp-json\/wp\/v2\/product_tag?post=243468"}],"curies":[{"name":"wp","href":"https:\/\/api.w.org\/{rel}","templated":true}]}}