{"id":243460,"date":"2025-03-20T14:58:30","date_gmt":"2025-03-20T14:58:30","guid":{"rendered":"https:\/\/aromasentia.com\/product\/10x-10ml-bay-leaf-essential-oil-unlabelled\/"},"modified":"2025-06-23T19:20:27","modified_gmt":"2025-06-23T19:20:27","slug":"feuille-de-laurier-huile-essentielle-10ml-2","status":"publish","type":"product","link":"https:\/\/aromasentia.com\/fr\/feuille-de-laurier-huile-essentielle-10ml-2\/","title":{"rendered":"Feuille de laurier &#8211; Huile Essentielle 10ml"},"content":{"rendered":"<p>Embrassez l&rsquo;ar\u00f4me robuste et herbac\u00e9 de ce paquet de 10 ml d&rsquo;huile essentielle de laurier sans \u00e9tiquette. \u00c9galement connue sous le nom de feuille de laurier, cette huile a un parfum fort, \u00e9pic\u00e9, l\u00e9g\u00e8rement sucr\u00e9 et camphr\u00e9. Traditionnellement, le laurier est associ\u00e9 au courage et \u00e0 la clart\u00e9, utilis\u00e9 pour promouvoir la confiance et la clart\u00e9 d&rsquo;esprit. Il poss\u00e8de \u00e9galement des propri\u00e9t\u00e9s analg\u00e9siques et antiseptiques, souvent utilis\u00e9es pour les douleurs musculaires et le soutien respiratoire. Une huile puissante qui ajoute une note herbac\u00e9e classique et puissante aux m\u00e9langes pour la force et la revigoration.<\/p>\n","protected":false},"excerpt":{"rendered":"<p>Embrassez l&rsquo;ar\u00f4me robuste et herbac\u00e9 de ce paquet de 10 ml d&rsquo;huile essentielle de laurier sans \u00e9tiquette. \u00c9galement connue sous le nom de feuille de laurier, cette huile a un parfum fort, \u00e9pic\u00e9, l\u00e9g\u00e8rement sucr\u00e9 et camphr\u00e9. Traditionnellement, le laurier est associ\u00e9 au courage et \u00e0 la clart\u00e9, utilis\u00e9 pour promouvoir la confiance et la [&hellip;]<\/p>\n","protected":false},"featured_media":264295,"comment_status":"closed","ping_status":"open","template":"","meta":{"_angie_page":false},"product_brand":[27093],"product_cat":[16450,26093,26860,23646,25842],"product_tag":[],"class_list":{"0":"post-243460","1":"product","2":"type-product","3":"status-publish","4":"has-post-thumbnail","6":"product_brand-ancient-wisdom","7":"product_cat-aromatherapie-et-parfums-d-ambiance","8":"product_cat-feuille-de-laurier","9":"product_cat-herbes-aromatiques","10":"product_cat-huiles-essentielles","11":"product_cat-senteurs-aromes","12":"pa_collection-gifts-unbranded-essential-oils-fr","13":"pa_made-in-iles-caimans","14":"pa_size-10ml","16":"first","17":"instock","18":"purchasable","19":"product-type-simple"},"supplier_id":null,"supplier_sku":"EOUL-73","barcode":null,"atum_controlled":true,"out_stock_date":null,"out_stock_threshold":null,"inheritable":false,"inbound_stock":null,"stock_on_hold":0,"sold_today":0,"sales_last_days":0,"reserved_stock":null,"customer_returns":null,"warehouse_damage":null,"lost_in_post":null,"other_logs":null,"out_stock_days":0,"lost_sales":0,"has_location":null,"update_date":"2026-04-27T07:02:01","atum_locations":[],"atum_stock_status":"instock","restock_status":false,"low_stock_amount":"","sales_update_date":"2025-09-05T00:16:46","calc_backorders":null,"_links":{"self":[{"href":"https:\/\/aromasentia.com\/fr\/wp-json\/wp\/v2\/product\/243460","targetHints":{"allow":["GET"]}}],"collection":[{"href":"https:\/\/aromasentia.com\/fr\/wp-json\/wp\/v2\/product"}],"about":[{"href":"https:\/\/aromasentia.com\/fr\/wp-json\/wp\/v2\/types\/product"}],"replies":[{"embeddable":true,"href":"https:\/\/aromasentia.com\/fr\/wp-json\/wp\/v2\/comments?post=243460"}],"version-history":[{"count":0,"href":"https:\/\/aromasentia.com\/fr\/wp-json\/wp\/v2\/product\/243460\/revisions"}],"wp:featuredmedia":[{"embeddable":true,"href":"https:\/\/aromasentia.com\/fr\/wp-json\/wp\/v2\/media\/264295"}],"wp:attachment":[{"href":"https:\/\/aromasentia.com\/fr\/wp-json\/wp\/v2\/media?parent=243460"}],"wp:term":[{"taxonomy":"product_brand","embeddable":true,"href":"https:\/\/aromasentia.com\/fr\/wp-json\/wp\/v2\/product_brand?post=243460"},{"taxonomy":"product_cat","embeddable":true,"href":"https:\/\/aromasentia.com\/fr\/wp-json\/wp\/v2\/product_cat?post=243460"},{"taxonomy":"product_tag","embeddable":true,"href":"https:\/\/aromasentia.com\/fr\/wp-json\/wp\/v2\/product_tag?post=243460"}],"curies":[{"name":"wp","href":"https:\/\/api.w.org\/{rel}","templated":true}]}}