{"id":243456,"date":"2025-03-20T14:58:30","date_gmt":"2025-03-20T14:58:30","guid":{"rendered":"https:\/\/aromasentia.com\/product\/10x-10ml-lemon-tea-tree-unlabelled\/"},"modified":"2025-06-23T19:20:26","modified_gmt":"2025-06-23T19:20:26","slug":"10x-10ml-lemon-tea-tree-unlabelled","status":"publish","type":"product","link":"https:\/\/aromasentia.com\/fr\/10x-10ml-lemon-tea-tree-unlabelled\/","title":{"rendered":"10x 10ml Lemon Tea Tree Unlabelled"},"content":{"rendered":"<p>Nettoyez et revigorez avec ce lot de 10 ml d&rsquo;huile essentielle de tea tree au citron. Cette huile vibrante, \u00e9galement connue sous le nom de Tea Tree au parfum de citron, associe les puissantes propri\u00e9t\u00e9s antiseptiques du Tea Tree traditionnel \u00e0 un ar\u00f4me citronn\u00e9 vif et vivifiant. Elle est excellente pour purifier l&rsquo;air, repousser les insectes et \u00eatre utilis\u00e9e dans des solutions de nettoyage naturelles. Son parfum joyeux et piquant est moins m\u00e9dicinal que celui du Tea Tree classique, ce qui en fait un choix agr\u00e9able pour la diffusion, tout en offrant de puissants avantages en mati\u00e8re de nettoyage de la maison et de la peau.<\/p>\n","protected":false},"excerpt":{"rendered":"<p>Nettoyez et revigorez avec ce lot de 10 ml d&rsquo;huile essentielle de tea tree au citron. Cette huile vibrante, \u00e9galement connue sous le nom de Tea Tree au parfum de citron, associe les puissantes propri\u00e9t\u00e9s antiseptiques du Tea Tree traditionnel \u00e0 un ar\u00f4me citronn\u00e9 vif et vivifiant. Elle est excellente pour purifier l&rsquo;air, repousser les [&hellip;]<\/p>\n","protected":false},"featured_media":264286,"comment_status":"closed","ping_status":"open","template":"","meta":{"_angie_page":false},"product_brand":[27093],"product_cat":[26244,16450,25842],"product_tag":[],"class_list":{"0":"post-243456","1":"product","2":"type-product","3":"status-publish","4":"has-post-thumbnail","6":"product_brand-ancient-wisdom","7":"product_cat-arbre-a-the-citronne","8":"product_cat-aromatherapie-et-parfums-d-ambiance","9":"product_cat-senteurs-aromes","10":"pa_collection-gifts-unbranded-essential-oils-fr","11":"pa_made-in-australie","12":"pa_size-10ml","14":"first","15":"instock","16":"purchasable","17":"product-type-simple"},"supplier_id":null,"supplier_sku":"EOUL-72","barcode":null,"atum_controlled":true,"out_stock_date":null,"out_stock_threshold":null,"inheritable":false,"inbound_stock":null,"stock_on_hold":0,"sold_today":0,"sales_last_days":0,"reserved_stock":null,"customer_returns":null,"warehouse_damage":null,"lost_in_post":null,"other_logs":null,"out_stock_days":0,"lost_sales":0,"has_location":null,"update_date":"2026-04-27T07:02:01","atum_locations":[],"atum_stock_status":"instock","restock_status":false,"low_stock_amount":"","sales_update_date":"2026-02-06T00:01:31","calc_backorders":null,"_links":{"self":[{"href":"https:\/\/aromasentia.com\/fr\/wp-json\/wp\/v2\/product\/243456","targetHints":{"allow":["GET"]}}],"collection":[{"href":"https:\/\/aromasentia.com\/fr\/wp-json\/wp\/v2\/product"}],"about":[{"href":"https:\/\/aromasentia.com\/fr\/wp-json\/wp\/v2\/types\/product"}],"replies":[{"embeddable":true,"href":"https:\/\/aromasentia.com\/fr\/wp-json\/wp\/v2\/comments?post=243456"}],"version-history":[{"count":0,"href":"https:\/\/aromasentia.com\/fr\/wp-json\/wp\/v2\/product\/243456\/revisions"}],"wp:featuredmedia":[{"embeddable":true,"href":"https:\/\/aromasentia.com\/fr\/wp-json\/wp\/v2\/media\/264286"}],"wp:attachment":[{"href":"https:\/\/aromasentia.com\/fr\/wp-json\/wp\/v2\/media?parent=243456"}],"wp:term":[{"taxonomy":"product_brand","embeddable":true,"href":"https:\/\/aromasentia.com\/fr\/wp-json\/wp\/v2\/product_brand?post=243456"},{"taxonomy":"product_cat","embeddable":true,"href":"https:\/\/aromasentia.com\/fr\/wp-json\/wp\/v2\/product_cat?post=243456"},{"taxonomy":"product_tag","embeddable":true,"href":"https:\/\/aromasentia.com\/fr\/wp-json\/wp\/v2\/product_tag?post=243456"}],"curies":[{"name":"wp","href":"https:\/\/api.w.org\/{rel}","templated":true}]}}