{"id":243452,"date":"2025-03-20T14:58:30","date_gmt":"2025-03-20T14:58:30","guid":{"rendered":"https:\/\/aromasentia.com\/product\/10x-10ml-ho-wood-essential-oil-unlabelled\/"},"modified":"2025-06-23T19:20:26","modified_gmt":"2025-06-23T19:20:26","slug":"camphrier-du-japon-huile-essentielle-10ml-2","status":"publish","type":"product","link":"https:\/\/aromasentia.com\/fr\/camphrier-du-japon-huile-essentielle-10ml-2\/","title":{"rendered":"Camphrier du Japon &#8211; Huile Essentielle 10ml"},"content":{"rendered":"<p>D\u00e9couvrez la force douce de ce paquet de 10 ml d&rsquo;huile essentielle de bois de rose sans \u00e9tiquette. Avec un ar\u00f4me magnifiquement doux, bois\u00e9 et l\u00e9g\u00e8rement floral, le bois de rose est souvent utilis\u00e9 comme une alternative durable au bois de rose en raison de sa teneur \u00e9lev\u00e9e en linalol. Il est merveilleusement calmant, relaxant et stimulant, aidant \u00e0 soulager le stress et \u00e0 promouvoir l&rsquo;\u00e9quilibre \u00e9motionnel. Douce pour la peau, elle est \u00e9galement appr\u00e9ci\u00e9e dans les soins de la peau pour ses propri\u00e9t\u00e9s apaisantes et rajeunissantes. Une huile vraiment paisible et polyvalente pour le bien-\u00eatre quotidien.<\/p>\n","protected":false},"excerpt":{"rendered":"<p>D\u00e9couvrez la force douce de ce paquet de 10 ml d&rsquo;huile essentielle de bois de rose sans \u00e9tiquette. Avec un ar\u00f4me magnifiquement doux, bois\u00e9 et l\u00e9g\u00e8rement floral, le bois de rose est souvent utilis\u00e9 comme une alternative durable au bois de rose en raison de sa teneur \u00e9lev\u00e9e en linalol. Il est merveilleusement calmant, relaxant [&hellip;]<\/p>\n","protected":false},"featured_media":264277,"comment_status":"closed","ping_status":"open","template":"","meta":{"_angie_page":false},"product_brand":[27093],"product_cat":[16450,26215,26895,23646,25842],"product_tag":[],"class_list":{"0":"post-243452","1":"product","2":"type-product","3":"status-publish","4":"has-post-thumbnail","6":"product_brand-ancient-wisdom","7":"product_cat-aromatherapie-et-parfums-d-ambiance","8":"product_cat-bois-de-ho","9":"product_cat-boise","10":"product_cat-huiles-essentielles","11":"product_cat-senteurs-aromes","12":"pa_collection-gifts-unbranded-essential-oils-fr","13":"pa_made-in-chine","14":"pa_size-10ml","16":"first","17":"instock","18":"purchasable","19":"product-type-simple"},"supplier_id":null,"supplier_sku":"EOUL-71","barcode":null,"atum_controlled":true,"out_stock_date":null,"out_stock_threshold":null,"inheritable":false,"inbound_stock":null,"stock_on_hold":0,"sold_today":0,"sales_last_days":0,"reserved_stock":null,"customer_returns":null,"warehouse_damage":null,"lost_in_post":null,"other_logs":null,"out_stock_days":0,"lost_sales":0,"has_location":null,"update_date":"2026-04-27T07:02:01","atum_locations":[],"atum_stock_status":"instock","restock_status":false,"low_stock_amount":"","sales_update_date":"2026-01-30T01:26:38","calc_backorders":null,"_links":{"self":[{"href":"https:\/\/aromasentia.com\/fr\/wp-json\/wp\/v2\/product\/243452","targetHints":{"allow":["GET"]}}],"collection":[{"href":"https:\/\/aromasentia.com\/fr\/wp-json\/wp\/v2\/product"}],"about":[{"href":"https:\/\/aromasentia.com\/fr\/wp-json\/wp\/v2\/types\/product"}],"replies":[{"embeddable":true,"href":"https:\/\/aromasentia.com\/fr\/wp-json\/wp\/v2\/comments?post=243452"}],"version-history":[{"count":0,"href":"https:\/\/aromasentia.com\/fr\/wp-json\/wp\/v2\/product\/243452\/revisions"}],"wp:featuredmedia":[{"embeddable":true,"href":"https:\/\/aromasentia.com\/fr\/wp-json\/wp\/v2\/media\/264277"}],"wp:attachment":[{"href":"https:\/\/aromasentia.com\/fr\/wp-json\/wp\/v2\/media?parent=243452"}],"wp:term":[{"taxonomy":"product_brand","embeddable":true,"href":"https:\/\/aromasentia.com\/fr\/wp-json\/wp\/v2\/product_brand?post=243452"},{"taxonomy":"product_cat","embeddable":true,"href":"https:\/\/aromasentia.com\/fr\/wp-json\/wp\/v2\/product_cat?post=243452"},{"taxonomy":"product_tag","embeddable":true,"href":"https:\/\/aromasentia.com\/fr\/wp-json\/wp\/v2\/product_tag?post=243452"}],"curies":[{"name":"wp","href":"https:\/\/api.w.org\/{rel}","templated":true}]}}