{"id":243440,"date":"2025-03-20T14:58:30","date_gmt":"2025-03-20T14:58:30","guid":{"rendered":"https:\/\/aromasentia.com\/product\/10x-10ml-cumin-seed-essential-oil-unlabelled\/"},"modified":"2025-06-23T19:20:22","modified_gmt":"2025-06-23T19:20:22","slug":"graines-de-cumin-huile-essentielle-10ml-2","status":"publish","type":"product","link":"https:\/\/aromasentia.com\/fr\/graines-de-cumin-huile-essentielle-10ml-2\/","title":{"rendered":"Graines de cumin &#8211; Huile Essentielle 10ml"},"content":{"rendered":"<p>Facilitez la digestion et ajoutez une touche \u00e9pic\u00e9e avec ce paquet de 10 ml d&rsquo;huile essentielle de graines de cumin non \u00e9tiquet\u00e9. Cette huile a un ar\u00f4me tr\u00e8s fort, chaud, \u00e9pic\u00e9, musqu\u00e9 et l\u00e9g\u00e8rement piquant, caract\u00e9ristique de l&rsquo;\u00e9pice cumin. Traditionnellement, l&rsquo;huile de graines de cumin est utilis\u00e9e pour ses propri\u00e9t\u00e9s carminatives afin de favoriser une digestion saine et de soulager l&rsquo;inconfort. Son parfum stimulant peut \u00e9galement aiguiser les sens. C&rsquo;est une huile puissante qu&rsquo;il est pr\u00e9f\u00e9rable d&rsquo;utiliser avec mod\u00e9ration dans les m\u00e9langes. Elle offre une note d&rsquo;\u00e9pice terreuse et audacieuse distinctive pour les applications culinaires ou th\u00e9rapeutiques.<\/p>\n","protected":false},"excerpt":{"rendered":"<p>Facilitez la digestion et ajoutez une touche \u00e9pic\u00e9e avec ce paquet de 10 ml d&rsquo;huile essentielle de graines de cumin non \u00e9tiquet\u00e9. Cette huile a un ar\u00f4me tr\u00e8s fort, chaud, \u00e9pic\u00e9, musqu\u00e9 et l\u00e9g\u00e8rement piquant, caract\u00e9ristique de l&rsquo;\u00e9pice cumin. Traditionnellement, l&rsquo;huile de graines de cumin est utilis\u00e9e pour ses propri\u00e9t\u00e9s carminatives afin de favoriser une [&hellip;]<\/p>\n","protected":false},"featured_media":264250,"comment_status":"closed","ping_status":"open","template":"","meta":[],"product_brand":[27093],"product_cat":[16450,26888,26163,23646,25842],"product_tag":[],"class_list":{"0":"post-243440","1":"product","2":"type-product","3":"status-publish","4":"has-post-thumbnail","6":"product_brand-ancient-wisdom","7":"product_cat-aromatherapie-et-parfums-d-ambiance","8":"product_cat-epice","9":"product_cat-graine-de-cumin","10":"product_cat-huiles-essentielles","11":"product_cat-senteurs-aromes","12":"pa_collection-gifts-unbranded-essential-oils-fr","13":"pa_made-in-egypte","14":"pa_size-10ml","16":"first","17":"instock","18":"purchasable","19":"product-type-simple"},"supplier_id":null,"supplier_sku":"EOUL-66","barcode":null,"atum_controlled":true,"out_stock_date":null,"out_stock_threshold":null,"inheritable":false,"inbound_stock":null,"stock_on_hold":0,"sold_today":0,"sales_last_days":0,"reserved_stock":null,"customer_returns":null,"warehouse_damage":null,"lost_in_post":null,"other_logs":null,"out_stock_days":0,"lost_sales":0,"has_location":null,"update_date":"2026-01-30T01:25:52","atum_locations":[],"atum_stock_status":"instock","restock_status":false,"low_stock_amount":"","sales_update_date":"2026-01-30T01:25:52","calc_backorders":null,"_links":{"self":[{"href":"https:\/\/aromasentia.com\/fr\/wp-json\/wp\/v2\/product\/243440","targetHints":{"allow":["GET"]}}],"collection":[{"href":"https:\/\/aromasentia.com\/fr\/wp-json\/wp\/v2\/product"}],"about":[{"href":"https:\/\/aromasentia.com\/fr\/wp-json\/wp\/v2\/types\/product"}],"replies":[{"embeddable":true,"href":"https:\/\/aromasentia.com\/fr\/wp-json\/wp\/v2\/comments?post=243440"}],"version-history":[{"count":0,"href":"https:\/\/aromasentia.com\/fr\/wp-json\/wp\/v2\/product\/243440\/revisions"}],"wp:featuredmedia":[{"embeddable":true,"href":"https:\/\/aromasentia.com\/fr\/wp-json\/wp\/v2\/media\/264250"}],"wp:attachment":[{"href":"https:\/\/aromasentia.com\/fr\/wp-json\/wp\/v2\/media?parent=243440"}],"wp:term":[{"taxonomy":"product_brand","embeddable":true,"href":"https:\/\/aromasentia.com\/fr\/wp-json\/wp\/v2\/product_brand?post=243440"},{"taxonomy":"product_cat","embeddable":true,"href":"https:\/\/aromasentia.com\/fr\/wp-json\/wp\/v2\/product_cat?post=243440"},{"taxonomy":"product_tag","embeddable":true,"href":"https:\/\/aromasentia.com\/fr\/wp-json\/wp\/v2\/product_tag?post=243440"}],"curies":[{"name":"wp","href":"https:\/\/api.w.org\/{rel}","templated":true}]}}