{"id":243424,"date":"2025-03-20T14:58:59","date_gmt":"2025-03-20T14:58:59","guid":{"rendered":"https:\/\/aromasentia.com\/product\/hh-tarot-roll-on-the-lovers\/"},"modified":"2025-06-23T19:20:20","modified_gmt":"2025-06-23T19:20:20","slug":"roll-on-hop-hare-tarot-les-amoureux","status":"publish","type":"product","link":"https:\/\/aromasentia.com\/fr\/roll-on-hop-hare-tarot-les-amoureux\/","title":{"rendered":"Roll-On Hop Hare Tarot  &#8211; Les Amoureux"},"content":{"rendered":"<h1><strong>&laquo; Les Amoureux &raquo; de Hop Hare, un roll-on captivant \u00e0 base d&rsquo;huiles essentielles et de pierres pr\u00e9cieuses<\/strong> con&ccedil;u pour enflammer l&rsquo;amour et la passion.<\/h1>\n<p>Infus\u00e9 avec les parfums les plus captivants de la nature et l&rsquo;essence nourrici\u00e8re des pierres pr\u00e9cieuses de quartz rose, chaque flacon est un m\u00e9lange harmonieux d&rsquo;amour et d&rsquo;allure.&nbsp;<\/p>\n<h2><strong>Le pouvoir du quartz rose :&nbsp;<\/strong><\/h2>\n<p>Chaque roll-on contient une pierre pr\u00e9cieuse de quartz rose, r\u00e9put\u00e9e pour \u00eatre l&rsquo;ambassadrice de l&rsquo;amour. V\u00e9n\u00e9r\u00e9 pour sa capacit\u00e9 \u00e0 attirer et \u00e0 nourrir l&rsquo;amour, le quartz rose facilite la gu\u00e9rison \u00e9motionnelle, att\u00e9nue le stress et favorise l&rsquo;amour sous toutes ses formes.&nbsp;<\/p>\n<h2><strong>Mode d&#8217;emploi&nbsp;<\/strong><\/h2>\n<p>Faites glisser d\u00e9licatement le roll-on &laquo; Les Amoureux &raquo; sur votre c\u0153ur, vos poignets ou votre cou.&nbsp;<\/p>\n<p>Faites l&rsquo;exp\u00e9rience du toucher tendre du quartz rose sur votre peau. Inspirez les ar\u00f4mes enchanteurs en imaginant vos d\u00e9sirs les plus profonds.&nbsp;<\/p>\n<p>Avancez avec confiance, envelopp\u00e9e d&rsquo;un halo d&rsquo;amour.&nbsp;<\/p>\n<p>Laissez &laquo; Les Amoureux&raquo; de Hop Hare \u00eatre votre compagnon aromatique dans la danse de l&rsquo;amour, vous guidant \u00e0 chaque application plus pr\u00e8s de l&rsquo;amour que vous recherchez et que vous m\u00e9ritez vraiment. &nbsp;<\/p>\n<h2><strong>Des ingr\u00e9dients qui font vibrer les sens&nbsp;<\/strong><\/h2>\n<p><strong>Huile de Coco MCT :&nbsp;<\/strong>Notre odyss\u00e9e commence par la caresse soyeuse de l&rsquo;huile de coco MCT, qui pose une base parfaite pour que les huiles essentielles puissent tendrement oindre votre peau, la nourrissant et lui donnant un \u00e9clat subtil.&nbsp;<\/p>\n<p><strong>Sauge Sclar\u00e9e :<\/strong> Un murmure de sauge sclar\u00e9e infuse le m\u00e9lange d&rsquo;un bouquet frais et apaisant, \u00e9tablissant une ambiance d&rsquo;harmonie et de lucidit\u00e9 \u00e9motionnelle.&nbsp;<\/p>\n<p><strong>Lavande :<\/strong> L&rsquo;\u00e9treinte nourrici\u00e8re de la lavande s\u00e9duit les sens, calme l&rsquo;esprit et \u00e9voque des visions de champs idylliques o\u00f9se croisent les chemins des amoureux. &nbsp;&nbsp;<\/p>\n<p><strong>Santal :<\/strong> Une note profonde et cr\u00e9meuse de bois de santal fournit une essence de base, amplifiant votre allure naturelle et la profondeur de vos liens interpersonnels.&nbsp;<\/p>\n<p><strong>Ylang Ylang :&nbsp;<\/strong>Le parfum voluptueux et capiteux de l&rsquo;Ylang Ylang est le philtre d&rsquo;amour de la nature, attisant les passions et les d\u00e9lices de la proximit\u00e9.<\/p>\n<p><strong>Rose :<\/strong> Au c\u0153ur de &laquo; Les Amoureux &raquo;, la fleur de la Rose, embl\u00e8me de l&rsquo;affection perp\u00e9tuelle, dispense son parfum opulent et exaltant pour vous guider sur les chemins de la romance.<\/p>\n<p><strong><span style=\"color: rgb(141, 186, 216);\">Plongez dans l&rsquo;amour avec Hop Hare &#8211; Les Amoureux. Laissez-vous envo\u00fbter par ses huiles essentielles.<\/span><\/strong><\/p>\n<p><strong><span style=\"color: rgb(141, 186, 216);\">Commandez maintenant pour une exp\u00e9rience sensorielle inoubliable!<\/span><\/strong>&nbsp;<\/p>\n","protected":false},"excerpt":{"rendered":"<p>&laquo; Les Amoureux &raquo; de Hop Hare, un roll-on captivant \u00e0 base d&rsquo;huiles essentielles et de pierres pr\u00e9cieuses con&ccedil;u pour enflammer l&rsquo;amour et la passion. Infus\u00e9 avec les parfums les plus captivants de la nature et l&rsquo;essence nourrici\u00e8re des pierres pr\u00e9cieuses de quartz rose, chaque flacon est un m\u00e9lange harmonieux d&rsquo;amour et d&rsquo;allure.&nbsp; Le pouvoir [&hellip;]<\/p>\n","protected":false},"featured_media":264560,"comment_status":"closed","ping_status":"open","template":"","meta":[],"product_brand":[27113],"product_cat":[16450],"product_tag":[],"class_list":{"0":"post-243424","1":"product","2":"type-product","3":"status-publish","4":"has-post-thumbnail","6":"product_brand-hop-hare","7":"product_cat-aromatherapie-et-parfums-d-ambiance","8":"pa_collection-hop-hare-essential-oil-gemstone-roll-ons-10ml-fr","9":"pa_made-in-royaume-uni","11":"first","12":"instock","13":"purchasable","14":"product-type-simple"},"supplier_id":null,"supplier_sku":"HHGR-01","barcode":null,"atum_controlled":true,"out_stock_date":null,"out_stock_threshold":null,"inheritable":false,"inbound_stock":null,"stock_on_hold":0,"sold_today":0,"sales_last_days":0,"reserved_stock":null,"customer_returns":null,"warehouse_damage":null,"lost_in_post":null,"other_logs":null,"out_stock_days":0,"lost_sales":0,"has_location":null,"update_date":"2026-02-10T10:29:44","atum_locations":[],"atum_stock_status":"instock","restock_status":false,"low_stock_amount":"","sales_update_date":"2025-09-05T00:16:52","calc_backorders":null,"_links":{"self":[{"href":"https:\/\/aromasentia.com\/fr\/wp-json\/wp\/v2\/product\/243424","targetHints":{"allow":["GET"]}}],"collection":[{"href":"https:\/\/aromasentia.com\/fr\/wp-json\/wp\/v2\/product"}],"about":[{"href":"https:\/\/aromasentia.com\/fr\/wp-json\/wp\/v2\/types\/product"}],"replies":[{"embeddable":true,"href":"https:\/\/aromasentia.com\/fr\/wp-json\/wp\/v2\/comments?post=243424"}],"version-history":[{"count":0,"href":"https:\/\/aromasentia.com\/fr\/wp-json\/wp\/v2\/product\/243424\/revisions"}],"wp:featuredmedia":[{"embeddable":true,"href":"https:\/\/aromasentia.com\/fr\/wp-json\/wp\/v2\/media\/264560"}],"wp:attachment":[{"href":"https:\/\/aromasentia.com\/fr\/wp-json\/wp\/v2\/media?parent=243424"}],"wp:term":[{"taxonomy":"product_brand","embeddable":true,"href":"https:\/\/aromasentia.com\/fr\/wp-json\/wp\/v2\/product_brand?post=243424"},{"taxonomy":"product_cat","embeddable":true,"href":"https:\/\/aromasentia.com\/fr\/wp-json\/wp\/v2\/product_cat?post=243424"},{"taxonomy":"product_tag","embeddable":true,"href":"https:\/\/aromasentia.com\/fr\/wp-json\/wp\/v2\/product_tag?post=243424"}],"curies":[{"name":"wp","href":"https:\/\/api.w.org\/{rel}","templated":true}]}}