{"id":243416,"date":"2025-03-20T14:58:59","date_gmt":"2025-03-20T14:58:59","guid":{"rendered":"https:\/\/aromasentia.com\/product\/hh-tarot-roll-on-the-moon\/"},"modified":"2025-06-23T19:20:19","modified_gmt":"2025-06-23T19:20:19","slug":"roll-on-hop-hare-tarot-la-lune","status":"publish","type":"product","link":"https:\/\/aromasentia.com\/fr\/roll-on-hop-hare-tarot-la-lune\/","title":{"rendered":"Roll-On Hop Hare Tarot  &#8211; La Lune"},"content":{"rendered":"<h1><strong>&laquo; La Lune &raquo; de Hop Hare, chaque roll-on contient un m\u00e9lange d&rsquo;ar\u00f4mes apaisants con&ccedil;us pour pacifier l&rsquo;esprit, compl\u00e9t\u00e9 par l&rsquo;\u00e9nergie sereine des pierres pr\u00e9cieuses d&rsquo;Am\u00e9thyste.<\/strong><\/h1>\n<p><strong>Am\u00e9thyste :<\/strong> Gardienne de la nuit Au c\u0153ur de chaque roll-on se trouve une pierre pr\u00e9cieuse, l&rsquo;am\u00e9thyste, r\u00e9put\u00e9e pour sa capacit\u00e9 \u00e0 apaiser les pens\u00e9es agit\u00e9es et \u00e0 \u00e9lever la conscience \u00e0 un niveau sup\u00e9rieur.&nbsp;<\/p>\n<p>Dans &laquo; La Lune &nbsp;&raquo;, l&rsquo;am\u00e9thyste sert de bouclier contre les incertitudes nocturnes, cr\u00e9ant un sanctuaire de paix et de calme.&nbsp;<\/p>\n<h2><strong>Inviter la lune<\/strong>&nbsp;<\/h2>\n<p>Incorporez-la \u00e0 votre routine nocturne pour vous d\u00e9tendre et vous pr\u00e9parer au repos.&nbsp;<\/p>\n<p>Portez-la comme parfum personnel pour transporter la tranquillit\u00e9 de la nuit o\u00f9que vous alliez.&nbsp;<\/p>\n<p>Am\u00e9liorez vos s\u00e9ances de m\u00e9ditation ou de pri\u00e8re avec un sentiment de s\u00e9r\u00e9nit\u00e9 et d&rsquo;introspection.&nbsp;<\/p>\n<p>Un cadeau attentionn\u00e9 pour les \u00eatres chers en qu\u00eate de r\u00e9confort et de relaxation.&nbsp;<\/p>\n<p><em>Avec &laquo; La Lune &nbsp;&raquo; de Hop Hare, laissez les heures de la nuit vous envelopper de tranquillit\u00e9, tandis que la douce influence de l&rsquo;am\u00e9thyste vous guide vers un sommeil paisible et plein de r\u00eaves. &nbsp;<\/em><\/p>\n<p><strong><br \/><\/strong><\/p>\n<h2><strong>Ingr\u00e9dients con&ccedil;us pour le calme :<\/strong><\/h2>\n<p><strong>Huile de Coco MCT :&nbsp;<\/strong>Notre potion repose sur une base d&rsquo;huile de coco MCT, r\u00e9put\u00e9e pour sa texture l\u00e9g\u00e8re et ses vertus hydratantes, qui permet aux huiles essentielles de se r\u00e9pandre en douceur sur la peau.&nbsp;<\/p>\n<p><strong>Huile Essentielle de Lavande :&nbsp;<\/strong>L&rsquo;huile essentielle de lavande, quintessence de la relaxation, enveloppe vos sens d&rsquo;une \u00e9treinte florale, contribuant \u00e0 apaiser les tensions et \u00e0 favoriser un \u00e9tat d&rsquo;esprit paisible. &nbsp;<\/p>\n<p><strong>Huile Essentielle de Romarin :&nbsp;<\/strong>Avec son murmure herbac\u00e9, l&rsquo;huile essentielle de romarin apporte une note de clart\u00e9 mentale, balayant doucement les toiles d&rsquo;araign\u00e9e d&rsquo;un esprit fatigu\u00e9.&nbsp;<\/p>\n<p><strong>Huile Essentielle de Bois de C\u00e8dre :<\/strong> L&rsquo;ar\u00f4me chaud et bois\u00e9 de l&rsquo;huile essentielle de bois de c\u00e8dre fonde le m\u00e9lange, encourageant la stabilit\u00e9 et la force int\u00e9rieure au milieu des flux et reflux de la vie.&nbsp;<\/p>\n<p><strong>Huile Essentielle de Camomille :&nbsp;<\/strong>R\u00e9put\u00e9e pour ses propri\u00e9t\u00e9s apaisantes, l&rsquo;huile essentielle de camomille ajoute un doux parfum de pomme qui vous berce dans un \u00e9tat de repos serein.<\/p>\n<p><strong><span style=\"color: rgb(141, 186, 216);\">D\u00e9couvrez la s\u00e9r\u00e9nit\u00e9 avec Hop Hare &#8211; La Lune. Lib\u00e9rez votre esprit avec ses ar\u00f4mes apaisants et l&rsquo;\u00e9nergie de l&rsquo;Am\u00e9thyste.&nbsp;<\/span><\/strong><\/p>\n<p><strong><span style=\"color: rgb(141, 186, 216);\">Commandez maintenant pour une tranquillit\u00e9 d&rsquo;esprit instantan\u00e9e!<\/span><\/strong> <\/p>\n","protected":false},"excerpt":{"rendered":"<p>&laquo; La Lune &raquo; de Hop Hare, chaque roll-on contient un m\u00e9lange d&rsquo;ar\u00f4mes apaisants con&ccedil;us pour pacifier l&rsquo;esprit, compl\u00e9t\u00e9 par l&rsquo;\u00e9nergie sereine des pierres pr\u00e9cieuses d&rsquo;Am\u00e9thyste. Am\u00e9thyste : Gardienne de la nuit Au c\u0153ur de chaque roll-on se trouve une pierre pr\u00e9cieuse, l&rsquo;am\u00e9thyste, r\u00e9put\u00e9e pour sa capacit\u00e9 \u00e0 apaiser les pens\u00e9es agit\u00e9es et \u00e0 \u00e9lever [&hellip;]<\/p>\n","protected":false},"featured_media":264494,"comment_status":"closed","ping_status":"open","template":"","meta":[],"product_brand":[27113],"product_cat":[16450],"product_tag":[],"class_list":{"0":"post-243416","1":"product","2":"type-product","3":"status-publish","4":"has-post-thumbnail","6":"product_brand-hop-hare","7":"product_cat-aromatherapie-et-parfums-d-ambiance","8":"pa_collection-hop-hare-essential-oil-gemstone-roll-ons-10ml-fr","9":"pa_made-in-royaume-uni","11":"first","12":"instock","13":"purchasable","14":"product-type-simple"},"supplier_id":null,"supplier_sku":"HHGR-03","barcode":null,"atum_controlled":true,"out_stock_date":null,"out_stock_threshold":null,"inheritable":false,"inbound_stock":null,"stock_on_hold":0,"sold_today":0,"sales_last_days":0,"reserved_stock":null,"customer_returns":null,"warehouse_damage":null,"lost_in_post":null,"other_logs":null,"out_stock_days":0,"lost_sales":0,"has_location":null,"update_date":"2026-02-12T03:51:19","atum_locations":[],"atum_stock_status":"instock","restock_status":false,"low_stock_amount":"","sales_update_date":"2025-09-05T00:16:51","calc_backorders":null,"_links":{"self":[{"href":"https:\/\/aromasentia.com\/fr\/wp-json\/wp\/v2\/product\/243416","targetHints":{"allow":["GET"]}}],"collection":[{"href":"https:\/\/aromasentia.com\/fr\/wp-json\/wp\/v2\/product"}],"about":[{"href":"https:\/\/aromasentia.com\/fr\/wp-json\/wp\/v2\/types\/product"}],"replies":[{"embeddable":true,"href":"https:\/\/aromasentia.com\/fr\/wp-json\/wp\/v2\/comments?post=243416"}],"version-history":[{"count":0,"href":"https:\/\/aromasentia.com\/fr\/wp-json\/wp\/v2\/product\/243416\/revisions"}],"wp:featuredmedia":[{"embeddable":true,"href":"https:\/\/aromasentia.com\/fr\/wp-json\/wp\/v2\/media\/264494"}],"wp:attachment":[{"href":"https:\/\/aromasentia.com\/fr\/wp-json\/wp\/v2\/media?parent=243416"}],"wp:term":[{"taxonomy":"product_brand","embeddable":true,"href":"https:\/\/aromasentia.com\/fr\/wp-json\/wp\/v2\/product_brand?post=243416"},{"taxonomy":"product_cat","embeddable":true,"href":"https:\/\/aromasentia.com\/fr\/wp-json\/wp\/v2\/product_cat?post=243416"},{"taxonomy":"product_tag","embeddable":true,"href":"https:\/\/aromasentia.com\/fr\/wp-json\/wp\/v2\/product_tag?post=243416"}],"curies":[{"name":"wp","href":"https:\/\/api.w.org\/{rel}","templated":true}]}}