{"id":243412,"date":"2025-03-20T14:58:59","date_gmt":"2025-03-20T14:58:59","guid":{"rendered":"https:\/\/aromasentia.com\/product\/hh-tarot-roll-on-the-devil\/"},"modified":"2025-06-23T19:20:19","modified_gmt":"2025-06-23T19:20:19","slug":"roll-on-hop-hare-tarot-le-diable","status":"publish","type":"product","link":"https:\/\/aromasentia.com\/fr\/roll-on-hop-hare-tarot-le-diable\/","title":{"rendered":"Roll-On Hop Hare Tarot  &#8211; Le Diable"},"content":{"rendered":"<h1><strong>&laquo; Le Diable &raquo; de Hop Hare, un roll-on d&rsquo;huiles essentielles infus\u00e9 de pierres pr\u00e9cieuses<\/strong> pour harmoniser votre \u00e9nergie vibrante avec l&rsquo;influence stabilisante du Jaspe Rouge.<\/h1>\n<p>Chaque roll-on est un m\u00e9lange puissant de parfums audacieux, garanti pour \u00e9veiller votre dynamisme int\u00e9rieur.&nbsp;<\/p>\n<h2><strong>La pierre d&rsquo;\u00e9quilibre : Le Jaspe Rouge<\/strong><\/h2>\n<p>Au c\u0153ur de chaque roll-on se trouve une pierre pr\u00e9cieuse, le Jaspe Rouge, r\u00e9put\u00e9e pour sa capacit\u00e9 \u00e0 apporter l&rsquo;\u00e9quilibre. On pense qu&rsquo;elle temp\u00e8re les extr\u00eames, garantissant que vos \u00e9nergies dynamiques s&rsquo;\u00e9coulent en synchronisation avec le monde qui vous entoure. Acceptez l&rsquo;influence du diable&nbsp;<\/p>\n<p>Incorporez-la \u00e0 votre r\u00e9gime matinal pour insuffler de la vitalit\u00e9 \u00e0 votre journ\u00e9e. Portez-la comme parfum personnel pour exsuder l&rsquo;audace et la gr\u00e2ce. Renouvelez l&rsquo;applicaton avant les occasions sociales pour rayonner de charisme et d&rsquo;assurance.&nbsp;<\/p>\n<p>Offrez-le \u00e0 ceux qui embrassent leur force et savourent la joie de vivre. &nbsp;&nbsp;<\/p>\n<p><em>Avec &laquo; Le Diable &raquo; de Hop Hare, entrez hardiment dans la danse de la vie, en laissant le Jaspe Rouge vous guider \u00e0 travers chaque rythme avec passion et puissance.<\/em><\/p>\n<p>Ingr\u00e9dients qui enflamment votre dynamisme<\/p>\n<p><strong>Huile de Coco MCT :<\/strong> Notre \u00e9lixir commence par une base d&rsquo;huile de coco MCT, r\u00e9put\u00e9e pour ses vertus hydratantes et qui permet aux huiles parfum\u00e9es de se fondre parfaitement dans la peau.&nbsp;<\/p>\n<p><strong>Huile Essentielle d&rsquo;Orange :<\/strong> L&rsquo;ar\u00f4me zest\u00e9 de l&rsquo;huile essentielle d&rsquo;orange insuffle \u00e0 votre aura une bouff\u00e9e d&rsquo;\u00e9nergie et une perspective lumineuse et joyeuse.&nbsp;<\/p>\n<p><strong>Huile Essentielle de Patchouli :&nbsp;<\/strong>Terreuse et riche, l&rsquo;huile essentielle de patchouli ancre le m\u00e9lange avec ses notes profondes et musqu\u00e9es, favorisant un sentiment d&rsquo;enracinement et de sati\u00e9t\u00e9.&nbsp;<\/p>\n<p><strong>Huile Essentielle de Bois de C\u00e8dre :<\/strong> Le parfum robuste et bois\u00e9 de l&rsquo;huile essentielle de bois de c\u00e8dre conf\u00e8re stabilit\u00e9 et endurance, vous enracinant fermement dans le pr\u00e9sent.&nbsp;<\/p>\n<p><strong>Huile Essentielle de Lavande :<\/strong> Avec un doux murmure floral, l&rsquo;huile essentielle de lavande apporte une touche de calme, garantissant que le feu int\u00e9rieur reste une flamme chaleureuse et non un brasier enrag\u00e9.&nbsp;<\/p>\n<p><strong>Huile Essentielle de Bergamote :&nbsp;<\/strong>La note l\u00e9g\u00e8re et citronn\u00e9e de l&rsquo;huile essentielle de bergamote apporte une clart\u00e9 rafra\u00eechissante, tranchant la complexit\u00e9 par sa pr\u00e9sence stimulante.&nbsp;<\/p>\n<p><strong>Huile Essentielle d&rsquo;Ylang :<\/strong> Le parfum exotique et doux de l&rsquo;huile essentielle d&rsquo;ylang compl\u00e8te le m\u00e9lange, exaltant les sens et encourageant une joyeuse libert\u00e9 de l&rsquo;\u00e2me.<\/p>\n<p><strong><span style=\"color: rgb(141, 186, 216);\">Domptez votre \u00e9nergie avec Hop Hare &#8211; Le Diable. Harmonisez-vous avec le Jaspe Rouge. Retrouvez l&rsquo;\u00e9quilibre d\u00e8s aujourd&rsquo;hui!<\/span><\/strong>&nbsp;<\/p>\n","protected":false},"excerpt":{"rendered":"<p>&laquo; Le Diable &raquo; de Hop Hare, un roll-on d&rsquo;huiles essentielles infus\u00e9 de pierres pr\u00e9cieuses pour harmoniser votre \u00e9nergie vibrante avec l&rsquo;influence stabilisante du Jaspe Rouge. Chaque roll-on est un m\u00e9lange puissant de parfums audacieux, garanti pour \u00e9veiller votre dynamisme int\u00e9rieur.&nbsp; La pierre d&rsquo;\u00e9quilibre : Le Jaspe Rouge Au c\u0153ur de chaque roll-on se trouve [&hellip;]<\/p>\n","protected":false},"featured_media":264469,"comment_status":"closed","ping_status":"open","template":"","meta":[],"product_brand":[27113],"product_cat":[16450],"product_tag":[],"class_list":{"0":"post-243412","1":"product","2":"type-product","3":"status-publish","4":"has-post-thumbnail","6":"product_brand-hop-hare","7":"product_cat-aromatherapie-et-parfums-d-ambiance","8":"pa_collection-hop-hare-essential-oil-gemstone-roll-ons-10ml-fr","9":"pa_made-in-royaume-uni","11":"first","12":"instock","13":"purchasable","14":"product-type-simple"},"supplier_id":null,"supplier_sku":"HHGR-04","barcode":null,"atum_controlled":true,"out_stock_date":null,"out_stock_threshold":null,"inheritable":false,"inbound_stock":null,"stock_on_hold":0,"sold_today":0,"sales_last_days":0,"reserved_stock":null,"customer_returns":null,"warehouse_damage":null,"lost_in_post":null,"other_logs":null,"out_stock_days":0,"lost_sales":0,"has_location":null,"update_date":"2026-02-11T08:28:41","atum_locations":[],"atum_stock_status":"instock","restock_status":false,"low_stock_amount":"","sales_update_date":"2025-10-09T03:21:16","calc_backorders":null,"_links":{"self":[{"href":"https:\/\/aromasentia.com\/fr\/wp-json\/wp\/v2\/product\/243412","targetHints":{"allow":["GET"]}}],"collection":[{"href":"https:\/\/aromasentia.com\/fr\/wp-json\/wp\/v2\/product"}],"about":[{"href":"https:\/\/aromasentia.com\/fr\/wp-json\/wp\/v2\/types\/product"}],"replies":[{"embeddable":true,"href":"https:\/\/aromasentia.com\/fr\/wp-json\/wp\/v2\/comments?post=243412"}],"version-history":[{"count":0,"href":"https:\/\/aromasentia.com\/fr\/wp-json\/wp\/v2\/product\/243412\/revisions"}],"wp:featuredmedia":[{"embeddable":true,"href":"https:\/\/aromasentia.com\/fr\/wp-json\/wp\/v2\/media\/264469"}],"wp:attachment":[{"href":"https:\/\/aromasentia.com\/fr\/wp-json\/wp\/v2\/media?parent=243412"}],"wp:term":[{"taxonomy":"product_brand","embeddable":true,"href":"https:\/\/aromasentia.com\/fr\/wp-json\/wp\/v2\/product_brand?post=243412"},{"taxonomy":"product_cat","embeddable":true,"href":"https:\/\/aromasentia.com\/fr\/wp-json\/wp\/v2\/product_cat?post=243412"},{"taxonomy":"product_tag","embeddable":true,"href":"https:\/\/aromasentia.com\/fr\/wp-json\/wp\/v2\/product_tag?post=243412"}],"curies":[{"name":"wp","href":"https:\/\/api.w.org\/{rel}","templated":true}]}}