{"id":243408,"date":"2025-03-20T14:58:59","date_gmt":"2025-03-20T14:58:59","guid":{"rendered":"https:\/\/aromasentia.com\/product\/hh-tarot-roll-on-the-sun\/"},"modified":"2025-06-23T19:20:18","modified_gmt":"2025-06-23T19:20:18","slug":"roll-on-hop-hare-tarot-le-soleil","status":"publish","type":"product","link":"https:\/\/aromasentia.com\/fr\/roll-on-hop-hare-tarot-le-soleil\/","title":{"rendered":"Roll-On Hop Hare Tarot  &#8211; Le Soleil"},"content":{"rendered":"<h1><strong>&laquo; Le Soleil &raquo; de Hop Hare, un roll-on d&rsquo;huiles essentielles infus\u00e9es de pierres pr\u00e9cieuses&nbsp;<\/strong>qui incarne l&rsquo;essence \u00e9nergisante d&rsquo;une journ\u00e9e ensoleill\u00e9e.<\/h1>\n<p>Enrichi de l&rsquo;\u00e9nergie clarifiante des pierres pr\u00e9cieuses Sodalite, ce m\u00e9lange est votre compagnon pour embrasser une vie d&rsquo;audace et de brillance.&nbsp;<\/p>\n<h2><strong>La gemme du soleil :<\/strong> <strong>Sodalite&nbsp;<\/strong><\/h2>\n<p>Au c\u0153ur de chaque roll-on se trouve une pierre pr\u00e9cieuse Sodalite, s\u00e9lectionn\u00e9e pour sa capacit\u00e9 \u00e0 renforcer l&rsquo;estime de soi et \u00e0 favoriser l&rsquo;\u00e9quilibre \u00e9motionnel.&nbsp;<\/p>\n<p>La pr\u00e9sence de la Sodalite dans &laquo; Le Soleil &nbsp;&raquo; a pour but de magnifier vos convictions int\u00e9rieures, en favorisant une confiance r\u00e9solue qui s&rsquo;harmonise avec l&rsquo;aura vibrante du roll-on. &nbsp;&nbsp;<\/p>\n<p>Embrasser le Soleil Incorporer \u00e0 vos affirmations quotidiennes pour renforcer une image positive de vous-m\u00eame. Utilisez-le comme un rappel parfum\u00e9 dans les moments o\u00f9vous devez faire preuve de courage et de sang-froid.&nbsp;<\/p>\n<p>Appliquer comme parfum personnel pour amplifier naturellement votre pr\u00e9sence magn\u00e9tique.&nbsp;<\/p>\n<p>Offrez un cadeau pr\u00e9cieux pour inspirer chaleur et assurance \u00e0 vos proches.&nbsp;<\/p>\n<p><em>Laissez &laquo; Le Soleil &nbsp;&raquo; de Hop Hare \u00e9clairer votre chemin vers un potentiel illimit\u00e9, guid\u00e9 par la brillance du m\u00e9lange et les propri\u00e9t\u00e9s de la Sodalite qui renforcent la confiance en soi.<\/em><\/p>\n<h2><strong>Ingr\u00e9dients pour le Roll-On Hop Hare Tarot &#8211; Le Soleil<\/strong><\/h2>\n<p><strong>Huile de Coco MCT :<\/strong> Notre m\u00e9lange est envelopp\u00e9 dans l&rsquo;\u00e9treinte soyeuse de l&rsquo;huile de coco MCT, connue pour sa touche hydratante, permettant \u00e0 l&rsquo;essence des huiles de se fondre harmonieusement dans votre peau.&nbsp;<\/p>\n<p><strong>Huile Essentielle de Pamplemousse :<\/strong> L&rsquo;\u00e9clat vif et citronn\u00e9 de l&rsquo;huile essentielle de pamplemousse insuffle \u00e0 vos sens un esprit joyeux, \u00e9liminant les doutes et revigorant l&rsquo;esprit.&nbsp;<\/p>\n<p><strong>Huile Essentielle de Bergamote :&nbsp;<\/strong>Avec ses notes \u00e9pic\u00e9es et douces, l&rsquo;huile essentielle de bergamote est le c\u0153ur de cette concoction ensoleill\u00e9e, qui \u00e9l\u00e8ve l&rsquo;humeur et polit l&rsquo;\u00e2me avec une lumi\u00e8re de clart\u00e9.&nbsp;<\/p>\n<p><strong>Huile Essentielle de Citronnelle :&nbsp;<\/strong>Le parfum frais et propre de l&rsquo;huile essentielle de citronnelle compl\u00e8te le m\u00e9lange, donnant une impression de ciel ouvert et de possibilit\u00e9s infinies, encourageant l&rsquo;agilit\u00e9 mentale et purifiant les intentions.<\/p>\n<p><strong><span style=\"color: rgb(141, 186, 216);\">Rayonnez avec Hop Hare &#8211; Le Soleil. Capturez l&rsquo;\u00e9nergie du jour avec ses huiles essentielles et pierres pr\u00e9cieuses.&nbsp;<\/span><\/strong><\/p>\n<p><strong><span style=\"color: rgb(141, 186, 216);\">\u00e9clairez votre journ\u00e9e, commandez maintenant!<\/span><\/strong> <\/p>\n","protected":false},"excerpt":{"rendered":"<p>&laquo; Le Soleil &raquo; de Hop Hare, un roll-on d&rsquo;huiles essentielles infus\u00e9es de pierres pr\u00e9cieuses&nbsp;qui incarne l&rsquo;essence \u00e9nergisante d&rsquo;une journ\u00e9e ensoleill\u00e9e. Enrichi de l&rsquo;\u00e9nergie clarifiante des pierres pr\u00e9cieuses Sodalite, ce m\u00e9lange est votre compagnon pour embrasser une vie d&rsquo;audace et de brillance.&nbsp; La gemme du soleil : Sodalite&nbsp; Au c\u0153ur de chaque roll-on se trouve [&hellip;]<\/p>\n","protected":false},"featured_media":264444,"comment_status":"closed","ping_status":"open","template":"","meta":[],"product_brand":[27113],"product_cat":[16450],"product_tag":[],"class_list":{"0":"post-243408","1":"product","2":"type-product","3":"status-publish","4":"has-post-thumbnail","6":"product_brand-hop-hare","7":"product_cat-aromatherapie-et-parfums-d-ambiance","8":"pa_collection-hop-hare-essential-oil-gemstone-roll-ons-10ml-fr","9":"pa_made-in-royaume-uni","11":"first","12":"instock","13":"purchasable","14":"product-type-simple"},"supplier_id":null,"supplier_sku":"HHGR-05","barcode":null,"atum_controlled":true,"out_stock_date":null,"out_stock_threshold":null,"inheritable":false,"inbound_stock":null,"stock_on_hold":0,"sold_today":0,"sales_last_days":0,"reserved_stock":null,"customer_returns":null,"warehouse_damage":null,"lost_in_post":null,"other_logs":null,"out_stock_days":0,"lost_sales":0,"has_location":null,"update_date":"2026-02-11T08:30:40","atum_locations":[],"atum_stock_status":"instock","restock_status":false,"low_stock_amount":"","sales_update_date":"2025-09-05T00:16:51","calc_backorders":null,"_links":{"self":[{"href":"https:\/\/aromasentia.com\/fr\/wp-json\/wp\/v2\/product\/243408","targetHints":{"allow":["GET"]}}],"collection":[{"href":"https:\/\/aromasentia.com\/fr\/wp-json\/wp\/v2\/product"}],"about":[{"href":"https:\/\/aromasentia.com\/fr\/wp-json\/wp\/v2\/types\/product"}],"replies":[{"embeddable":true,"href":"https:\/\/aromasentia.com\/fr\/wp-json\/wp\/v2\/comments?post=243408"}],"version-history":[{"count":0,"href":"https:\/\/aromasentia.com\/fr\/wp-json\/wp\/v2\/product\/243408\/revisions"}],"wp:featuredmedia":[{"embeddable":true,"href":"https:\/\/aromasentia.com\/fr\/wp-json\/wp\/v2\/media\/264444"}],"wp:attachment":[{"href":"https:\/\/aromasentia.com\/fr\/wp-json\/wp\/v2\/media?parent=243408"}],"wp:term":[{"taxonomy":"product_brand","embeddable":true,"href":"https:\/\/aromasentia.com\/fr\/wp-json\/wp\/v2\/product_brand?post=243408"},{"taxonomy":"product_cat","embeddable":true,"href":"https:\/\/aromasentia.com\/fr\/wp-json\/wp\/v2\/product_cat?post=243408"},{"taxonomy":"product_tag","embeddable":true,"href":"https:\/\/aromasentia.com\/fr\/wp-json\/wp\/v2\/product_tag?post=243408"}],"curies":[{"name":"wp","href":"https:\/\/api.w.org\/{rel}","templated":true}]}}