{"id":243404,"date":"2025-03-20T14:58:59","date_gmt":"2025-03-20T14:58:59","guid":{"rendered":"https:\/\/aromasentia.com\/product\/hh-tarot-roll-on-the-lion\/"},"modified":"2025-06-23T19:20:16","modified_gmt":"2025-06-23T19:20:16","slug":"roll-on-hop-hare-tarot-le-lion","status":"publish","type":"product","link":"https:\/\/aromasentia.com\/fr\/roll-on-hop-hare-tarot-le-lion\/","title":{"rendered":"Roll-On Hop Hare Tarot &#8211; Le Lion"},"content":{"rendered":"<h1><strong>&laquo; Le Lion &raquo; de Hop Hare, un roll-on d&rsquo;huiles essentielles de pierres pr\u00e9cieuses<\/strong> qui incarne l&rsquo;essence royale du roi de la jungle &#8211; puissant mais pos\u00e9.<\/h1>\n<p>Infus\u00e9 avec l&rsquo;\u00e9nergie harmonisante du quartz rocheux, ce m\u00e9lange est m\u00e9ticuleusement con&ccedil;u pour lib\u00e9rer l&rsquo;\u00e9nergie dans sa forme la plus pure et r\u00e9tablir l&rsquo;\u00e9quilibre dans votre domaine.&nbsp;<\/p>\n<h2><strong>Le c\u0153ur cristallin du lion : Le quartz rocheux&nbsp;<\/strong><\/h2>\n<p>Au c\u0153ur de chaque roll-on se trouve une pierre pr\u00e9cieuse Quartz de Roche, v\u00e9n\u00e9r\u00e9e pour sa capacit\u00e9 \u00e0 purifier l&rsquo;aura et \u00e0 am\u00e9liorer le flux \u00e9nerg\u00e9tique. La puret\u00e9 et la r\u00e9sistance inh\u00e9rentes au cristal refl\u00e8tent celles du c\u0153ur d&rsquo;un lion &#8211; in\u00e9branlable et \u00e9quilibr\u00e9. &nbsp;&nbsp;<\/p>\n<p>Adoptez l&rsquo;esprit du lion Appliquer le matin pour d\u00e9marrer une journ\u00e9e de leadership et d&rsquo;assurance. Incorporez-la \u00e0 la m\u00e9ditation pour approfondir votre connexion avec votre force int\u00e9rieure. Porter comme parfum personnel pour susciter naturellement le respect et l&rsquo;admiration.&nbsp;<\/p>\n<p>A offrir \u00e0 ceux qui incarnent l&rsquo;esprit du &laquo; Lion &raquo; ou qui s&rsquo;efforcent de le faire.&nbsp;<\/p>\n<p><em>Laissez &laquo; Le Lion &raquo; de Hop Hare r\u00e9sonner comme le puissant rugissement qui guide votre journ\u00e9e, avec Quartz de Roche qui vous aide \u00e0 atteindre un \u00e9quilibre souverain et un calme majestueux. &nbsp;<\/em><\/p>\n<p><\/p>\n<h2><strong>Ingr\u00e9dients pour r\u00e9veiller votre esprit royal :<\/strong><\/h2>\n<p><strong>Huile de Coco MCT :&nbsp;<\/strong>Notre \u00e9lixir est fond\u00e9 sur les vertus de l&rsquo;huile de coco MCT, choisie pour ses propri\u00e9t\u00e9s l\u00e9g\u00e8res et hydratantes, facilitant une onction royale des huiles pr\u00e9cieuses sur votre peau.&nbsp;<\/p>\n<p><strong>Huile Essentielle de Patchouli :<\/strong> Les notes profondes et musqu\u00e9es de l&rsquo;huile essentielle de Patchouli offrent une riche tapisserie de senteurs, posant les fondations de votre royaume aromatique avec ses propri\u00e9t\u00e9s ancr\u00e9es et apaisantes.&nbsp;<\/p>\n<p><strong>Huile Essentielle d&rsquo;Ylang :&nbsp;<\/strong>L&rsquo;ar\u00f4me luxueux et floral de l&rsquo;huile essentielle d&rsquo;ylang r\u00e8gne en ma\u00eetre, infusant vos sens de son parfum doux et exotique qui favorise un sentiment de satisfaction et de joie profondes.&nbsp;<\/p>\n<p><strong>Huile Essentielle de Jasmin :<\/strong> Le parfum enivrant de l&rsquo;huile essentielle de jasmin s&rsquo;\u00e9panouit dans ce m\u00e9lange royal, symbolisant la puret\u00e9 et la gr\u00e2ce, et offrant une essence tranquille et puissante \u00e0 votre pr\u00e9sence.<\/p>\n<p><strong><span style=\"color: rgb(141, 186, 216);\">Affirmez votre puissance avec Hop Hare &#8211; Le Lion. Dominez avec gr\u00e2ce. Commandez d\u00e8s maintenant pour rayonner!<\/span><\/strong> <\/p>\n<p><\/p>\n","protected":false},"excerpt":{"rendered":"<p>&laquo; Le Lion &raquo; de Hop Hare, un roll-on d&rsquo;huiles essentielles de pierres pr\u00e9cieuses qui incarne l&rsquo;essence royale du roi de la jungle &#8211; puissant mais pos\u00e9. Infus\u00e9 avec l&rsquo;\u00e9nergie harmonisante du quartz rocheux, ce m\u00e9lange est m\u00e9ticuleusement con&ccedil;u pour lib\u00e9rer l&rsquo;\u00e9nergie dans sa forme la plus pure et r\u00e9tablir l&rsquo;\u00e9quilibre dans votre domaine.&nbsp; Le [&hellip;]<\/p>\n","protected":false},"featured_media":264419,"comment_status":"closed","ping_status":"open","template":"","meta":[],"product_brand":[27113],"product_cat":[16450],"product_tag":[],"class_list":{"0":"post-243404","1":"product","2":"type-product","3":"status-publish","4":"has-post-thumbnail","6":"product_brand-hop-hare","7":"product_cat-aromatherapie-et-parfums-d-ambiance","8":"pa_collection-hop-hare-essential-oil-gemstone-roll-ons-10ml-fr","9":"pa_made-in-royaume-uni","11":"first","12":"instock","13":"purchasable","14":"product-type-simple"},"supplier_id":null,"supplier_sku":"HHGR-06","barcode":null,"atum_controlled":true,"out_stock_date":null,"out_stock_threshold":null,"inheritable":false,"inbound_stock":null,"stock_on_hold":0,"sold_today":0,"sales_last_days":0,"reserved_stock":null,"customer_returns":null,"warehouse_damage":null,"lost_in_post":null,"other_logs":null,"out_stock_days":0,"lost_sales":0,"has_location":null,"update_date":"2026-02-11T08:30:45","atum_locations":[],"atum_stock_status":"instock","restock_status":false,"low_stock_amount":"","sales_update_date":"2025-09-05T00:16:50","calc_backorders":null,"_links":{"self":[{"href":"https:\/\/aromasentia.com\/fr\/wp-json\/wp\/v2\/product\/243404","targetHints":{"allow":["GET"]}}],"collection":[{"href":"https:\/\/aromasentia.com\/fr\/wp-json\/wp\/v2\/product"}],"about":[{"href":"https:\/\/aromasentia.com\/fr\/wp-json\/wp\/v2\/types\/product"}],"replies":[{"embeddable":true,"href":"https:\/\/aromasentia.com\/fr\/wp-json\/wp\/v2\/comments?post=243404"}],"version-history":[{"count":0,"href":"https:\/\/aromasentia.com\/fr\/wp-json\/wp\/v2\/product\/243404\/revisions"}],"wp:featuredmedia":[{"embeddable":true,"href":"https:\/\/aromasentia.com\/fr\/wp-json\/wp\/v2\/media\/264419"}],"wp:attachment":[{"href":"https:\/\/aromasentia.com\/fr\/wp-json\/wp\/v2\/media?parent=243404"}],"wp:term":[{"taxonomy":"product_brand","embeddable":true,"href":"https:\/\/aromasentia.com\/fr\/wp-json\/wp\/v2\/product_brand?post=243404"},{"taxonomy":"product_cat","embeddable":true,"href":"https:\/\/aromasentia.com\/fr\/wp-json\/wp\/v2\/product_cat?post=243404"},{"taxonomy":"product_tag","embeddable":true,"href":"https:\/\/aromasentia.com\/fr\/wp-json\/wp\/v2\/product_tag?post=243404"}],"curies":[{"name":"wp","href":"https:\/\/api.w.org\/{rel}","templated":true}]}}