{"id":243400,"date":"2025-03-20T14:58:59","date_gmt":"2025-03-20T14:58:59","guid":{"rendered":"https:\/\/aromasentia.com\/product\/hh-tarot-roll-on-the-knight\/"},"modified":"2025-06-23T19:20:15","modified_gmt":"2025-06-23T19:20:15","slug":"roll-on-hop-hare-tarot-le-chevalier","status":"publish","type":"product","link":"https:\/\/aromasentia.com\/fr\/roll-on-hop-hare-tarot-le-chevalier\/","title":{"rendered":"Roll-On Hop Hare Tarot &#8211; Le Chevalier"},"content":{"rendered":"<h1><strong>&laquo; Le Chevalier &raquo; de Hop Hare, un roll-on d&rsquo;huiles essentielles de pierres pr\u00e9cieuses<\/strong><\/h1>\n<p>Con&ccedil;u pour le guerrier de la vie des temps modernes. Infus\u00e9 avec l&rsquo;aura protectrice de la tourmaline noire, ce m\u00e9lange est m\u00e9ticuleusement con&ccedil;u pour attirer la prosp\u00e9rit\u00e9 et favoriser les liens de camaraderie.&nbsp;<\/p>\n<p><strong>La pierre tut\u00e9laire du chevalier : Tourmaline noire&nbsp;<\/strong><\/p>\n<p>Chaque roll-on contient une pierre pr\u00e9cieuse, la tourmaline noire, v\u00e9n\u00e9r\u00e9e pour sa capacit\u00e9 \u00e0 repousser la n\u00e9gativit\u00e9 et \u00e0 attirer la richesse et la camaraderie.&nbsp;<\/p>\n<p>Sa pr\u00e9sence dans &laquo;Le Chevalier&raquo; agit comme un phare pour ceux qui affrontent les d\u00e9fis de la vie avec courage et \u00e9l\u00e9gance. &nbsp;&nbsp;<\/p>\n<p><strong>Comment exploiter son pouvoir&nbsp;<\/strong><\/p>\n<p>Appliquez le roll-on &laquo;Le Chevalier&raquo; sur les points de pulsation avec la pr\u00e9cision d&rsquo;un \u00e9p\u00e9iste chevronn\u00e9. Inspirez le m\u00e9lange de parfums bois\u00e9s et floraux, et pr\u00e9parez-vous aux aventures de la journ\u00e9e.&nbsp;<\/p>\n<p><em>Avancez avec l&rsquo;assurance et le charisme d&rsquo;un chevalier \u00e0 l&rsquo;armure \u00e9tincelante. Avec &laquo;Le Chevalier&raquo; de Hop Hare, embrassez le manteau de la prosp\u00e9rit\u00e9 et de l&rsquo;amiti\u00e9, guid\u00e9 par le m\u00e9lange galant et la tourmaline noire puissante vers le triomphe.<\/em><\/p>\n<p><strong>Ingr\u00e9dients pour le courage et la connexion&nbsp;<\/strong><\/p>\n<p><strong>Huile de coco MCT :<\/strong> Notre m\u00e9lange est enrichi d&rsquo;huile de coco MCT, r\u00e9put\u00e9e pour sa l\u00e9g\u00e8ret\u00e9 et son hydratation, ce qui permet aux essences nobles des huiles essentielles d&rsquo;\u00eatre appliqu\u00e9es en douceur sur votre peau.&nbsp;<\/p>\n<p><strong>Huile Essentielle de Bois de C\u00e8dre :<\/strong> Avec l&rsquo;odeur robuste de l&rsquo;huile essentielle de bois de c\u00e8dre, ce parfum construit une forteresse de calme, encourageant la fermet\u00e9 et la r\u00e9silience.&nbsp;<\/p>\n<p><strong>Huile Essentielle de Patchouli :<\/strong> L&rsquo;ar\u00f4me terreux de l&rsquo;huile essentielle de patchouli jette les bases de l&rsquo;abondance, en favorisant un sentiment de richesse et d&rsquo;allure terreuse.&nbsp;<\/p>\n<p><strong>Huile Essentielle de Palmarosa :<\/strong> Les doux murmures floraux de l&rsquo;huile essentielle de palmarosa portent le drapeau de l&rsquo;amiti\u00e9, invitant \u00e0 une communication ouverte et \u00e0 des liens sinc\u00e8res.&nbsp;<\/p>\n<p><strong>Huile Essentielle de V\u00e9tiver :&nbsp;<\/strong>Profonde et fum\u00e9e, l&rsquo;huile essentielle de v\u00e9tiver offre une touche d&rsquo;indompt\u00e9, favorisant la concentration et un sentiment d&rsquo;enracinement au milieu des batailles de la vie.&nbsp;<\/p>\n<p><strong>Huile Essentielle de N\u00e9roli :<\/strong> La noble floraison de l&rsquo;huile essentielle de n\u00e9roli conf\u00e8re un parfum royal, \u00e9levant l&rsquo;esprit et conf\u00e9rant \u00e0 celui qui la porte un air d&rsquo;aristocratie.<\/p>\n<p><strong><span style=\"color: rgb(141, 186, 216);\">Embarquez dans l&rsquo;aventure avec Hop Hare &#8211; Le Chevalier. Lib\u00e9rez votre bravoure. Commandez maintenant pour partir \u00e0 l&rsquo;aventure!<\/span><\/strong> <\/p>\n","protected":false},"excerpt":{"rendered":"<p>&laquo; Le Chevalier &raquo; de Hop Hare, un roll-on d&rsquo;huiles essentielles de pierres pr\u00e9cieuses Con&ccedil;u pour le guerrier de la vie des temps modernes. Infus\u00e9 avec l&rsquo;aura protectrice de la tourmaline noire, ce m\u00e9lange est m\u00e9ticuleusement con&ccedil;u pour attirer la prosp\u00e9rit\u00e9 et favoriser les liens de camaraderie.&nbsp; La pierre tut\u00e9laire du chevalier : Tourmaline noire&nbsp; [&hellip;]<\/p>\n","protected":false},"featured_media":264394,"comment_status":"closed","ping_status":"open","template":"","meta":[],"product_brand":[27113],"product_cat":[16450],"product_tag":[],"class_list":{"0":"post-243400","1":"product","2":"type-product","3":"status-publish","4":"has-post-thumbnail","6":"product_brand-hop-hare","7":"product_cat-aromatherapie-et-parfums-d-ambiance","8":"pa_collection-hop-hare-essential-oil-gemstone-roll-ons-10ml-fr","9":"pa_made-in-royaume-uni","11":"first","12":"instock","13":"purchasable","14":"product-type-simple"},"supplier_id":null,"supplier_sku":"HHGR-07","barcode":null,"atum_controlled":true,"out_stock_date":null,"out_stock_threshold":null,"inheritable":false,"inbound_stock":null,"stock_on_hold":0,"sold_today":0,"sales_last_days":0,"reserved_stock":null,"customer_returns":null,"warehouse_damage":null,"lost_in_post":null,"other_logs":null,"out_stock_days":0,"lost_sales":0,"has_location":null,"update_date":"2026-02-11T08:29:39","atum_locations":[],"atum_stock_status":"instock","restock_status":false,"low_stock_amount":"","sales_update_date":"2025-09-05T00:16:50","calc_backorders":null,"_links":{"self":[{"href":"https:\/\/aromasentia.com\/fr\/wp-json\/wp\/v2\/product\/243400","targetHints":{"allow":["GET"]}}],"collection":[{"href":"https:\/\/aromasentia.com\/fr\/wp-json\/wp\/v2\/product"}],"about":[{"href":"https:\/\/aromasentia.com\/fr\/wp-json\/wp\/v2\/types\/product"}],"replies":[{"embeddable":true,"href":"https:\/\/aromasentia.com\/fr\/wp-json\/wp\/v2\/comments?post=243400"}],"version-history":[{"count":0,"href":"https:\/\/aromasentia.com\/fr\/wp-json\/wp\/v2\/product\/243400\/revisions"}],"wp:featuredmedia":[{"embeddable":true,"href":"https:\/\/aromasentia.com\/fr\/wp-json\/wp\/v2\/media\/264394"}],"wp:attachment":[{"href":"https:\/\/aromasentia.com\/fr\/wp-json\/wp\/v2\/media?parent=243400"}],"wp:term":[{"taxonomy":"product_brand","embeddable":true,"href":"https:\/\/aromasentia.com\/fr\/wp-json\/wp\/v2\/product_brand?post=243400"},{"taxonomy":"product_cat","embeddable":true,"href":"https:\/\/aromasentia.com\/fr\/wp-json\/wp\/v2\/product_cat?post=243400"},{"taxonomy":"product_tag","embeddable":true,"href":"https:\/\/aromasentia.com\/fr\/wp-json\/wp\/v2\/product_tag?post=243400"}],"curies":[{"name":"wp","href":"https:\/\/api.w.org\/{rel}","templated":true}]}}