{"id":243328,"date":"2025-03-20T15:00:45","date_gmt":"2025-03-20T15:00:45","guid":{"rendered":"https:\/\/aromasentia.com\/product\/joints-ease-1kg-massage-oil\/"},"modified":"2025-06-23T19:20:05","modified_gmt":"2025-06-23T19:20:05","slug":"huile-de-bain-et-de-massage-special-articulations-1l","status":"publish","type":"product","link":"https:\/\/aromasentia.com\/fr\/huile-de-bain-et-de-massage-special-articulations-1l\/","title":{"rendered":"Huile de bain et de Massage &#8211; Sp\u00e9cial Articulations 1L"},"content":{"rendered":"<p>L&rsquo;huile de massage Joints Ease 1Kg permet de soulager les articulations douloureuses. Ce m\u00e9lange th\u00e9rapeutique est soigneusement \u00e9labor\u00e9 \u00e0 partir d&rsquo;huiles naturelles connues pour leurs propri\u00e9t\u00e9s anti-inflammatoires et apaisantes, afin d&rsquo;aider \u00e0 soulager l&rsquo;inconfort des articulations et \u00e0 am\u00e9liorer la flexibilit\u00e9. L&rsquo;huile de base nourrissante permet un massage doux mais efficace, aidant \u00e0 r\u00e9chauffer la zone et \u00e0 faire p\u00e9n\u00e9trer les plantes b\u00e9n\u00e9fiques en profondeur dans les tissus. Parfaite pour les personnes souffrant de raideurs ou de douleurs, elle procure un sentiment de soulagement et une plus grande libert\u00e9 de mouvement gr\u00e2ce \u00e0 une utilisation r\u00e9guli\u00e8re.<\/p>\n","protected":false},"excerpt":{"rendered":"<p>L&rsquo;huile de massage Joints Ease 1Kg permet de soulager les articulations douloureuses. Ce m\u00e9lange th\u00e9rapeutique est soigneusement \u00e9labor\u00e9 \u00e0 partir d&rsquo;huiles naturelles connues pour leurs propri\u00e9t\u00e9s anti-inflammatoires et apaisantes, afin d&rsquo;aider \u00e0 soulager l&rsquo;inconfort des articulations et \u00e0 am\u00e9liorer la flexibilit\u00e9. L&rsquo;huile de base nourrissante permet un massage doux mais efficace, aidant \u00e0 r\u00e9chauffer la [&hellip;]<\/p>\n","protected":false},"featured_media":265012,"comment_status":"closed","ping_status":"open","template":"","meta":{"_angie_page":false},"product_brand":[],"product_cat":[19443,24042],"product_tag":[],"class_list":{"0":"post-243328","1":"product","2":"type-product","3":"status-publish","4":"has-post-thumbnail","6":"product_cat-bain-et-corps","7":"product_cat-huiles-de-massage","8":"pa_collection-massage-and-bath-oils-1kg-fr","9":"pa_made-in-royaume-uni","11":"first","12":"instock","13":"purchasable","14":"product-type-simple"},"supplier_id":null,"supplier_sku":"MOB-05","barcode":null,"atum_controlled":true,"out_stock_date":null,"out_stock_threshold":null,"inheritable":false,"inbound_stock":null,"stock_on_hold":0,"sold_today":0,"sales_last_days":0,"reserved_stock":null,"customer_returns":null,"warehouse_damage":null,"lost_in_post":null,"other_logs":null,"out_stock_days":0,"lost_sales":0,"has_location":null,"update_date":"2026-04-27T07:13:22","atum_locations":[],"atum_stock_status":"instock","restock_status":false,"low_stock_amount":"","sales_update_date":"2026-02-06T00:02:05","calc_backorders":null,"_links":{"self":[{"href":"https:\/\/aromasentia.com\/fr\/wp-json\/wp\/v2\/product\/243328","targetHints":{"allow":["GET"]}}],"collection":[{"href":"https:\/\/aromasentia.com\/fr\/wp-json\/wp\/v2\/product"}],"about":[{"href":"https:\/\/aromasentia.com\/fr\/wp-json\/wp\/v2\/types\/product"}],"replies":[{"embeddable":true,"href":"https:\/\/aromasentia.com\/fr\/wp-json\/wp\/v2\/comments?post=243328"}],"version-history":[{"count":0,"href":"https:\/\/aromasentia.com\/fr\/wp-json\/wp\/v2\/product\/243328\/revisions"}],"wp:featuredmedia":[{"embeddable":true,"href":"https:\/\/aromasentia.com\/fr\/wp-json\/wp\/v2\/media\/265012"}],"wp:attachment":[{"href":"https:\/\/aromasentia.com\/fr\/wp-json\/wp\/v2\/media?parent=243328"}],"wp:term":[{"taxonomy":"product_brand","embeddable":true,"href":"https:\/\/aromasentia.com\/fr\/wp-json\/wp\/v2\/product_brand?post=243328"},{"taxonomy":"product_cat","embeddable":true,"href":"https:\/\/aromasentia.com\/fr\/wp-json\/wp\/v2\/product_cat?post=243328"},{"taxonomy":"product_tag","embeddable":true,"href":"https:\/\/aromasentia.com\/fr\/wp-json\/wp\/v2\/product_tag?post=243328"}],"curies":[{"name":"wp","href":"https:\/\/api.w.org\/{rel}","templated":true}]}}