{"id":243320,"date":"2025-03-20T15:00:45","date_gmt":"2025-03-20T15:00:45","guid":{"rendered":"https:\/\/aromasentia.com\/product\/sandalwood-glow-1kg-massage-oil\/"},"modified":"2025-06-23T19:20:02","modified_gmt":"2025-06-23T19:20:02","slug":"huile-de-bain-et-de-massage-eclat-de-bois-de-santal-1l","status":"publish","type":"product","link":"https:\/\/aromasentia.com\/fr\/huile-de-bain-et-de-massage-eclat-de-bois-de-santal-1l\/","title":{"rendered":"Huile de bain et de Massage &#8211; Eclat de Bois de Santal 1L"},"content":{"rendered":"<p>Illuminez votre peau avec notre huile de massage 1 kg au bois de santal. Cette huile de massage luxueuse contient l&rsquo;essence riche et cr\u00e9meuse du bois de santal, r\u00e9put\u00e9 pour ses propri\u00e9t\u00e9s esth\u00e9tiques et apaisantes pour la peau. M\u00e9lang\u00e9e \u00e0 des huiles de support nourrissantes, elle permet un glissement doux et persistant qui laisse la peau exceptionnellement douce et hydrat\u00e9e, avec un \u00e9clat subtil et radieux. L&rsquo;ar\u00f4me serein apaise l&rsquo;esprit, ce qui en fait le produit id\u00e9al pour un massage profond\u00e9ment relaxant et dorlotant qui nourrit \u00e0 la fois la peau et l&rsquo;esprit.<\/p>\n","protected":false},"excerpt":{"rendered":"<p>Illuminez votre peau avec notre huile de massage 1 kg au bois de santal. Cette huile de massage luxueuse contient l&rsquo;essence riche et cr\u00e9meuse du bois de santal, r\u00e9put\u00e9 pour ses propri\u00e9t\u00e9s esth\u00e9tiques et apaisantes pour la peau. M\u00e9lang\u00e9e \u00e0 des huiles de support nourrissantes, elle permet un glissement doux et persistant qui laisse la [&hellip;]<\/p>\n","protected":false},"featured_media":264978,"comment_status":"closed","ping_status":"open","template":"","meta":{"_angie_page":false},"product_brand":[],"product_cat":[19443,26389,26895,24042,25842],"product_tag":[],"class_list":{"0":"post-243320","1":"product","2":"type-product","3":"status-publish","4":"has-post-thumbnail","6":"product_cat-bain-et-corps","7":"product_cat-bois-de-santal","8":"product_cat-boise","9":"product_cat-huiles-de-massage","10":"product_cat-senteurs-aromes","11":"pa_collection-massage-and-bath-oils-1kg-fr","12":"pa_made-in-royaume-uni","14":"first","15":"instock","16":"purchasable","17":"product-type-simple"},"supplier_id":null,"supplier_sku":"MOB-03","barcode":null,"atum_controlled":true,"out_stock_date":null,"out_stock_threshold":null,"inheritable":false,"inbound_stock":null,"stock_on_hold":0,"sold_today":0,"sales_last_days":0,"reserved_stock":null,"customer_returns":null,"warehouse_damage":null,"lost_in_post":null,"other_logs":null,"out_stock_days":0,"lost_sales":0,"has_location":null,"update_date":"2026-04-27T07:13:22","atum_locations":[],"atum_stock_status":"instock","restock_status":false,"low_stock_amount":"","sales_update_date":"2026-02-06T00:02:10","calc_backorders":null,"_links":{"self":[{"href":"https:\/\/aromasentia.com\/fr\/wp-json\/wp\/v2\/product\/243320","targetHints":{"allow":["GET"]}}],"collection":[{"href":"https:\/\/aromasentia.com\/fr\/wp-json\/wp\/v2\/product"}],"about":[{"href":"https:\/\/aromasentia.com\/fr\/wp-json\/wp\/v2\/types\/product"}],"replies":[{"embeddable":true,"href":"https:\/\/aromasentia.com\/fr\/wp-json\/wp\/v2\/comments?post=243320"}],"version-history":[{"count":0,"href":"https:\/\/aromasentia.com\/fr\/wp-json\/wp\/v2\/product\/243320\/revisions"}],"wp:featuredmedia":[{"embeddable":true,"href":"https:\/\/aromasentia.com\/fr\/wp-json\/wp\/v2\/media\/264978"}],"wp:attachment":[{"href":"https:\/\/aromasentia.com\/fr\/wp-json\/wp\/v2\/media?parent=243320"}],"wp:term":[{"taxonomy":"product_brand","embeddable":true,"href":"https:\/\/aromasentia.com\/fr\/wp-json\/wp\/v2\/product_brand?post=243320"},{"taxonomy":"product_cat","embeddable":true,"href":"https:\/\/aromasentia.com\/fr\/wp-json\/wp\/v2\/product_cat?post=243320"},{"taxonomy":"product_tag","embeddable":true,"href":"https:\/\/aromasentia.com\/fr\/wp-json\/wp\/v2\/product_tag?post=243320"}],"curies":[{"name":"wp","href":"https:\/\/api.w.org\/{rel}","templated":true}]}}