{"id":243316,"date":"2025-03-20T15:00:45","date_gmt":"2025-03-20T15:00:45","guid":{"rendered":"https:\/\/aromasentia.com\/product\/sensual-1kg-massage-oil\/"},"modified":"2025-06-23T19:20:01","modified_gmt":"2025-06-23T19:20:01","slug":"huile-de-bain-et-de-massage-sensuelle-1l","status":"publish","type":"product","link":"https:\/\/aromasentia.com\/fr\/huile-de-bain-et-de-massage-sensuelle-1l\/","title":{"rendered":"Huile de bain et de Massage &#8211; Sensuelle 1L"},"content":{"rendered":"<div class=\"description\"><strong><span style=\"color: rgb(75, 80, 88);\">Ingr\u00e9dients :&nbsp;<\/span><\/strong>Huiles Essentielles d&rsquo;Ylang Ylang, Orange &amp; Patchouli m\u00e9lang\u00e9 \u00e0 de l&rsquo;huile de p\u00e9pins de raisin.&nbsp;<\/div>\n<div class=\"description\">Les huiles de massage Ancient Wisdom sont savamment m\u00e9lang\u00e9es.&nbsp;<\/div>\n<p><\/p>\n<div class=\"description\">Non seulement elles sont con&ccedil;ues pour un excellent massage, mais chacune est infus\u00e9 d&rsquo;huiles essentielles, ce qui ajoute quelque chose de sp\u00e9cial.&nbsp;<\/div>\n<div class=\"description\">L&rsquo;huile de massage sensuelle est m\u00e9lang\u00e9e pour faire ce que son nom l&rsquo;indique. Le m\u00e9lange est con&ccedil;u pour stimuler les sens et les centres de plaisir du cerveau pour un massage sensuel ultime.&nbsp;<\/div>\n<p><\/p>\n<div class=\"description\">Allerg\u00e8nes : Limon\u00e8ne, Benzoate de Benzyle, Salicylate de Benzyle, Linalol, Farn\u00e9sol, Eug\u00e9nol, Isoeug\u00e9nol et Citral.<\/p>\n<\/div>\n","protected":false},"excerpt":{"rendered":"<p>Ingr\u00e9dients :&nbsp;Huiles Essentielles d&rsquo;Ylang Ylang, Orange &amp; Patchouli m\u00e9lang\u00e9 \u00e0 de l&rsquo;huile de p\u00e9pins de raisin.&nbsp; Les huiles de massage Ancient Wisdom sont savamment m\u00e9lang\u00e9es.&nbsp; Non seulement elles sont con&ccedil;ues pour un excellent massage, mais chacune est infus\u00e9 d&rsquo;huiles essentielles, ce qui ajoute quelque chose de sp\u00e9cial.&nbsp; L&rsquo;huile de massage sensuelle est m\u00e9lang\u00e9e pour faire [&hellip;]<\/p>\n","protected":false},"featured_media":264969,"comment_status":"closed","ping_status":"open","template":"","meta":[],"product_brand":[],"product_cat":[19443,24042],"product_tag":[],"class_list":{"0":"post-243316","1":"product","2":"type-product","3":"status-publish","4":"has-post-thumbnail","6":"product_cat-bain-et-corps","7":"product_cat-huiles-de-massage","8":"pa_collection-massage-and-bath-oils-1kg-fr","9":"pa_made-in-royaume-uni","11":"first","12":"instock","13":"purchasable","14":"product-type-simple"},"supplier_id":null,"supplier_sku":"MOB-02","barcode":null,"atum_controlled":true,"out_stock_date":null,"out_stock_threshold":null,"inheritable":false,"inbound_stock":null,"stock_on_hold":0,"sold_today":0,"sales_last_days":0,"reserved_stock":null,"customer_returns":null,"warehouse_damage":null,"lost_in_post":null,"other_logs":null,"out_stock_days":0,"lost_sales":0,"has_location":null,"update_date":"2026-01-30T10:37:53","atum_locations":[],"atum_stock_status":"instock","restock_status":false,"low_stock_amount":"","sales_update_date":"2025-09-05T00:17:00","calc_backorders":null,"_links":{"self":[{"href":"https:\/\/aromasentia.com\/fr\/wp-json\/wp\/v2\/product\/243316","targetHints":{"allow":["GET"]}}],"collection":[{"href":"https:\/\/aromasentia.com\/fr\/wp-json\/wp\/v2\/product"}],"about":[{"href":"https:\/\/aromasentia.com\/fr\/wp-json\/wp\/v2\/types\/product"}],"replies":[{"embeddable":true,"href":"https:\/\/aromasentia.com\/fr\/wp-json\/wp\/v2\/comments?post=243316"}],"version-history":[{"count":0,"href":"https:\/\/aromasentia.com\/fr\/wp-json\/wp\/v2\/product\/243316\/revisions"}],"wp:featuredmedia":[{"embeddable":true,"href":"https:\/\/aromasentia.com\/fr\/wp-json\/wp\/v2\/media\/264969"}],"wp:attachment":[{"href":"https:\/\/aromasentia.com\/fr\/wp-json\/wp\/v2\/media?parent=243316"}],"wp:term":[{"taxonomy":"product_brand","embeddable":true,"href":"https:\/\/aromasentia.com\/fr\/wp-json\/wp\/v2\/product_brand?post=243316"},{"taxonomy":"product_cat","embeddable":true,"href":"https:\/\/aromasentia.com\/fr\/wp-json\/wp\/v2\/product_cat?post=243316"},{"taxonomy":"product_tag","embeddable":true,"href":"https:\/\/aromasentia.com\/fr\/wp-json\/wp\/v2\/product_tag?post=243316"}],"curies":[{"name":"wp","href":"https:\/\/api.w.org\/{rel}","templated":true}]}}