{"id":243312,"date":"2025-03-20T15:00:45","date_gmt":"2025-03-20T15:00:45","guid":{"rendered":"https:\/\/aromasentia.com\/product\/relaxing-1kg-massage-oil\/"},"modified":"2025-06-23T19:20:01","modified_gmt":"2025-06-23T19:20:01","slug":"huile-de-bain-et-de-massage-relaxante-1l","status":"publish","type":"product","link":"https:\/\/aromasentia.com\/fr\/huile-de-bain-et-de-massage-relaxante-1l\/","title":{"rendered":"Huile de bain et de Massage &#8211; Relaxante 1L"},"content":{"rendered":"<div class=\"description\">Stimule le corps.&nbsp;<\/div>\n<div class=\"description\">Restaure la peau.&nbsp;<\/div>\n<div class=\"description\">Contient un m\u00e9lange d&rsquo;huiles essentielles 100 % naturelles&nbsp;<\/div>\n<p><\/p>\n<div class=\"description\">Le m\u00e9lange relaxant sp\u00e9cial d&rsquo;ingr\u00e9dients comprend de l&rsquo;huile de lavande associ\u00e9e \u00e0 des huiles essentielles de fenouil, de menthe poivr\u00e9e et de camomille dans une riche huile de p\u00e9pins de raisin.&nbsp;<\/div>\n<div class=\"description\">Cette huile relaxante pour le bain et le massage est m\u00e9lang\u00e9e pour combattre le stress et les tensions de la vie quotidienne.&nbsp;<\/div>\n<p><\/p>\n<div class=\"description\">Les ingr\u00e9dients soigneusement m\u00e9lang\u00e9s sont con&ccedil;us pour aider \u00e0 r\u00e9soudre de nombreux probl\u00e8mes diff\u00e9rents, notamment ; d\u00e9pression, maux de t\u00eate, tension, migraine, nervosit\u00e9 et stress. Il a \u00e9galement de grandes propri\u00e9t\u00e9s qui laisseront la peau se sentir bien.&nbsp;<\/div>\n<p><\/p>\n<div class=\"description\">Massez simplement la peau ou ajoutez quelques gouttes \u00e0 votre bain pour profiter de cette huile de bain et de massage relaxante en gros d&rsquo;AromaSentia. Versez une quantit\u00e9 d&rsquo;huile dans la paume, frottez les deux paumes ensemble pour g\u00e9n\u00e9rer de la chaleur avant d&rsquo;appliquer l&rsquo;huile de massage sur la peau. Massez comme vous le souhaitez.<\/p>\n<\/div>\n","protected":false},"excerpt":{"rendered":"<p>Stimule le corps.&nbsp; Restaure la peau.&nbsp; Contient un m\u00e9lange d&rsquo;huiles essentielles 100 % naturelles&nbsp; Le m\u00e9lange relaxant sp\u00e9cial d&rsquo;ingr\u00e9dients comprend de l&rsquo;huile de lavande associ\u00e9e \u00e0 des huiles essentielles de fenouil, de menthe poivr\u00e9e et de camomille dans une riche huile de p\u00e9pins de raisin.&nbsp; Cette huile relaxante pour le bain et le massage est [&hellip;]<\/p>\n","protected":false},"featured_media":264952,"comment_status":"closed","ping_status":"open","template":"","meta":[],"product_brand":[],"product_cat":[19443,24042],"product_tag":[],"class_list":{"0":"post-243312","1":"product","2":"type-product","3":"status-publish","4":"has-post-thumbnail","6":"product_cat-bain-et-corps","7":"product_cat-huiles-de-massage","8":"pa_collection-massage-and-bath-oils-1kg-fr","9":"pa_made-in-royaume-uni","11":"first","12":"instock","13":"purchasable","14":"product-type-simple"},"supplier_id":null,"supplier_sku":"MOB-01","barcode":null,"atum_controlled":true,"out_stock_date":null,"out_stock_threshold":null,"inheritable":false,"inbound_stock":null,"stock_on_hold":0,"sold_today":0,"sales_last_days":0,"reserved_stock":null,"customer_returns":null,"warehouse_damage":null,"lost_in_post":null,"other_logs":null,"out_stock_days":0,"lost_sales":0,"has_location":null,"update_date":"2026-01-30T01:24:54","atum_locations":[],"atum_stock_status":"instock","restock_status":false,"low_stock_amount":"","sales_update_date":"2026-01-30T01:24:54","calc_backorders":null,"_links":{"self":[{"href":"https:\/\/aromasentia.com\/fr\/wp-json\/wp\/v2\/product\/243312","targetHints":{"allow":["GET"]}}],"collection":[{"href":"https:\/\/aromasentia.com\/fr\/wp-json\/wp\/v2\/product"}],"about":[{"href":"https:\/\/aromasentia.com\/fr\/wp-json\/wp\/v2\/types\/product"}],"replies":[{"embeddable":true,"href":"https:\/\/aromasentia.com\/fr\/wp-json\/wp\/v2\/comments?post=243312"}],"version-history":[{"count":0,"href":"https:\/\/aromasentia.com\/fr\/wp-json\/wp\/v2\/product\/243312\/revisions"}],"wp:featuredmedia":[{"embeddable":true,"href":"https:\/\/aromasentia.com\/fr\/wp-json\/wp\/v2\/media\/264952"}],"wp:attachment":[{"href":"https:\/\/aromasentia.com\/fr\/wp-json\/wp\/v2\/media?parent=243312"}],"wp:term":[{"taxonomy":"product_brand","embeddable":true,"href":"https:\/\/aromasentia.com\/fr\/wp-json\/wp\/v2\/product_brand?post=243312"},{"taxonomy":"product_cat","embeddable":true,"href":"https:\/\/aromasentia.com\/fr\/wp-json\/wp\/v2\/product_cat?post=243312"},{"taxonomy":"product_tag","embeddable":true,"href":"https:\/\/aromasentia.com\/fr\/wp-json\/wp\/v2\/product_tag?post=243312"}],"curies":[{"name":"wp","href":"https:\/\/api.w.org\/{rel}","templated":true}]}}