{"id":243264,"date":"2025-03-20T15:01:07","date_gmt":"2025-03-20T15:01:07","guid":{"rendered":"https:\/\/aromasentia.com\/product\/wellbeing-1kg-massage-oil\/"},"modified":"2025-06-23T19:19:53","modified_gmt":"2025-06-23T19:19:53","slug":"huile-de-bain-et-de-massage-bien-etre-1l","status":"publish","type":"product","link":"https:\/\/aromasentia.com\/fr\/huile-de-bain-et-de-massage-bien-etre-1l\/","title":{"rendered":"Huile de bain et de Massage &#8211; Bien-\u00eatre 1L"},"content":{"rendered":"<p>Nourrissez votre vitalit\u00e9 g\u00e9n\u00e9rale avec notre huile de massage Wellbeing 1Kg. Ce m\u00e9lange holistique a \u00e9t\u00e9 soigneusement \u00e9labor\u00e9 \u00e0 partir d&rsquo;une s\u00e9lection harmonieuse d&rsquo;huiles essentielles et de supports nourrissants con\u00e7us pour favoriser l&rsquo;\u00e9quilibre physique et \u00e9motionnel. Son ar\u00f4me r\u00e9confortant aide \u00e0 apaiser le stress, \u00e0 remonter le moral et \u00e0 promouvoir un sentiment de paix int\u00e9rieure et de r\u00e9silience. Id\u00e9ale pour un massage r\u00e9parateur, elle encourage la relaxation, rajeunit les muscles fatigu\u00e9s et vous laisse centr\u00e9, revitalis\u00e9 et impr\u00e9gn\u00e9 d&rsquo;un sentiment de bien-\u00eatre complet.<\/p>\n","protected":false},"excerpt":{"rendered":"<p>Nourrissez votre vitalit\u00e9 g\u00e9n\u00e9rale avec notre huile de massage Wellbeing 1Kg. Ce m\u00e9lange holistique a \u00e9t\u00e9 soigneusement \u00e9labor\u00e9 \u00e0 partir d&rsquo;une s\u00e9lection harmonieuse d&rsquo;huiles essentielles et de supports nourrissants con\u00e7us pour favoriser l&rsquo;\u00e9quilibre physique et \u00e9motionnel. Son ar\u00f4me r\u00e9confortant aide \u00e0 apaiser le stress, \u00e0 remonter le moral et \u00e0 promouvoir un sentiment de paix [&hellip;]<\/p>\n","protected":false},"featured_media":265312,"comment_status":"closed","ping_status":"open","template":"","meta":[],"product_brand":[],"product_cat":[19443,24042],"product_tag":[],"class_list":{"0":"post-243264","1":"product","2":"type-product","3":"status-publish","4":"has-post-thumbnail","6":"product_cat-bain-et-corps","7":"product_cat-huiles-de-massage","8":"pa_collection-massage-and-bath-oils-1kg-fr","9":"pa_made-in-royaume-uni","11":"first","12":"instock","13":"purchasable","14":"product-type-simple"},"supplier_id":null,"supplier_sku":"MOB-17","barcode":null,"atum_controlled":true,"out_stock_date":null,"out_stock_threshold":null,"inheritable":false,"inbound_stock":null,"stock_on_hold":0,"sold_today":0,"sales_last_days":0,"reserved_stock":null,"customer_returns":null,"warehouse_damage":null,"lost_in_post":null,"other_logs":null,"out_stock_days":0,"lost_sales":0,"has_location":null,"update_date":"2026-01-30T01:24:35","atum_locations":[],"atum_stock_status":"instock","restock_status":false,"low_stock_amount":"","sales_update_date":"2026-01-30T01:24:35","calc_backorders":null,"_links":{"self":[{"href":"https:\/\/aromasentia.com\/fr\/wp-json\/wp\/v2\/product\/243264","targetHints":{"allow":["GET"]}}],"collection":[{"href":"https:\/\/aromasentia.com\/fr\/wp-json\/wp\/v2\/product"}],"about":[{"href":"https:\/\/aromasentia.com\/fr\/wp-json\/wp\/v2\/types\/product"}],"replies":[{"embeddable":true,"href":"https:\/\/aromasentia.com\/fr\/wp-json\/wp\/v2\/comments?post=243264"}],"version-history":[{"count":0,"href":"https:\/\/aromasentia.com\/fr\/wp-json\/wp\/v2\/product\/243264\/revisions"}],"wp:featuredmedia":[{"embeddable":true,"href":"https:\/\/aromasentia.com\/fr\/wp-json\/wp\/v2\/media\/265312"}],"wp:attachment":[{"href":"https:\/\/aromasentia.com\/fr\/wp-json\/wp\/v2\/media?parent=243264"}],"wp:term":[{"taxonomy":"product_brand","embeddable":true,"href":"https:\/\/aromasentia.com\/fr\/wp-json\/wp\/v2\/product_brand?post=243264"},{"taxonomy":"product_cat","embeddable":true,"href":"https:\/\/aromasentia.com\/fr\/wp-json\/wp\/v2\/product_cat?post=243264"},{"taxonomy":"product_tag","embeddable":true,"href":"https:\/\/aromasentia.com\/fr\/wp-json\/wp\/v2\/product_tag?post=243264"}],"curies":[{"name":"wp","href":"https:\/\/api.w.org\/{rel}","templated":true}]}}