{"id":243260,"date":"2025-03-20T15:01:07","date_gmt":"2025-03-20T15:01:07","guid":{"rendered":"https:\/\/aromasentia.com\/product\/clear-skin-1kg-massage-oil\/"},"modified":"2025-06-23T19:19:52","modified_gmt":"2025-06-23T19:19:52","slug":"huile-de-bain-et-de-massage-peau-nette-1l","status":"publish","type":"product","link":"https:\/\/aromasentia.com\/fr\/huile-de-bain-et-de-massage-peau-nette-1l\/","title":{"rendered":"Huile de bain et de Massage &#8211; Peau Nette 1L"},"content":{"rendered":"<div class=\"description\">Ingr\u00e9dients : Arbre \u00e0 Th\u00e9, Huile Essentielle de Pamplemousse et G\u00e9ranium m\u00e9lang\u00e9 \u00e0 de l&rsquo;huile de p\u00e9pins de raisin.&nbsp;<\/div>\n<p><\/p>\n<div class=\"description\">Les huiles de massage Ancient Wisdom sont savamment m\u00e9lang\u00e9es. Non seulement elles sont con&ccedil;ues pour un excellent massage, mais chacune est infus\u00e9e d&rsquo;huiles essentielles, ce qui ajoute quelque chose de sp\u00e9cial.&nbsp;<\/div>\n<p><\/p>\n<div class=\"description\">L&rsquo;huile de massage pour peau nette est m\u00e9lang\u00e9e pour aider une vari\u00e9t\u00e9 de probl\u00e8mes de peaux li\u00e9s. Les propri\u00e9t\u00e9s antiseptiques de l&rsquo;huile d&rsquo;arbre \u00e0 th\u00e9 peuvent aider \u00e0 \u00e9claircir un certain nombre de probl\u00e8mes de peau tels que les t\u00e2ches et divers types d&rsquo;infection. Les huiles de pamplemousse et de g\u00e9ranium aideront \u00e0 garder la peau non grasse et agiront comme astringents.&nbsp;<\/div>\n<p><\/p>\n<div class=\"description\">Allerg\u00e8nes : Limon\u00e8ne, Citronellol, G\u00e9raniol, Linalol et Citral.<\/div>\n","protected":false},"excerpt":{"rendered":"<p>Ingr\u00e9dients : Arbre \u00e0 Th\u00e9, Huile Essentielle de Pamplemousse et G\u00e9ranium m\u00e9lang\u00e9 \u00e0 de l&rsquo;huile de p\u00e9pins de raisin.&nbsp; Les huiles de massage Ancient Wisdom sont savamment m\u00e9lang\u00e9es. Non seulement elles sont con&ccedil;ues pour un excellent massage, mais chacune est infus\u00e9e d&rsquo;huiles essentielles, ce qui ajoute quelque chose de sp\u00e9cial.&nbsp; L&rsquo;huile de massage pour peau [&hellip;]<\/p>\n","protected":false},"featured_media":265287,"comment_status":"closed","ping_status":"open","template":"","meta":{"_angie_page":false},"product_brand":[],"product_cat":[19443,24042],"product_tag":[],"class_list":{"0":"post-243260","1":"product","2":"type-product","3":"status-publish","4":"has-post-thumbnail","6":"product_cat-bain-et-corps","7":"product_cat-huiles-de-massage","8":"pa_collection-massage-and-bath-oils-1kg-fr","9":"pa_made-in-royaume-uni","11":"first","12":"instock","13":"purchasable","14":"product-type-simple"},"supplier_id":null,"supplier_sku":"MOB-16","barcode":null,"atum_controlled":true,"out_stock_date":null,"out_stock_threshold":null,"inheritable":false,"inbound_stock":0,"stock_on_hold":0,"sold_today":0,"sales_last_days":0,"reserved_stock":0,"customer_returns":0,"warehouse_damage":0,"lost_in_post":0,"other_logs":0,"out_stock_days":0,"lost_sales":0,"has_location":false,"update_date":"2026-04-29T05:08:19","atum_locations":[],"atum_stock_status":"instock","restock_status":false,"low_stock_amount":"","sales_update_date":"2026-01-30T01:24:52","calc_backorders":null,"_links":{"self":[{"href":"https:\/\/aromasentia.com\/fr\/wp-json\/wp\/v2\/product\/243260","targetHints":{"allow":["GET"]}}],"collection":[{"href":"https:\/\/aromasentia.com\/fr\/wp-json\/wp\/v2\/product"}],"about":[{"href":"https:\/\/aromasentia.com\/fr\/wp-json\/wp\/v2\/types\/product"}],"replies":[{"embeddable":true,"href":"https:\/\/aromasentia.com\/fr\/wp-json\/wp\/v2\/comments?post=243260"}],"version-history":[{"count":0,"href":"https:\/\/aromasentia.com\/fr\/wp-json\/wp\/v2\/product\/243260\/revisions"}],"wp:featuredmedia":[{"embeddable":true,"href":"https:\/\/aromasentia.com\/fr\/wp-json\/wp\/v2\/media\/265287"}],"wp:attachment":[{"href":"https:\/\/aromasentia.com\/fr\/wp-json\/wp\/v2\/media?parent=243260"}],"wp:term":[{"taxonomy":"product_brand","embeddable":true,"href":"https:\/\/aromasentia.com\/fr\/wp-json\/wp\/v2\/product_brand?post=243260"},{"taxonomy":"product_cat","embeddable":true,"href":"https:\/\/aromasentia.com\/fr\/wp-json\/wp\/v2\/product_cat?post=243260"},{"taxonomy":"product_tag","embeddable":true,"href":"https:\/\/aromasentia.com\/fr\/wp-json\/wp\/v2\/product_tag?post=243260"}],"curies":[{"name":"wp","href":"https:\/\/api.w.org\/{rel}","templated":true}]}}