{"id":243256,"date":"2025-03-20T15:01:07","date_gmt":"2025-03-20T15:01:07","guid":{"rendered":"https:\/\/aromasentia.com\/product\/nag-champa-1kg-massage-oil\/"},"modified":"2025-06-23T19:19:52","modified_gmt":"2025-06-23T19:19:52","slug":"huile-de-bain-et-de-massage-nag-champa-1l","status":"publish","type":"product","link":"https:\/\/aromasentia.com\/fr\/huile-de-bain-et-de-massage-nag-champa-1l\/","title":{"rendered":"Huile de bain et de Massage &#8211; Nag Champa 1L"},"content":{"rendered":"<div class=\"description\"><strong><span style=\"color: rgb(75, 80, 88);\">Ingr\u00e9dients :<\/span><\/strong> Huile parfum\u00e9e Nag Champa m\u00e9lang\u00e9e \u00e0 de l&rsquo;huile de p\u00e9pins de raisin.&nbsp;<\/div>\n<p><\/p>\n<div class=\"description\">Les huiles de massage Ancient Wisdom sont savamment m\u00e9lang\u00e9es. Non seulement elles sont con&ccedil;ues pour un excellent massage, mais chacune est infus\u00e9e d&rsquo;huiles essentielles, ce qui ajoute quelque chose de sp\u00e9cial.&nbsp;<\/div>\n<div class=\"description\">L&rsquo;huile de massage Nag Champa est m\u00e9lang\u00e9e au parfum l\u00e9gendaire Nag Champa.<\/div>\n<div class=\"description\">L&rsquo;ar\u00f4me capiteux du Nag Champa vous assurera une exp\u00e9rience de massage sensuel et relaxant.&nbsp;<\/div>\n<p><\/p>\n<div class=\"description\">Allerg\u00e8nes : Hexyl Cinnamal, Benzyl Salicylate et Citronellol<\/p>\n<\/div>\n","protected":false},"excerpt":{"rendered":"<p>Ingr\u00e9dients : Huile parfum\u00e9e Nag Champa m\u00e9lang\u00e9e \u00e0 de l&rsquo;huile de p\u00e9pins de raisin.&nbsp; Les huiles de massage Ancient Wisdom sont savamment m\u00e9lang\u00e9es. Non seulement elles sont con&ccedil;ues pour un excellent massage, mais chacune est infus\u00e9e d&rsquo;huiles essentielles, ce qui ajoute quelque chose de sp\u00e9cial.&nbsp; L&rsquo;huile de massage Nag Champa est m\u00e9lang\u00e9e au parfum l\u00e9gendaire [&hellip;]<\/p>\n","protected":false},"featured_media":265262,"comment_status":"closed","ping_status":"open","template":"","meta":{"_angie_page":false},"product_brand":[],"product_cat":[19443,24042],"product_tag":[],"class_list":{"0":"post-243256","1":"product","2":"type-product","3":"status-publish","4":"has-post-thumbnail","6":"product_cat-bain-et-corps","7":"product_cat-huiles-de-massage","8":"pa_collection-massage-and-bath-oils-1kg-fr","9":"pa_made-in-royaume-uni","11":"first","12":"instock","13":"purchasable","14":"product-type-simple"},"supplier_id":null,"supplier_sku":"MOB-15","barcode":null,"atum_controlled":true,"out_stock_date":null,"out_stock_threshold":null,"inheritable":false,"inbound_stock":null,"stock_on_hold":0,"sold_today":0,"sales_last_days":0,"reserved_stock":null,"customer_returns":null,"warehouse_damage":null,"lost_in_post":null,"other_logs":null,"out_stock_days":0,"lost_sales":0,"has_location":null,"update_date":"2026-05-04T00:03:58","atum_locations":[],"atum_stock_status":"instock","restock_status":false,"low_stock_amount":"","sales_update_date":"2026-01-30T01:26:09","calc_backorders":null,"_links":{"self":[{"href":"https:\/\/aromasentia.com\/fr\/wp-json\/wp\/v2\/product\/243256","targetHints":{"allow":["GET"]}}],"collection":[{"href":"https:\/\/aromasentia.com\/fr\/wp-json\/wp\/v2\/product"}],"about":[{"href":"https:\/\/aromasentia.com\/fr\/wp-json\/wp\/v2\/types\/product"}],"replies":[{"embeddable":true,"href":"https:\/\/aromasentia.com\/fr\/wp-json\/wp\/v2\/comments?post=243256"}],"version-history":[{"count":0,"href":"https:\/\/aromasentia.com\/fr\/wp-json\/wp\/v2\/product\/243256\/revisions"}],"wp:featuredmedia":[{"embeddable":true,"href":"https:\/\/aromasentia.com\/fr\/wp-json\/wp\/v2\/media\/265262"}],"wp:attachment":[{"href":"https:\/\/aromasentia.com\/fr\/wp-json\/wp\/v2\/media?parent=243256"}],"wp:term":[{"taxonomy":"product_brand","embeddable":true,"href":"https:\/\/aromasentia.com\/fr\/wp-json\/wp\/v2\/product_brand?post=243256"},{"taxonomy":"product_cat","embeddable":true,"href":"https:\/\/aromasentia.com\/fr\/wp-json\/wp\/v2\/product_cat?post=243256"},{"taxonomy":"product_tag","embeddable":true,"href":"https:\/\/aromasentia.com\/fr\/wp-json\/wp\/v2\/product_tag?post=243256"}],"curies":[{"name":"wp","href":"https:\/\/api.w.org\/{rel}","templated":true}]}}